{"id":984,"date":"2020-11-30T14:12:40","date_gmt":"2020-11-30T14:12:40","guid":{"rendered":"\/docs-mcloud\/hilfe\/zielgruppendefinition\/numerische-werte\/"},"modified":"2026-03-19T09:58:07","modified_gmt":"2026-03-19T09:58:07","slug":"numerische-werte","status":"publish","type":"page","link":"\/docs-mcloud\/hilfe\/numerische-werte\/","title":{"rendered":"Numerische Werte"},"content":{"rendered":"\n<h2 class=\"wp-block-heading\">Ausweisung einer Variable<\/h2>\n\n\n\n<p>Einzelne Fragen wie Haushaltsnettoeinkommen sind als numerische Variablen im Datensatz abgelegt.<\/p>\n\n\n\n<figure class=\"wp-block-image size-large\"><a href=\"\/docs-mcloud\/wp-content\/uploads\/sites\/4\/2020\/11\/ZGLayout8.png\"><img loading=\"lazy\" decoding=\"async\" width=\"415\" height=\"81\" src=\"\/docs-mcloud\/wp-content\/uploads\/sites\/4\/2020\/11\/ZGLayout8.png\" alt=\"\" class=\"wp-image-987\" srcset=\"\/docs-mcloud\/wp-content\/uploads\/sites\/4\/2020\/11\/ZGLayout8.png 415w, \/docs-mcloud\/wp-content\/uploads\/sites\/4\/2020\/11\/ZGLayout8-300x59.png 300w\" sizes=\"auto, (max-width: 415px) 100vw, 415px\" \/><\/a><\/figure>\n\n\n\n<p>Das Symbol \u00d8 bedeutet, dass der ausgewiesene Wert als Durchschnitt \u00fcber alle Eintr\u00e4ge berechnet wurde. Unabh\u00e4ngig von der gew\u00e4hlten Darstellung, wird der Wert immer in der W\u00e4hrung der Variablen ausgewiesen, Einkommen in Euro, Alter in Jahren etc.<\/p>\n\n\n\n<p>Mit Klick auf das das Stift-Symbol \u00f6ffnet sich ein Auswahlfenster mit unterschiedlichen Optionen.<\/p>\n\n\n\n<figure class=\"wp-block-gallery has-nested-images columns-default is-cropped wp-block-gallery-1 is-layout-flex wp-block-gallery-is-layout-flex\">\n<figure class=\"wp-block-image size-large\"><a href=\"\/docs-mcloud\/wp-content\/uploads\/sites\/4\/2020\/11\/ZGLayout9-2.png\"><img loading=\"lazy\" decoding=\"async\" width=\"297\" height=\"422\" data-id=\"1013\" src=\"\/docs-mcloud\/wp-content\/uploads\/sites\/4\/2020\/11\/ZGLayout9-2.png\" alt=\"\" class=\"wp-image-1013\" srcset=\"\/docs-mcloud\/wp-content\/uploads\/sites\/4\/2020\/11\/ZGLayout9-2.png 297w, \/docs-mcloud\/wp-content\/uploads\/sites\/4\/2020\/11\/ZGLayout9-2-211x300.png 211w\" sizes=\"auto, (max-width: 297px) 100vw, 297px\" \/><\/a><\/figure>\n\n\n\n<figure class=\"wp-block-image size-large\"><a href=\"\/docs-mcloud\/wp-content\/uploads\/sites\/4\/2020\/11\/ZGLayout10-4.png\"><img loading=\"lazy\" decoding=\"async\" width=\"415\" height=\"597\" data-id=\"1015\" src=\"\/docs-mcloud\/wp-content\/uploads\/sites\/4\/2020\/11\/ZGLayout10-4.png\" alt=\"\" class=\"wp-image-1015\" srcset=\"\/docs-mcloud\/wp-content\/uploads\/sites\/4\/2020\/11\/ZGLayout10-4.png 415w, \/docs-mcloud\/wp-content\/uploads\/sites\/4\/2020\/11\/ZGLayout10-4-209x300.png 209w\" sizes=\"auto, (max-width: 415px) 100vw, 415px\" \/><\/a><\/figure>\n<figcaption class=\"blocks-gallery-caption wp-element-caption\">Beispiele numerische Felder: hier pers\u00f6nliches Netto-Einkommen<\/figcaption><\/figure>\n\n\n\n<figure class=\"wp-block-table is-style-stripes\"><table><thead><tr><th>Option<\/th><th>Beschreibung<\/th><\/tr><\/thead><tbody><tr><td>Bereich<\/td><td>\u00dcber die Auswahl k\u00f6nnen Sie einen Wertebereich frei definieren, z.B. Alter zwischen 15 und 23 Jahren.<\/td><\/tr><tr><td>Durchschnitt \u00d8<\/td><td>kann entweder inklusive Null oder exklusive Null berechnet werden.<\/td><\/tr><tr><td>Median<\/td><td>ist derjenige Messwert, der genau \u201ein der Mitte\u201c steht, wenn man die Messwerte der Gr\u00f6\u00dfe nach sortiert. Beispielsweise ist f\u00fcr die ungeordnete Urliste 4, 1, 37, 2, 1 der Messwert 2 der Median, der zentrale Wert in der geordneten Urliste 1, 1, 2, 4, 37.<\/td><\/tr><tr><td>Min\/Max<\/td><td>kleinster \/ gr\u00f6\u00dfter Wert<\/td><\/tr><tr><td>Quartil \/ 3. Quartil<\/td><td>Das 1. Quartil (0.25-Quartil) teilt eine der Gr\u00f6\u00dfe nach geordnete Stichprobenliste so in zwei Teile, dass 25% der Werte unterhalb dieses Quartils liegen und der Rest dar\u00fcber. Bei dem 3. Quartil (0.75-Quartil) wird die Liste so geteilt, dass 75% der Werte unterhalb dieses Grenzwertes liegen.<br>1. Quartil: \u00bc aller Personen haben ein pers\u00f6nliches Netto-Einkommen bis zu \u20ac 875,-<br>3. Quartil: \u00be alle Personen haben ein pers\u00f6nliches Netto-Einkommen bis zu \u20ac 2.125,-<\/td><\/tr><tr><td>Brutto<\/td><td>\u00dcber die Option werden alle Werte dieses Merkmals aufaddiert<\/td><\/tr><tr><td>Werteliste<\/td><td>Es \u00f6ffnet sich ein Eingabefeld, in das Werte entweder direkt oder \u00fcber die Zwischenablage eingef\u00fcgt werden k\u00f6nnen, z.B. Gebietsdefinitionen \u00fcber Gemeindekennziffern.<\/td><\/tr><\/tbody><\/table><\/figure>\n\n\n\n<p><\/p>\n\n\n\n<h2 class=\"wp-block-heading\">Ausweisung mehrerer Variablen<\/h2>\n\n\n\n<p>Neben der Ausweisung einer Variable besteht die M\u00f6glichkeit der Individualisierung.<br>Nutze die vorhandenen Datenwerte und erstelle Anfangs- und Endwerte, automatisierte Ranges und generiere (mehrfach) direkt deine individuellen Breaks\/Abstufungen.<\/p>\n\n\n\n<figure class=\"wp-block-image size-full\"><img loading=\"lazy\" decoding=\"async\" width=\"324\" height=\"86\" src=\"\/docs-mcloud\/wp-content\/uploads\/sites\/4\/2026\/03\/image.png\" alt=\"\" class=\"wp-image-3075\" srcset=\"\/docs-mcloud\/wp-content\/uploads\/sites\/4\/2026\/03\/image.png 324w, \/docs-mcloud\/wp-content\/uploads\/sites\/4\/2026\/03\/image-300x80.png 300w\" sizes=\"auto, (max-width: 324px) 100vw, 324px\" \/><\/figure>\n\n\n\n<figure class=\"wp-block-table is-style-stripes\"><table><thead><tr><th>Option<\/th><th>Beschreibung<\/th><\/tr><\/thead><tbody><tr><td>Mehrere Gruppen erstellen<\/td><td>Erstelle dir mehrere individuelle Vorgaben (Gruppen) basierend auf den o.g. Werteoptionen.<\/td><\/tr><tr><td>Schritte definieren<\/td><td>Bei allen mathematischen Operationen sowie im Optionsfeld <em>Bereich<\/em> bestehen weitere Individualisierungsm\u00f6glichkeiten.<br><\/td><\/tr><\/tbody><\/table><\/figure>\n\n\n\n<p><strong>Bei mathematischen Operationen<\/strong> <\/p>\n\n\n\n<p>Es wird ein <em>Startwert<\/em> sowie die <em>Schritte<\/em> (Abstufungen\/Range) festgelegt. Bei <em>Anzahl<\/em> gilt der eingegebene Wert f\u00fcr die Wiederholungen der Schritte\/Abstufungen\/Range. Beim <em>Endwert<\/em> wird die Grenze\/das Limit des zu erreichenden Skalenwertes eingetragen &#8211; dieser wird nicht \u00fcberschritten.<\/p>\n\n\n\n<figure class=\"wp-block-image size-full\"><img loading=\"lazy\" decoding=\"async\" width=\"252\" height=\"138\" src=\"\/docs-mcloud\/wp-content\/uploads\/sites\/4\/2026\/03\/image-1.png\" alt=\"\" class=\"wp-image-3076\" \/><\/figure>\n\n\n\n<p><strong>Beim Bereichsfeld<\/strong> <\/p>\n\n\n\n<p>Der <em>Startwert<\/em> bei mathematischen Operationen wird ersetzt durch einen frei definierbaren <em>Anfangsbereich<\/em>. Neben <em>Schritte<\/em> (Abstufungen\/Range) ermittelt <em>Auto<\/em> die Differenz des <em>Anfangsbereiches.<\/em> <\/p>\n\n\n\n<p>Zus\u00e4tzlich wird f\u00fcr die Abstufungen festgelegt, ob nach der ersten Skala\/Abstufung eine \u00dcberlappung (<em>Exakt<\/em>) oder keine \u00dcberlappung (<em>Wert +1<\/em>) stattfindet. <\/p>\n\n\n\n<figure class=\"wp-block-image size-full\"><img loading=\"lazy\" decoding=\"async\" width=\"240\" height=\"200\" src=\"\/docs-mcloud\/wp-content\/uploads\/sites\/4\/2026\/03\/image-5.png\" alt=\"\" class=\"wp-image-3080\" \/><\/figure>\n\n\n\n<p>\u00dcber den Button <em>Gruppe hinzuf\u00fcgen<\/em> wird eine Vorschau (<em>Gruppen<\/em>) der definierten Parameter erstellt, bei der jede Skala\/Abstufung erneut editierbar ist.<\/p>\n\n\n\n<figure class=\"wp-block-image size-full\"><img loading=\"lazy\" decoding=\"async\" width=\"215\" height=\"208\" src=\"\/docs-mcloud\/wp-content\/uploads\/sites\/4\/2026\/03\/image-6.png\" alt=\"\" class=\"wp-image-3081\" \/><\/figure>\n\n\n\n<p>Durch Best\u00e4tigung des <em>OK<\/em>-Button wird die Vorschau direkt in die Tabellierung \u00fcbertragen.<\/p>\n\n\n\n<figure class=\"wp-block-image size-full\"><img loading=\"lazy\" decoding=\"async\" width=\"344\" height=\"316\" src=\"\/docs-mcloud\/wp-content\/uploads\/sites\/4\/2026\/03\/image-7.png\" alt=\"\" class=\"wp-image-3082\" srcset=\"\/docs-mcloud\/wp-content\/uploads\/sites\/4\/2026\/03\/image-7.png 344w, \/docs-mcloud\/wp-content\/uploads\/sites\/4\/2026\/03\/image-7-300x276.png 300w\" sizes=\"auto, (max-width: 344px) 100vw, 344px\" \/><\/figure>\n","protected":false},"excerpt":{"rendered":"<p>Ausweisung einer Variable Einzelne Fragen wie Haushaltsnettoeinkommen sind als numerische Variablen im Datensatz abgelegt. Das Symbol \u00d8 bedeutet, dass der ausgewiesene Wert als Durchschnitt \u00fcber alle Eintr\u00e4ge berechnet wurde. Unabh\u00e4ngig von der gew\u00e4hlten Darstellung, wird der Wert immer in der W\u00e4hrung der Variablen ausgewiesen, Einkommen in Euro, Alter in Jahren etc. Mit Klick auf das [&hellip;]<\/p>\n","protected":false},"author":4,"featured_media":0,"parent":5,"menu_order":12,"comment_status":"closed","ping_status":"closed","template":"","meta":{"_acf_changed":false,"inline_featured_image":false,"footnotes":""},"class_list":["post-984","page","type-page","status-publish","hentry"],"acf":[],"_links":{"self":[{"href":"\/docs-mcloud\/wp-json\/wp\/v2\/pages\/984","targetHints":{"allow":["GET"]}}],"collection":[{"href":"\/docs-mcloud\/wp-json\/wp\/v2\/pages"}],"about":[{"href":"\/docs-mcloud\/wp-json\/wp\/v2\/types\/page"}],"author":[{"embeddable":true,"href":"\/docs-mcloud\/wp-json\/wp\/v2\/users\/4"}],"replies":[{"embeddable":true,"href":"\/docs-mcloud\/wp-json\/wp\/v2\/comments?post=984"}],"version-history":[{"count":4,"href":"\/docs-mcloud\/wp-json\/wp\/v2\/pages\/984\/revisions"}],"predecessor-version":[{"id":3083,"href":"\/docs-mcloud\/wp-json\/wp\/v2\/pages\/984\/revisions\/3083"}],"up":[{"embeddable":true,"href":"\/docs-mcloud\/wp-json\/wp\/v2\/pages\/5"}],"wp:attachment":[{"href":"\/docs-mcloud\/wp-json\/wp\/v2\/media?parent=984"}],"curies":[{"name":"wp","href":"https:\/\/api.w.org\/{rel}","templated":true}]}}