{"id":940,"date":"2020-11-30T13:47:09","date_gmt":"2020-11-30T13:47:09","guid":{"rendered":"\/docs-mcloud\/hilfe\/zielgruppendefinition\/zusammengesetzte-zielgruppen\/erstellen-zusammengesetzter-zielgruppen\/"},"modified":"2026-02-24T08:19:22","modified_gmt":"2026-02-24T08:19:22","slug":"erstellen-zusammengesetzter-zielgruppen","status":"publish","type":"page","link":"\/docs-mcloud\/hilfe\/zielgruppe\/zusammengesetzte-zielgruppen\/erstellen-zusammengesetzter-zielgruppen\/","title":{"rendered":"Erstellen zusammengesetzter Zielgruppen"},"content":{"rendered":"\n<p>Markieren Sie die gew\u00fcnschten Einzelzielgruppen im Codeplan und ziehen Sie diese mit der Maus auf den Arbeitsbereich. Es k\u00f6nnen sowohl einzelne Merkmale als auch komplette Variablen auf das Arbeitsblatt gezogen werden. Die Zielgruppe wird als geschachtelte Box dargestellt.<\/p>\n\n\n\n<p>In der Titelzeile einer zusammengesetzten Zielgruppe werden die Bezeichnungen aller Zielgruppen und die Verkn\u00fcpfungsoperatoren \u00fcbernommen.<\/p>\n\n\n\n<p>Ist im <a href=\"\/docs-mcloud\/hilfe\/zielgruppe\/layout-der-zielgruppe\/\">Layout<\/a> die Option <em>Merkmale gruppieren<\/em> gew\u00e4hlt (Standardeinstellung), gilt:<\/p>\n\n\n\n<ul class=\"wp-block-list\">\n<li>Codepunkte eines Merkmals werden mit ODER verbunden<\/li>\n\n\n\n<li>Codepunkte, die zu unterschiedlichen Merkmalen\/ Fragen geh\u00f6ren, werden mit UND verkn\u00fcpft<\/li>\n<\/ul>\n\n\n\n<figure class=\"wp-block-image size-large\"><a href=\"\/docs-mcloud\/wp-content\/uploads\/sites\/4\/2020\/11\/ZGzusammen5.png\"><img loading=\"lazy\" decoding=\"async\" width=\"780\" height=\"189\" src=\"\/docs-mcloud\/wp-content\/uploads\/sites\/4\/2020\/11\/ZGzusammen5.png\" alt=\"\" class=\"wp-image-942\" srcset=\"\/docs-mcloud\/wp-content\/uploads\/sites\/4\/2020\/11\/ZGzusammen5.png 780w, \/docs-mcloud\/wp-content\/uploads\/sites\/4\/2020\/11\/ZGzusammen5-300x73.png 300w, \/docs-mcloud\/wp-content\/uploads\/sites\/4\/2020\/11\/ZGzusammen5-768x186.png 768w\" sizes=\"auto, (max-width: 780px) 100vw, 780px\" \/><\/a><figcaption class=\"wp-element-caption\">Automatische Verkn\u00fcpfung innerhalb eines Merkmals mit ODER<br><\/figcaption><\/figure>\n\n\n\n<figure class=\"wp-block-image size-large\"><a href=\"\/docs-mcloud\/wp-content\/uploads\/sites\/4\/2020\/11\/ZGzusammen6.png\"><img loading=\"lazy\" decoding=\"async\" width=\"784\" height=\"316\" src=\"\/docs-mcloud\/wp-content\/uploads\/sites\/4\/2020\/11\/ZGzusammen6.png\" alt=\"\" class=\"wp-image-944\" srcset=\"\/docs-mcloud\/wp-content\/uploads\/sites\/4\/2020\/11\/ZGzusammen6.png 784w, \/docs-mcloud\/wp-content\/uploads\/sites\/4\/2020\/11\/ZGzusammen6-300x121.png 300w, \/docs-mcloud\/wp-content\/uploads\/sites\/4\/2020\/11\/ZGzusammen6-768x310.png 768w\" sizes=\"auto, (max-width: 784px) 100vw, 784px\" \/><\/a><figcaption class=\"wp-element-caption\">Automatische Verkn\u00fcpfung innerhalb eines Merkmals mit ODER, zwischen unterschiedlichen Merkmalen mit UND<br><\/figcaption><\/figure>\n\n\n\n<p>Zielgruppenpotenzial und Zielgruppenbeschriftung werden mit jeder Ver\u00e4nderung der Zielgruppe aktualisiert.<\/p>\n\n\n\n<p>Auf Klick der rechten Maustaste \u00f6ffnet sich ein Fenster zur Bearbeitung des Textes.<\/p>\n\n\n\n<p>Weitere Zielgruppen aus dem Codeplan k\u00f6nnen per Drag &amp; Drop jederzeit bestehenden Zielgruppen angef\u00fcgt werden. Bereits vorhandene Eintr\u00e4ge k\u00f6nnen in der Box \u00fcber das Men\u00fc der rechten Maustaste gel\u00f6scht werden.<\/p>\n\n\n\n<h2 class=\"wp-block-heading\"><br>Zusammenfassen mehrerer Zielgruppenboxen zu einer Zielgruppe<\/h2>\n\n\n\n<p>Durch Zusammenfassen mehrerer Zielgruppenboxen k\u00f6nnen komplexe Zielgruppen erstellt werden.<\/p>\n\n\n\n<p>Dazu im Arbeitsbereich einen Rahmen um die gew\u00fcnschten Zielgruppen ziehen, oder mittels Drag &amp; Drop die Zielgruppen ineinander schachteln.<\/p>\n\n\n\n<h2 class=\"wp-block-heading\">Erweiterung von Merkmalen in Zielgruppenboxen<\/h2>\n\n\n\n<p>Statt der Verschachtelung von Zielgruppenboxen besteht alternativ die M\u00f6glichkeit Zielgruppenmerkmale via Drag&amp;Drop in jede beliebige Zielgruppenbox als Merkmal hinzuzuf\u00fcgen.<\/p>\n\n\n\n<figure class=\"wp-block-image size-full\"><img loading=\"lazy\" decoding=\"async\" width=\"581\" height=\"43\" src=\"\/docs-mcloud\/wp-content\/uploads\/sites\/4\/2026\/02\/image-22.png\" alt=\"\" class=\"wp-image-3040\" srcset=\"\/docs-mcloud\/wp-content\/uploads\/sites\/4\/2026\/02\/image-22.png 581w, \/docs-mcloud\/wp-content\/uploads\/sites\/4\/2026\/02\/image-22-300x22.png 300w\" sizes=\"auto, (max-width: 581px) 100vw, 581px\" \/><\/figure>\n\n\n\n<p>Daf\u00fcr wird der Button <em>Erweiterung ohne Zielgruppenbox<\/em> in der Optionsleiste aktiviert. <\/p>\n\n\n\n<p>Infolge der Aktivierung werden die Merkmale direkt an die Merkmale in einer Zielgruppenbox drangeheftet.<\/p>\n\n\n\n<figure class=\"wp-block-image size-full\"><img loading=\"lazy\" decoding=\"async\" width=\"628\" height=\"180\" src=\"\/docs-mcloud\/wp-content\/uploads\/sites\/4\/2026\/02\/image-19.png\" alt=\"\" class=\"wp-image-3034\" srcset=\"\/docs-mcloud\/wp-content\/uploads\/sites\/4\/2026\/02\/image-19.png 628w, \/docs-mcloud\/wp-content\/uploads\/sites\/4\/2026\/02\/image-19-300x86.png 300w\" sizes=\"auto, (max-width: 628px) 100vw, 628px\" \/><\/figure>\n\n\n\n<figure class=\"wp-block-image size-full is-resized\"><img loading=\"lazy\" decoding=\"async\" width=\"614\" height=\"224\" src=\"\/docs-mcloud\/wp-content\/uploads\/sites\/4\/2026\/02\/image-20.png\" alt=\"\" class=\"wp-image-3035\" style=\"width:621px;height:auto\" srcset=\"\/docs-mcloud\/wp-content\/uploads\/sites\/4\/2026\/02\/image-20.png 614w, \/docs-mcloud\/wp-content\/uploads\/sites\/4\/2026\/02\/image-20-300x109.png 300w\" sizes=\"auto, (max-width: 614px) 100vw, 614px\" \/><\/figure>\n","protected":false},"excerpt":{"rendered":"<p>Markieren Sie die gew\u00fcnschten Einzelzielgruppen im Codeplan und ziehen Sie diese mit der Maus auf den Arbeitsbereich. Es k\u00f6nnen sowohl einzelne Merkmale als auch komplette Variablen auf das Arbeitsblatt gezogen werden. Die Zielgruppe wird als geschachtelte Box dargestellt. In der Titelzeile einer zusammengesetzten Zielgruppe werden die Bezeichnungen aller Zielgruppen und die Verkn\u00fcpfungsoperatoren \u00fcbernommen. Ist im [&hellip;]<\/p>\n","protected":false},"author":4,"featured_media":0,"parent":929,"menu_order":0,"comment_status":"closed","ping_status":"closed","template":"","meta":{"_acf_changed":false,"inline_featured_image":false,"footnotes":""},"class_list":["post-940","page","type-page","status-publish","hentry"],"acf":[],"_links":{"self":[{"href":"\/docs-mcloud\/wp-json\/wp\/v2\/pages\/940","targetHints":{"allow":["GET"]}}],"collection":[{"href":"\/docs-mcloud\/wp-json\/wp\/v2\/pages"}],"about":[{"href":"\/docs-mcloud\/wp-json\/wp\/v2\/types\/page"}],"author":[{"embeddable":true,"href":"\/docs-mcloud\/wp-json\/wp\/v2\/users\/4"}],"replies":[{"embeddable":true,"href":"\/docs-mcloud\/wp-json\/wp\/v2\/comments?post=940"}],"version-history":[{"count":4,"href":"\/docs-mcloud\/wp-json\/wp\/v2\/pages\/940\/revisions"}],"predecessor-version":[{"id":3041,"href":"\/docs-mcloud\/wp-json\/wp\/v2\/pages\/940\/revisions\/3041"}],"up":[{"embeddable":true,"href":"\/docs-mcloud\/wp-json\/wp\/v2\/pages\/929"}],"wp:attachment":[{"href":"\/docs-mcloud\/wp-json\/wp\/v2\/media?parent=940"}],"curies":[{"name":"wp","href":"https:\/\/api.w.org\/{rel}","templated":true}]}}