{"id":865,"date":"2020-11-30T13:03:52","date_gmt":"2020-11-30T13:03:52","guid":{"rendered":"\/docs-mcloud\/hilfe\/regio\/region-definieren\/regionen-hinzufuegen-entfernen\/"},"modified":"2023-08-31T10:00:30","modified_gmt":"2023-08-31T10:00:30","slug":"regionen-hinzufuegen-entfernen","status":"publish","type":"page","link":"\/docs-mcloud\/hilfe\/regio\/region-definieren\/regionen-hinzufuegen-entfernen\/","title":{"rendered":"Regionen hinzuf\u00fcgen \/ entfernen"},"content":{"rendered":"\n<h2 class=\"wp-block-heading\">Region hinzuf\u00fcgen<\/h2>\n\n\n\n<p>Gebiete werden in die Karte eingef\u00fcgt. Dies geschieht per:<\/p>\n\n\n\n<ul class=\"wp-block-list\"><li>Drag &amp; Drop aus dem Selektionsbaum<\/li><li>oder per Maus-Klick direkt auf der Karte<\/li><\/ul>\n\n\n\n<p>Beim Maus-Klick auf die Karte muss der Toggle-Button <em>Region hinzuf\u00fcgen<\/em> aktiv sein.<\/p>\n\n\n\n<figure class=\"wp-block-image size-large\"><a href=\"\/docs-mcloud\/wp-content\/uploads\/sites\/4\/2020\/11\/regio-gebiete-hinzufuegen.png\"><img loading=\"lazy\" decoding=\"async\" width=\"449\" height=\"27\" src=\"\/docs-mcloud\/wp-content\/uploads\/sites\/4\/2020\/11\/regio-gebiete-hinzufuegen.png\" alt=\"\" class=\"wp-image-902\" srcset=\"\/docs-mcloud\/wp-content\/uploads\/sites\/4\/2020\/11\/regio-gebiete-hinzufuegen.png 449w, \/docs-mcloud\/wp-content\/uploads\/sites\/4\/2020\/11\/regio-gebiete-hinzufuegen-300x18.png 300w\" sizes=\"auto, (max-width: 449px) 100vw, 449px\" \/><\/a><\/figure>\n\n\n\n<h2 class=\"wp-block-heading\">Region entfernen<\/h2>\n\n\n\n<p>Gebiete werden aus der in die Karte entfernt. Dies geschieht ebenfalls per:<\/p>\n\n\n\n<ul class=\"wp-block-list\"><li>Drag &amp; Drop aus dem Selektionsbaum<\/li><li>oder per Maus-Klick direkt auf der Karte<\/li><\/ul>\n\n\n\n<p>Beim Maus-Klick auf die Karte muss der Toggle-Button <em>Region entfernen<\/em> aktiv sein.<\/p>\n\n\n\n<figure class=\"wp-block-image size-large\"><a href=\"\/docs-mcloud\/wp-content\/uploads\/sites\/4\/2020\/11\/regio-gebiete-entfernen.png\"><img loading=\"lazy\" decoding=\"async\" width=\"443\" height=\"26\" src=\"\/docs-mcloud\/wp-content\/uploads\/sites\/4\/2020\/11\/regio-gebiete-entfernen.png\" alt=\"\" class=\"wp-image-907\" srcset=\"\/docs-mcloud\/wp-content\/uploads\/sites\/4\/2020\/11\/regio-gebiete-entfernen.png 443w, \/docs-mcloud\/wp-content\/uploads\/sites\/4\/2020\/11\/regio-gebiete-entfernen-300x18.png 300w\" sizes=\"auto, (max-width: 443px) 100vw, 443px\" \/><\/a><\/figure>\n\n\n\n<h2 class=\"wp-block-heading\">Auswahl zur\u00fccksetzen<\/h2>\n\n\n\n<p>\u00dcber den Button <em>Zur\u00fccksetzen<\/em> wird die gesamte Auswahl gel\u00f6scht.<\/p>\n\n\n\n<figure class=\"wp-block-image size-large\"><a href=\"\/docs-mcloud\/wp-content\/uploads\/sites\/4\/2020\/11\/regio-gebiete-zuruecksetzen.png\"><img loading=\"lazy\" decoding=\"async\" width=\"443\" height=\"26\" src=\"\/docs-mcloud\/wp-content\/uploads\/sites\/4\/2020\/11\/regio-gebiete-zuruecksetzen.png\" alt=\"\" class=\"wp-image-913\" srcset=\"\/docs-mcloud\/wp-content\/uploads\/sites\/4\/2020\/11\/regio-gebiete-zuruecksetzen.png 443w, \/docs-mcloud\/wp-content\/uploads\/sites\/4\/2020\/11\/regio-gebiete-zuruecksetzen-300x18.png 300w\" sizes=\"auto, (max-width: 443px) 100vw, 443px\" \/><\/a><\/figure>\n\n\n\n<h2 class=\"wp-block-heading\">Zoom<\/h2>\n\n\n\n<p>\u00dcber + und &#8211; oder \u00fcber das Mausrad kann der Kartenausschnitt vergr\u00f6\u00dfert oder verkleinert werden, sodass Gebietseinheiten bis auf Gemeindeebene selektiert werden k\u00f6nnen.<\/p>\n\n\n\n<h2 class=\"wp-block-heading\">Region benennen<\/h2>\n\n\n\n<p>\u00dcber Klick auf das Stift-Icon k\u00f6nnen Sie f\u00fcr die Region einen Namen vergeben. Der Name wird in alle anderen Auswertungsmodule \u00fcbernommen.<\/p>\n\n\n\n<figure class=\"wp-block-image size-large\"><a href=\"\/docs-mcloud\/wp-content\/uploads\/sites\/4\/2020\/11\/regio-gebiete-benennen.png\"><img loading=\"lazy\" decoding=\"async\" width=\"539\" height=\"49\" src=\"\/docs-mcloud\/wp-content\/uploads\/sites\/4\/2020\/11\/regio-gebiete-benennen.png\" alt=\"\" class=\"wp-image-920\" srcset=\"\/docs-mcloud\/wp-content\/uploads\/sites\/4\/2020\/11\/regio-gebiete-benennen.png 539w, \/docs-mcloud\/wp-content\/uploads\/sites\/4\/2020\/11\/regio-gebiete-benennen-300x27.png 300w\" sizes=\"auto, (max-width: 539px) 100vw, 539px\" \/><\/a><\/figure>\n\n\n\n<h2 class=\"wp-block-heading\">Excel Export<\/h2>\n\n\n\n<p>\u00dcber das XLS-Icon wird die Region mit den Angaben AGS (Amtlicher Gemeindeschl\u00fcssel \/ GKZ) Einwohner und Haushalte nach Excel ausgegeben.<\/p>\n\n\n\n<figure class=\"wp-block-image size-large\"><a href=\"\/docs-mcloud\/wp-content\/uploads\/sites\/4\/2020\/11\/regio-gebiete-export.png\"><img loading=\"lazy\" decoding=\"async\" width=\"539\" height=\"49\" src=\"\/docs-mcloud\/wp-content\/uploads\/sites\/4\/2020\/11\/regio-gebiete-export.png\" alt=\"\" class=\"wp-image-931\" srcset=\"\/docs-mcloud\/wp-content\/uploads\/sites\/4\/2020\/11\/regio-gebiete-export.png 539w, \/docs-mcloud\/wp-content\/uploads\/sites\/4\/2020\/11\/regio-gebiete-export-300x27.png 300w\" sizes=\"auto, (max-width: 539px) 100vw, 539px\" \/><\/a><\/figure>\n","protected":false},"excerpt":{"rendered":"<p>Region hinzuf\u00fcgen Gebiete werden in die Karte eingef\u00fcgt. Dies geschieht per: Drag &amp; Drop aus dem Selektionsbaum oder per Maus-Klick direkt auf der Karte Beim Maus-Klick auf die Karte muss der Toggle-Button Region hinzuf\u00fcgen aktiv sein. Region entfernen Gebiete werden aus der in die Karte entfernt. Dies geschieht ebenfalls per: Drag &amp; Drop aus dem [&hellip;]<\/p>\n","protected":false},"author":1,"featured_media":0,"parent":863,"menu_order":0,"comment_status":"closed","ping_status":"closed","template":"","meta":{"_acf_changed":false,"inline_featured_image":false,"footnotes":""},"class_list":["post-865","page","type-page","status-publish","hentry"],"acf":[],"_links":{"self":[{"href":"\/docs-mcloud\/wp-json\/wp\/v2\/pages\/865","targetHints":{"allow":["GET"]}}],"collection":[{"href":"\/docs-mcloud\/wp-json\/wp\/v2\/pages"}],"about":[{"href":"\/docs-mcloud\/wp-json\/wp\/v2\/types\/page"}],"author":[{"embeddable":true,"href":"\/docs-mcloud\/wp-json\/wp\/v2\/users\/1"}],"replies":[{"embeddable":true,"href":"\/docs-mcloud\/wp-json\/wp\/v2\/comments?post=865"}],"version-history":[{"count":9,"href":"\/docs-mcloud\/wp-json\/wp\/v2\/pages\/865\/revisions"}],"predecessor-version":[{"id":2110,"href":"\/docs-mcloud\/wp-json\/wp\/v2\/pages\/865\/revisions\/2110"}],"up":[{"embeddable":true,"href":"\/docs-mcloud\/wp-json\/wp\/v2\/pages\/863"}],"wp:attachment":[{"href":"\/docs-mcloud\/wp-json\/wp\/v2\/media?parent=865"}],"curies":[{"name":"wp","href":"https:\/\/api.w.org\/{rel}","templated":true}]}}