{"id":730,"date":"2020-11-30T08:05:02","date_gmt":"2020-11-30T08:05:02","guid":{"rendered":"\/docs-mcloud\/hilfe\/das-arbeitsblatt\/leistungswerte\/"},"modified":"2026-04-17T13:36:54","modified_gmt":"2026-04-17T13:36:54","slug":"leistungswerte","status":"publish","type":"page","link":"\/docs-mcloud\/hilfe\/programmoberflaeche\/leistungswerte\/","title":{"rendered":"Leistungswerte"},"content":{"rendered":"\n<p>Der Ordner <em>Leistungswerte<\/em> enth\u00e4lt alle f\u00fcr die Erstellung einer <a href=\"\/docs-mcloud\/hilfe\/rangreihe\/\">Rangreihe<\/a> zur Verf\u00fcgung stehenden Kenngr\u00f6\u00dfen. Im <a href=\"\/docs-mcloud\/hilfe\/streuplan\/\">Streuplan<\/a> ist die Auswahl an KPIs f\u00fcr die Mediaplanung reduziert. Per Drag &amp; Drop f\u00fcgen Sie die ausgew\u00e4hlten Werte an die gew\u00fcnschte Position in der Rangreihe oder im Streuplan ein.<\/p>\n\n\n\n<figure class=\"wp-block-image size-large\"><a href=\"\/docs-mcloud\/wp-content\/uploads\/sites\/4\/2020\/11\/leistungswerte-dnd.png\"><img loading=\"lazy\" decoding=\"async\" width=\"904\" height=\"437\" src=\"\/docs-mcloud\/wp-content\/uploads\/sites\/4\/2020\/11\/leistungswerte-dnd.png\" alt=\"\" class=\"wp-image-733\" srcset=\"\/docs-mcloud\/wp-content\/uploads\/sites\/4\/2020\/11\/leistungswerte-dnd.png 904w, \/docs-mcloud\/wp-content\/uploads\/sites\/4\/2020\/11\/leistungswerte-dnd-300x145.png 300w, \/docs-mcloud\/wp-content\/uploads\/sites\/4\/2020\/11\/leistungswerte-dnd-768x371.png 768w\" sizes=\"auto, (max-width: 904px) 100vw, 904px\" \/><\/a><figcaption class=\"wp-element-caption\">Einf\u00fcgen von Leistungswerten in die Rangreihe<\/figcaption><\/figure>\n\n\n\n<figure class=\"wp-block-image size-large\"><a href=\"\/docs-mcloud\/wp-content\/uploads\/sites\/4\/2020\/12\/Leistungswerte_Ordner_Streuplan.png\"><img loading=\"lazy\" decoding=\"async\" width=\"701\" height=\"380\" src=\"\/docs-mcloud\/wp-content\/uploads\/sites\/4\/2020\/12\/Leistungswerte_Ordner_Streuplan.png\" alt=\"\" class=\"wp-image-1941\" srcset=\"\/docs-mcloud\/wp-content\/uploads\/sites\/4\/2020\/12\/Leistungswerte_Ordner_Streuplan.png 701w, \/docs-mcloud\/wp-content\/uploads\/sites\/4\/2020\/12\/Leistungswerte_Ordner_Streuplan-300x163.png 300w\" sizes=\"auto, (max-width: 701px) 100vw, 701px\" \/><\/a><figcaption class=\"wp-element-caption\">Einf\u00fcgen von Leistungswerten in den Streuplan<\/figcaption><\/figure>\n\n\n\n<p>Leistungswerte wie Kosten und Anzeigenformat sind direkt in der Tabelle editierbar.<\/p>\n\n\n\n<figure class=\"wp-block-image size-large\"><a href=\"\/docs-mcloud\/wp-content\/uploads\/sites\/4\/2020\/11\/leistungswerte-layout-button.png\"><img loading=\"lazy\" decoding=\"async\" width=\"520\" height=\"32\" src=\"\/docs-mcloud\/wp-content\/uploads\/sites\/4\/2020\/11\/leistungswerte-layout-button.png\" alt=\"\" class=\"wp-image-734\" srcset=\"\/docs-mcloud\/wp-content\/uploads\/sites\/4\/2020\/11\/leistungswerte-layout-button.png 520w, \/docs-mcloud\/wp-content\/uploads\/sites\/4\/2020\/11\/leistungswerte-layout-button-300x18.png 300w\" sizes=\"auto, (max-width: 520px) 100vw, 520px\" \/><\/a><\/figure>\n\n\n\n<p> \u00dcber die Auswahl <a href=\"\/docs-mcloud\/hilfe\/programmoberflaeche\/layout\/\">Layout<\/a> in der Symbolleiste k\u00f6nnen Sie unterschiedliche Zusammenstellungen von Leistungswerten als Vorgaben abspeichern. <\/p>\n\n\n\n<figure class=\"wp-block-image size-large\"><a href=\"\/docs-mcloud\/wp-content\/uploads\/sites\/4\/2020\/11\/leistungswerte-layout.png\"><img loading=\"lazy\" decoding=\"async\" width=\"988\" height=\"664\" src=\"\/docs-mcloud\/wp-content\/uploads\/sites\/4\/2020\/11\/leistungswerte-layout.png\" alt=\"\" class=\"wp-image-736\" srcset=\"\/docs-mcloud\/wp-content\/uploads\/sites\/4\/2020\/11\/leistungswerte-layout.png 988w, \/docs-mcloud\/wp-content\/uploads\/sites\/4\/2020\/11\/leistungswerte-layout-300x202.png 300w, \/docs-mcloud\/wp-content\/uploads\/sites\/4\/2020\/11\/leistungswerte-layout-768x516.png 768w\" sizes=\"auto, (max-width: 988px) 100vw, 988px\" \/><\/a><\/figure>\n\n\n\n<div class=\"wp-block-media-text alignwide is-stacked-on-mobile\"><figure class=\"wp-block-media-text__media\"><a href=\"\/docs-mcloud\/wp-content\/uploads\/sites\/4\/2020\/12\/Leistungswerte_Streuplan_Layout.png\"><img loading=\"lazy\" decoding=\"async\" width=\"349\" height=\"343\" src=\"\/docs-mcloud\/wp-content\/uploads\/sites\/4\/2020\/12\/Leistungswerte_Streuplan_Layout.png\" alt=\"\" class=\"wp-image-1942 size-full\" srcset=\"\/docs-mcloud\/wp-content\/uploads\/sites\/4\/2020\/12\/Leistungswerte_Streuplan_Layout.png 349w, \/docs-mcloud\/wp-content\/uploads\/sites\/4\/2020\/12\/Leistungswerte_Streuplan_Layout-300x295.png 300w\" sizes=\"auto, (max-width: 349px) 100vw, 349px\" \/><\/a><\/figure><div class=\"wp-block-media-text__content\">\n<p>Die Kennziffern des Streuplans werden \u00fcber das Layout festgelegt.<\/p>\n<\/div><\/div>\n\n\n\n<p>Zur vollst\u00e4ndigen \u00dcbersicht finden Sie <a href=\"https:\/\/www.m-cloud.de\/docs-mcloud\/hilfe\/leistungswerte\/\">hie<\/a>r eine Tabelle mit allen existierenden Leistungswerten.<\/p>\n\n\n\n<p><\/p>\n","protected":false},"excerpt":{"rendered":"<p>Der Ordner Leistungswerte enth\u00e4lt alle f\u00fcr die Erstellung einer Rangreihe zur Verf\u00fcgung stehenden Kenngr\u00f6\u00dfen. Im Streuplan ist die Auswahl an KPIs f\u00fcr die Mediaplanung reduziert. Per Drag &amp; Drop f\u00fcgen Sie die ausgew\u00e4hlten Werte an die gew\u00fcnschte Position in der Rangreihe oder im Streuplan ein. Leistungswerte wie Kosten und Anzeigenformat sind direkt in der Tabelle [&hellip;]<\/p>\n","protected":false},"author":1,"featured_media":0,"parent":13,"menu_order":6,"comment_status":"closed","ping_status":"closed","template":"","meta":{"_acf_changed":false,"inline_featured_image":false,"footnotes":""},"class_list":["post-730","page","type-page","status-publish","hentry"],"acf":[],"_links":{"self":[{"href":"\/docs-mcloud\/wp-json\/wp\/v2\/pages\/730","targetHints":{"allow":["GET"]}}],"collection":[{"href":"\/docs-mcloud\/wp-json\/wp\/v2\/pages"}],"about":[{"href":"\/docs-mcloud\/wp-json\/wp\/v2\/types\/page"}],"author":[{"embeddable":true,"href":"\/docs-mcloud\/wp-json\/wp\/v2\/users\/1"}],"replies":[{"embeddable":true,"href":"\/docs-mcloud\/wp-json\/wp\/v2\/comments?post=730"}],"version-history":[{"count":4,"href":"\/docs-mcloud\/wp-json\/wp\/v2\/pages\/730\/revisions"}],"predecessor-version":[{"id":3195,"href":"\/docs-mcloud\/wp-json\/wp\/v2\/pages\/730\/revisions\/3195"}],"up":[{"embeddable":true,"href":"\/docs-mcloud\/wp-json\/wp\/v2\/pages\/13"}],"wp:attachment":[{"href":"\/docs-mcloud\/wp-json\/wp\/v2\/media?parent=730"}],"curies":[{"name":"wp","href":"https:\/\/api.w.org\/{rel}","templated":true}]}}