{"id":657,"date":"2020-11-27T13:17:09","date_gmt":"2020-11-27T13:17:09","guid":{"rendered":"\/docs-mcloud\/targeting\/"},"modified":"2026-04-24T10:26:12","modified_gmt":"2026-04-24T10:26:12","slug":"targeting","status":"publish","type":"page","link":"\/docs-mcloud\/hilfe\/targeting\/","title":{"rendered":"Targeting"},"content":{"rendered":"\n<h2 class=\"wp-block-heading\">Insights gewinnen<\/h2>\n\n\n\n<p>Die genaue Zielgruppenansprache ist eine wichtige Voraussetzung f\u00fcr jede Werbekampagne \u2013 das Modul Targeting bietet mit der Visualisierung einen schnellen \u00dcberblick \u00fcber die Position der gew\u00e4hlten Zielgruppen und Angebote im Markt. \u00dcber die Affinit\u00e4t gegen\u00fcber der <a href=\"\/docs-mcloud\/hilfe\/programmoberflaeche\/referenzgruppenpanel\/\">Referenzgruppe<\/a> (Vergleichszielgruppe) und dem Prozentanteil an der <a href=\"\/docs-mcloud\/hilfe\/programmoberflaeche\/zielgruppenpanel\/\">Basiszielgruppe<\/a> wird die Position in dem Diagramm bestimmt.<\/p>\n\n\n\n<figure class=\"wp-block-image size-large\"><a href=\"\/docs-mcloud\/wp-content\/uploads\/sites\/4\/2020\/11\/Targeting_1neu.png\"><img loading=\"lazy\" decoding=\"async\" width=\"1024\" height=\"490\" src=\"\/docs-mcloud\/wp-content\/uploads\/sites\/4\/2020\/11\/Targeting_1neu-1024x490.png\" alt=\"\" class=\"wp-image-847\" srcset=\"\/docs-mcloud\/wp-content\/uploads\/sites\/4\/2020\/11\/Targeting_1neu-1024x490.png 1024w, \/docs-mcloud\/wp-content\/uploads\/sites\/4\/2020\/11\/Targeting_1neu-300x144.png 300w, \/docs-mcloud\/wp-content\/uploads\/sites\/4\/2020\/11\/Targeting_1neu-768x367.png 768w, \/docs-mcloud\/wp-content\/uploads\/sites\/4\/2020\/11\/Targeting_1neu.png 1066w\" sizes=\"auto, (max-width: 1024px) 100vw, 1024px\" \/><\/a><\/figure>\n\n\n\n<p>Im Modul Targeting l\u00e4sst sich z.B. eine erste Auswahl von passenden Medien f\u00fcr die definierte Zielgruppe vornehmen:<\/p>\n\n\n\n<ul class=\"wp-block-list\">\n<li>Die \u00fcberdurchschnittliche Nutzung von Smartphones (Nr. 3) in der Gruppe der 30-39-J\u00e4hrigen ist im Diagramm sofort ablesbar.<\/li>\n\n\n\n<li>Die Printausgabe des Titels Ratgeber \u2013 Meine Apotheke (Nr. 2) wird, anders als Der Spiegel (Nr. 1) von M\u00e4nnern in der Altersklasse 30-39 Jahre kaum genutzt.<\/li>\n<\/ul>\n\n\n\n<h2 class=\"wp-block-heading\">Bedienung<\/h2>\n\n\n\n<p>Per Drag &amp; Drop ziehen Sie Ihre Zielgruppen oder Medien direkt aus dem Codeplan in die Auswertungstabelle. Alternativ k\u00f6nnen die Zielgruppen aus der Tabellierung ins Targeting \u00fcbernommen werden.<\/p>\n\n\n\n<figure class=\"wp-block-image size-large\"><a href=\"\/docs-mcloud\/wp-content\/uploads\/sites\/4\/2020\/11\/Targeting_2neu-2.png\"><img loading=\"lazy\" decoding=\"async\" width=\"316\" height=\"95\" src=\"\/docs-mcloud\/wp-content\/uploads\/sites\/4\/2020\/11\/Targeting_2neu-2.png\" alt=\"\" class=\"wp-image-853\" srcset=\"\/docs-mcloud\/wp-content\/uploads\/sites\/4\/2020\/11\/Targeting_2neu-2.png 316w, \/docs-mcloud\/wp-content\/uploads\/sites\/4\/2020\/11\/Targeting_2neu-2-300x90.png 300w\" sizes=\"auto, (max-width: 316px) 100vw, 316px\" \/><\/a><\/figure>\n\n\n\n<p>Um die Skalenbreite der beiden Achsen anzupassen, reicht ein Klick auf den Button <em>Grafik anpassen<\/em>. Hier k\u00f6nnen individuelle Ranges festgelegt sowie auch das Raster ein- und ausgeblendet werden.<\/p>\n\n\n\n<p>Die Definition der Eingabemaske <em>Schritte<\/em> beeinflusst die Min- und Max-Werte. Sollten die Schrittabfolgen nicht im eingegebenen Min- und\/oder Max-Wertebereich liegen, dann wird der n\u00e4chst m\u00f6gliche Wert automatisch angenommen.<\/p>\n\n\n\n<figure class=\"wp-block-image size-full\"><img loading=\"lazy\" decoding=\"async\" width=\"478\" height=\"258\" src=\"\/docs-mcloud\/wp-content\/uploads\/sites\/4\/2026\/04\/image-12.png\" alt=\"\" class=\"wp-image-3234\" srcset=\"\/docs-mcloud\/wp-content\/uploads\/sites\/4\/2026\/04\/image-12.png 478w, \/docs-mcloud\/wp-content\/uploads\/sites\/4\/2026\/04\/image-12-300x162.png 300w\" sizes=\"auto, (max-width: 478px) 100vw, 478px\" \/><\/figure>\n\n\n\n<p>Die Darstellung im Diagramm kann \u00fcber den Button <em>Texte in Grafik<\/em> ge\u00e4ndert werden.<\/p>\n\n\n\n<figure class=\"wp-block-image size-full\"><img loading=\"lazy\" decoding=\"async\" width=\"969\" height=\"473\" src=\"\/docs-mcloud\/wp-content\/uploads\/sites\/4\/2026\/04\/image-14.png\" alt=\"\" class=\"wp-image-3236\" srcset=\"\/docs-mcloud\/wp-content\/uploads\/sites\/4\/2026\/04\/image-14.png 969w, \/docs-mcloud\/wp-content\/uploads\/sites\/4\/2026\/04\/image-14-300x146.png 300w, \/docs-mcloud\/wp-content\/uploads\/sites\/4\/2026\/04\/image-14-768x375.png 768w\" sizes=\"auto, (max-width: 969px) 100vw, 969px\" \/><\/figure>\n","protected":false},"excerpt":{"rendered":"<p>Insights gewinnen Die genaue Zielgruppenansprache ist eine wichtige Voraussetzung f\u00fcr jede Werbekampagne \u2013 das Modul Targeting bietet mit der Visualisierung einen schnellen \u00dcberblick \u00fcber die Position der gew\u00e4hlten Zielgruppen und Angebote im Markt. \u00dcber die Affinit\u00e4t gegen\u00fcber der Referenzgruppe (Vergleichszielgruppe) und dem Prozentanteil an der Basiszielgruppe wird die Position in dem Diagramm bestimmt. Im Modul [&hellip;]<\/p>\n","protected":false},"author":1,"featured_media":0,"parent":5,"menu_order":6,"comment_status":"closed","ping_status":"closed","template":"","meta":{"_acf_changed":false,"inline_featured_image":false,"footnotes":""},"class_list":["post-657","page","type-page","status-publish","hentry"],"acf":[],"_links":{"self":[{"href":"\/docs-mcloud\/wp-json\/wp\/v2\/pages\/657","targetHints":{"allow":["GET"]}}],"collection":[{"href":"\/docs-mcloud\/wp-json\/wp\/v2\/pages"}],"about":[{"href":"\/docs-mcloud\/wp-json\/wp\/v2\/types\/page"}],"author":[{"embeddable":true,"href":"\/docs-mcloud\/wp-json\/wp\/v2\/users\/1"}],"replies":[{"embeddable":true,"href":"\/docs-mcloud\/wp-json\/wp\/v2\/comments?post=657"}],"version-history":[{"count":4,"href":"\/docs-mcloud\/wp-json\/wp\/v2\/pages\/657\/revisions"}],"predecessor-version":[{"id":3237,"href":"\/docs-mcloud\/wp-json\/wp\/v2\/pages\/657\/revisions\/3237"}],"up":[{"embeddable":true,"href":"\/docs-mcloud\/wp-json\/wp\/v2\/pages\/5"}],"wp:attachment":[{"href":"\/docs-mcloud\/wp-json\/wp\/v2\/media?parent=657"}],"curies":[{"name":"wp","href":"https:\/\/api.w.org\/{rel}","templated":true}]}}