{"id":656,"date":"2020-11-27T13:17:09","date_gmt":"2020-11-27T13:17:09","guid":{"rendered":"\/docs-mcloud\/tabellierung\/"},"modified":"2026-01-13T13:09:43","modified_gmt":"2026-01-13T13:09:43","slug":"tabellierung","status":"publish","type":"page","link":"\/docs-mcloud\/hilfe\/tabellierung\/","title":{"rendered":"Tabellierung"},"content":{"rendered":"\n<p>Die Tabellierung ist das umfangreichste Modul von MDS-Cloud und erm\u00f6glicht Ihnen die Merkmale Ihrer Zielgruppe tabellarisch darzustellen. Verschaffen Sie sich entweder mithilfe von KPIs einen \u00dcberblick \u00fcber die Befragten oder tauchen tief in Ihre Zielgruppen und deren Merkmale ein.<\/p>\n\n\n\n<figure class=\"wp-block-image size-large\"><a href=\"\/docs-mcloud\/wp-content\/uploads\/sites\/4\/2020\/12\/Tabellerierung_Uebersicht.png\"><img loading=\"lazy\" decoding=\"async\" width=\"1024\" height=\"278\" src=\"\/docs-mcloud\/wp-content\/uploads\/sites\/4\/2020\/12\/Tabellerierung_Uebersicht-1024x278.png\" alt=\"\" class=\"wp-image-1447\" srcset=\"\/docs-mcloud\/wp-content\/uploads\/sites\/4\/2020\/12\/Tabellerierung_Uebersicht-1024x278.png 1024w, \/docs-mcloud\/wp-content\/uploads\/sites\/4\/2020\/12\/Tabellerierung_Uebersicht-300x82.png 300w, \/docs-mcloud\/wp-content\/uploads\/sites\/4\/2020\/12\/Tabellerierung_Uebersicht-768x209.png 768w, \/docs-mcloud\/wp-content\/uploads\/sites\/4\/2020\/12\/Tabellerierung_Uebersicht.png 1321w\" sizes=\"auto, (max-width: 1024px) 100vw, 1024px\" \/><\/a><\/figure>\n\n\n\n<p>In der Infobar werden verschiedene Auswahlm\u00f6glichkeiten angeboten:<\/p>\n\n\n\n<figure class=\"wp-block-table is-style-stripes\"><table><thead><tr><th>Nr.<\/th><th>Button<\/th><th>Funktion<\/th><\/tr><\/thead><tbody><tr><td>1<\/td><td>Merkmale ins Targeting \u00fcbernehmen<\/td><td>Alle Zielgruppen werden in das Auswertungsmodul Targeting \u00fcbernommen<\/td><\/tr><tr><td>2<\/td><td>Zeitreihe<\/td><td>\u00d6ffnet die Auswahl der verf\u00fcgbaren Studienjahrg\u00e4nge f\u00fcr die Darstellung von Zeitreihen<\/td><\/tr><tr><td>3<\/td><td>Personengewicht<\/td><td>\u00dcber diese Auswahl kann auf das Haushaltsgewicht oder ungewichtet umgestellt werden.<\/td><\/tr><tr><td>4<\/td><td>Autofilter<\/td><td>Aktivierung \/ Deaktivierung des Autofilters<\/td><\/tr><\/tbody><\/table><\/figure>\n\n\n\n<p>Tabellen werden direkt im Auswertungsfenster definiert. Das rechte Fenster bildet die Arbeitsoberfl\u00e4che, auf der die jeweilige Auswertung definiert und sofort berechnet wird. Aus dem Codeplan oder Medienordner ziehen Sie die Definitionen per Drag &amp; Drop an die gew\u00fcnschte Stelle in der Tabelle \u2013 sei es als Basis der Tabelle im Zielgruppenpanel <span class=\"has-inline-color has-vivid-red-color\">(1)<\/span>, als Zielgruppe in der Vorspalte <span class=\"has-inline-color has-vivid-red-color\">(2)<\/span> oder als Zielgruppe im Tabellenkopf <span class=\"has-inline-color has-vivid-red-color\">(3)<\/span>.<\/p>\n\n\n\n<figure class=\"wp-block-image size-large\"><a href=\"\/docs-mcloud\/wp-content\/uploads\/sites\/4\/2020\/12\/Tabelle1_markiert.png\"><img loading=\"lazy\" decoding=\"async\" width=\"1024\" height=\"560\" src=\"\/docs-mcloud\/wp-content\/uploads\/sites\/4\/2020\/12\/Tabelle1_markiert-1024x560.png\" alt=\"\" class=\"wp-image-1696\" srcset=\"\/docs-mcloud\/wp-content\/uploads\/sites\/4\/2020\/12\/Tabelle1_markiert-1024x560.png 1024w, \/docs-mcloud\/wp-content\/uploads\/sites\/4\/2020\/12\/Tabelle1_markiert-300x164.png 300w, \/docs-mcloud\/wp-content\/uploads\/sites\/4\/2020\/12\/Tabelle1_markiert-768x420.png 768w, \/docs-mcloud\/wp-content\/uploads\/sites\/4\/2020\/12\/Tabelle1_markiert.png 1256w\" sizes=\"auto, (max-width: 1024px) 100vw, 1024px\" \/><\/a><\/figure>\n\n\n\n<p>Sobald Sie eine Struktur\/ Zielgruppe in den rechten Arbeitsbereich ziehen, werden die Bereiche, in welche Zielgruppen platziert werden k\u00f6nnen, gr\u00fcn hervorgehoben.<\/p>\n\n\n\n<p>Sie k\u00f6nnen entweder einzelne Codepunkte, einzelne Merkmale oder komplette Strukturen in die Tabelle einf\u00fcgen. Merkmale werden immer an das Ende der Tabelle angeh\u00e4ngt. Die Reihenfolge der Merkmale kann jedoch im Nachhinein ge\u00e4ndert werden (Siehe hierzu <a href=\"\/docs-mcloud\/hilfe\/tabellierung\/struktur-tabellenaufbau-und-modifikation\/\">Struktur<\/a>).<\/p>\n\n\n\n<div class=\"wp-block-media-text alignwide is-stacked-on-mobile\" style=\"grid-template-columns:37% auto\"><figure class=\"wp-block-media-text__media\"><a href=\"\/docs-mcloud\/wp-content\/uploads\/sites\/4\/2020\/12\/Tabelle3.png\"><img loading=\"lazy\" decoding=\"async\" width=\"416\" height=\"275\" src=\"\/docs-mcloud\/wp-content\/uploads\/sites\/4\/2020\/12\/Tabelle3.png\" alt=\"\" class=\"wp-image-1458\" srcset=\"\/docs-mcloud\/wp-content\/uploads\/sites\/4\/2020\/12\/Tabelle3.png 416w, \/docs-mcloud\/wp-content\/uploads\/sites\/4\/2020\/12\/Tabelle3-300x198.png 300w\" sizes=\"auto, (max-width: 416px) 100vw, 416px\" \/><\/a><\/figure><div class=\"wp-block-media-text__content\">\n\n<p>Klicken Sie auf den Pfeil neben einer \u00dcberschrift, um die Auspr\u00e4gungen eines Merkmals aus- oder wieder einzublenden.<\/p>\n\n<\/div><\/div>\n\n\n\n<p><\/p>\n","protected":false},"excerpt":{"rendered":"<p>Die Tabellierung ist das umfangreichste Modul von MDS-Cloud und erm\u00f6glicht Ihnen die Merkmale Ihrer Zielgruppe tabellarisch darzustellen. Verschaffen Sie sich entweder mithilfe von KPIs einen \u00dcberblick \u00fcber die Befragten oder tauchen tief in Ihre Zielgruppen und deren Merkmale ein. In der Infobar werden verschiedene Auswahlm\u00f6glichkeiten angeboten: Nr. Button Funktion 1 Merkmale ins Targeting \u00fcbernehmen Alle [&hellip;]<\/p>\n","protected":false},"author":1,"featured_media":0,"parent":5,"menu_order":2,"comment_status":"closed","ping_status":"closed","template":"","meta":{"_acf_changed":false,"inline_featured_image":false,"footnotes":""},"class_list":["post-656","page","type-page","status-publish","hentry"],"acf":[],"_links":{"self":[{"href":"\/docs-mcloud\/wp-json\/wp\/v2\/pages\/656","targetHints":{"allow":["GET"]}}],"collection":[{"href":"\/docs-mcloud\/wp-json\/wp\/v2\/pages"}],"about":[{"href":"\/docs-mcloud\/wp-json\/wp\/v2\/types\/page"}],"author":[{"embeddable":true,"href":"\/docs-mcloud\/wp-json\/wp\/v2\/users\/1"}],"replies":[{"embeddable":true,"href":"\/docs-mcloud\/wp-json\/wp\/v2\/comments?post=656"}],"version-history":[{"count":4,"href":"\/docs-mcloud\/wp-json\/wp\/v2\/pages\/656\/revisions"}],"predecessor-version":[{"id":2841,"href":"\/docs-mcloud\/wp-json\/wp\/v2\/pages\/656\/revisions\/2841"}],"up":[{"embeddable":true,"href":"\/docs-mcloud\/wp-json\/wp\/v2\/pages\/5"}],"wp:attachment":[{"href":"\/docs-mcloud\/wp-json\/wp\/v2\/media?parent=656"}],"curies":[{"name":"wp","href":"https:\/\/api.w.org\/{rel}","templated":true}]}}