{"id":647,"date":"2020-11-27T13:13:00","date_gmt":"2020-11-27T13:13:34","guid":{"rendered":"\/docs-mcloud\/loeschen-papierkorb\/"},"modified":"2023-08-31T10:00:30","modified_gmt":"2023-08-31T10:00:30","slug":"loeschen","status":"publish","type":"page","link":"\/docs-mcloud\/hilfe\/programmoberflaeche\/loeschen\/","title":{"rendered":"L\u00f6schen \/ Papierkorb"},"content":{"rendered":"\n<p>Einzelne Zielgruppen, Merkmale oder Leistungswerte werden zum L\u00f6schen auf den Papierkorb gezogen und damit aus der Auswertung entfernt. Markierte Bereiche k\u00f6nnen in einem Zug auf den Papierkorb gezogen werden.<\/p>\n\n\n\n<p>Sobald ein Merkmal oder Leistungswert mit der Maus bewegt wird, wird der Papierkorb eingeblendet.<\/p>\n\n\n\n<div class=\"wp-block-columns is-layout-flex wp-container-core-columns-is-layout-9d6595d7 wp-block-columns-is-layout-flex\">\n<div class=\"wp-block-column is-layout-flow wp-block-column-is-layout-flow\">\n<figure class=\"wp-block-image size-large\"><a href=\"\/docs-mcloud\/wp-content\/uploads\/sites\/4\/2020\/11\/a_Loeschen1.png\"><img loading=\"lazy\" decoding=\"async\" width=\"415\" height=\"288\" src=\"\/docs-mcloud\/wp-content\/uploads\/sites\/4\/2020\/11\/a_Loeschen1.png\" alt=\"\" class=\"wp-image-695\" srcset=\"\/docs-mcloud\/wp-content\/uploads\/sites\/4\/2020\/11\/a_Loeschen1.png 415w, \/docs-mcloud\/wp-content\/uploads\/sites\/4\/2020\/11\/a_Loeschen1-300x208.png 300w\" sizes=\"auto, (max-width: 415px) 100vw, 415px\" \/><\/a><\/figure>\n<\/div>\n\n\n\n<div class=\"wp-block-column is-layout-flow wp-block-column-is-layout-flow\">\n<p>Das Merkmal Altersgruppen wird auf den Papierkorb gezogen und damit aus der Auswertung entfernt.<\/p>\n<\/div>\n<\/div>\n\n\n\n<div class=\"wp-block-columns is-layout-flex wp-container-core-columns-is-layout-9d6595d7 wp-block-columns-is-layout-flex\">\n<div class=\"wp-block-column is-layout-flow wp-block-column-is-layout-flow\">\n<figure class=\"wp-block-image size-large\"><a href=\"\/docs-mcloud\/wp-content\/uploads\/sites\/4\/2020\/11\/a_Loeschen2.png\"><img loading=\"lazy\" decoding=\"async\" width=\"411\" height=\"285\" src=\"\/docs-mcloud\/wp-content\/uploads\/sites\/4\/2020\/11\/a_Loeschen2.png\" alt=\"\" class=\"wp-image-696\" srcset=\"\/docs-mcloud\/wp-content\/uploads\/sites\/4\/2020\/11\/a_Loeschen2.png 411w, \/docs-mcloud\/wp-content\/uploads\/sites\/4\/2020\/11\/a_Loeschen2-300x208.png 300w\" sizes=\"auto, (max-width: 411px) 100vw, 411px\" \/><\/a><\/figure>\n<\/div>\n\n\n\n<div class=\"wp-block-column is-layout-flow wp-block-column-is-layout-flow\">\n<p>Der Leistungswert F\u00e4lle wird auf den Papierkorb gezogen und damit entfernt.<\/p>\n<\/div>\n<\/div>\n\n\n\n<p>Zus\u00e4tzlich zur L\u00f6schfunktion \u00fcber den Papierkorb haben Sie diese Alternativen:<\/p>\n\n\n\n<figure class=\"wp-block-table is-style-stripes\"><table><tbody><tr><td>Eine Zeile aus der Tabelle l\u00f6schen<\/td><td>Klick rechte Maustaste \u2013 L\u00f6schen<br>oder<br>Markieren + [Entf]<\/td><\/tr><tr><td>Merkmale aus der Tabelle l\u00f6schen<\/td><td>Klick rechte Maustaste auf Merkmals\u00fcberschrift \u2013 L\u00f6schen<br>oder<br>[STRG] + Klick rechte Maustaste + [Entf]<\/td><\/tr><tr><td>Gesamte Tabelle l\u00f6schen<br>Vorspalte l\u00f6schen<br>Tabellenkopf l\u00f6schen<\/td><td>Klick rechte Maustaste auf Tabellenfeld Tabellierung \u2013 Tabelle l\u00f6schen<br>Zeilen l\u00f6schen<br>Spalten l\u00f6schen<\/td><\/tr><tr><td>Tabellenfilter auf Gesamt zur\u00fccksetzen<\/td><td>Klick auf das Kreuz in der Zielgruppenzeile<\/td><\/tr><\/tbody><\/table><\/figure>\n","protected":false},"excerpt":{"rendered":"<p>Einzelne Zielgruppen, Merkmale oder Leistungswerte werden zum L\u00f6schen auf den Papierkorb gezogen und damit aus der Auswertung entfernt. Markierte Bereiche k\u00f6nnen in einem Zug auf den Papierkorb gezogen werden. Sobald ein Merkmal oder Leistungswert mit der Maus bewegt wird, wird der Papierkorb eingeblendet. Das Merkmal Altersgruppen wird auf den Papierkorb gezogen und damit aus der [&hellip;]<\/p>\n","protected":false},"author":1,"featured_media":0,"parent":13,"menu_order":7,"comment_status":"closed","ping_status":"closed","template":"","meta":{"_acf_changed":false,"inline_featured_image":false,"footnotes":""},"class_list":["post-647","page","type-page","status-publish","hentry"],"acf":[],"_links":{"self":[{"href":"\/docs-mcloud\/wp-json\/wp\/v2\/pages\/647","targetHints":{"allow":["GET"]}}],"collection":[{"href":"\/docs-mcloud\/wp-json\/wp\/v2\/pages"}],"about":[{"href":"\/docs-mcloud\/wp-json\/wp\/v2\/types\/page"}],"author":[{"embeddable":true,"href":"\/docs-mcloud\/wp-json\/wp\/v2\/users\/1"}],"replies":[{"embeddable":true,"href":"\/docs-mcloud\/wp-json\/wp\/v2\/comments?post=647"}],"version-history":[{"count":5,"href":"\/docs-mcloud\/wp-json\/wp\/v2\/pages\/647\/revisions"}],"predecessor-version":[{"id":2186,"href":"\/docs-mcloud\/wp-json\/wp\/v2\/pages\/647\/revisions\/2186"}],"up":[{"embeddable":true,"href":"\/docs-mcloud\/wp-json\/wp\/v2\/pages\/13"}],"wp:attachment":[{"href":"\/docs-mcloud\/wp-json\/wp\/v2\/media?parent=647"}],"curies":[{"name":"wp","href":"https:\/\/api.w.org\/{rel}","templated":true}]}}