{"id":3264,"date":"2026-05-11T05:55:21","date_gmt":"2026-05-11T05:55:21","guid":{"rendered":"\/docs-mcloud\/?page_id=3264"},"modified":"2026-05-11T05:55:21","modified_gmt":"2026-05-11T05:55:21","slug":"plananalyse-2","status":"publish","type":"page","link":"\/docs-mcloud\/hilfe\/streuplan\/plananalyse-2\/","title":{"rendered":"Visualisierung"},"content":{"rendered":"\n<p>F\u00fcr eine grafische Darstellung der Planergebnisse wird die Option Chart gew\u00e4hlt.<\/p>\n\n\n\n<figure class=\"wp-block-image size-full\"><img loading=\"lazy\" decoding=\"async\" width=\"364\" height=\"71\" src=\"\/docs-mcloud\/wp-content\/uploads\/sites\/4\/2026\/05\/image-13.png\" alt=\"\" class=\"wp-image-3279\" srcset=\"\/docs-mcloud\/wp-content\/uploads\/sites\/4\/2026\/05\/image-13.png 364w, \/docs-mcloud\/wp-content\/uploads\/sites\/4\/2026\/05\/image-13-300x59.png 300w\" sizes=\"auto, (max-width: 364px) 100vw, 364px\" \/><\/figure>\n\n\n\n<p>Hier lassen sich in der Einstellung <strong>Spalten<\/strong> die Planleistungswerte auf der y-Achse und bei <strong>Zeilen<\/strong> auf der  x-Achse abtragen. F\u00fcr die jeweils andere Achse k\u00f6nnen individuell die vorhandenen <strong>Zielgruppen\/Breaks<\/strong> ausgew\u00e4hlt werden.<\/p>\n\n\n\n<figure class=\"wp-block-image size-full\"><img loading=\"lazy\" decoding=\"async\" width=\"278\" height=\"59\" src=\"\/docs-mcloud\/wp-content\/uploads\/sites\/4\/2026\/05\/image.png\" alt=\"\" class=\"wp-image-3265\" \/><\/figure>\n\n\n\n<p>Ansonsten stehen wie auch bei der Tabellierung alle Optionen im Chart-Modul zur Verf\u00fcgung.<\/p>\n\n\n\n<h2 class=\"wp-block-heading\">Reiter Breaks<\/h2>\n\n\n\n<figure class=\"wp-block-image size-full\"><img loading=\"lazy\" decoding=\"async\" width=\"317\" height=\"24\" src=\"\/docs-mcloud\/wp-content\/uploads\/sites\/4\/2026\/05\/image-9.png\" alt=\"\" class=\"wp-image-3274\" srcset=\"\/docs-mcloud\/wp-content\/uploads\/sites\/4\/2026\/05\/image-9.png 317w, \/docs-mcloud\/wp-content\/uploads\/sites\/4\/2026\/05\/image-9-300x23.png 300w\" sizes=\"auto, (max-width: 317px) 100vw, 317px\" \/><\/figure>\n\n\n\n<p>Um zwei Planleistungswerte <strong>eines aktiven Plans<\/strong> gegen\u00fcberzustellen oder eine zus\u00e4tzliche zweite y-Achse (ausblendbar) mit einem individuellen Planleistungswert als Gr\u00f6\u00dfenfaktor zu best\u00fccken, k\u00f6nnen die Optionen <em>Blasen<\/em> bei <strong>Serienart <\/strong>und <em>Spalten<\/em> bei <strong>Reihe in<\/strong> ausgew\u00e4hlt werden.<br><\/p>\n\n\n\n<figure class=\"wp-block-image size-full\"><img loading=\"lazy\" decoding=\"async\" width=\"282\" height=\"85\" src=\"\/docs-mcloud\/wp-content\/uploads\/sites\/4\/2026\/05\/image-1.png\" alt=\"\" class=\"wp-image-3266\" \/><\/figure>\n\n\n\n<figure class=\"wp-block-image size-full is-resized\"><img loading=\"lazy\" decoding=\"async\" width=\"294\" height=\"59\" src=\"\/docs-mcloud\/wp-content\/uploads\/sites\/4\/2026\/05\/image-2.png\" alt=\"\" class=\"wp-image-3267\" style=\"width:289px;height:auto\" \/><\/figure>\n\n\n\n<p>Erg\u00e4nzend zum Diagrammtyp <strong>Blasen<\/strong> k\u00f6nnen zus\u00e4tzlich die Option <strong>Blasendiagramm<\/strong> sowie Sekund\u00e4re Y-Achse verwendet werden.<\/p>\n\n\n\n<figure class=\"wp-block-image size-full\"><img loading=\"lazy\" decoding=\"async\" width=\"291\" height=\"106\" src=\"\/docs-mcloud\/wp-content\/uploads\/sites\/4\/2026\/05\/image-4.png\" alt=\"\" class=\"wp-image-3269\" \/><\/figure>\n\n\n\n<figure class=\"wp-block-image size-full\"><img loading=\"lazy\" decoding=\"async\" width=\"295\" height=\"104\" src=\"\/docs-mcloud\/wp-content\/uploads\/sites\/4\/2026\/05\/image-5.png\" alt=\"\" class=\"wp-image-3270\" \/><\/figure>\n\n\n\n<figure class=\"wp-block-image size-full\"><img loading=\"lazy\" decoding=\"async\" width=\"680\" height=\"537\" src=\"\/docs-mcloud\/wp-content\/uploads\/sites\/4\/2026\/05\/image-7.png\" alt=\"\" class=\"wp-image-3272\" srcset=\"\/docs-mcloud\/wp-content\/uploads\/sites\/4\/2026\/05\/image-7.png 680w, \/docs-mcloud\/wp-content\/uploads\/sites\/4\/2026\/05\/image-7-300x237.png 300w\" sizes=\"auto, (max-width: 680px) 100vw, 680px\" \/><\/figure>\n\n\n\n<p><em>Interpretation<\/em>: Die vier verwendeten Zielgruppen\/Breaks Alter (14-19 J. u. 30-39 J.) und Geschlecht (m\u00e4nnlich u. weiblich) lassen sich auf den Dimensionen der Leistungswerte <em>Bruttokontakte in Mio<\/em>. (y-Achse) und <em>Reichweite in Mio<\/em>. (x-Achse) verorten. Die Gr\u00f6\u00dfe der Punkte (dargestellt durch <em>Euro pro 1000 Kontakte<\/em>) zeigt f\u00fcr den Plan 2 den gr\u00f6\u00dften Impact auf der j\u00fcngsten Altersklasse 14-19 Jahre bei gleichzeitig geringer Anzahl an <em>Bruttokontakten<\/em> und <em>Reichweite<\/em>. Die Faktoren Geschlecht zeigen wiederum h\u00f6here Werte bei <em>Bruttokontakten<\/em> und <em>Reichweite<\/em>.<\/p>\n\n\n\n<h2 class=\"wp-block-heading\">Reiter Vergleich<\/h2>\n\n\n\n<figure class=\"wp-block-image size-full\"><img loading=\"lazy\" decoding=\"async\" width=\"265\" height=\"25\" src=\"\/docs-mcloud\/wp-content\/uploads\/sites\/4\/2026\/05\/image-10.png\" alt=\"\" class=\"wp-image-3275\" \/><\/figure>\n\n\n\n<p>Wenn der Reiter <strong>Vergleich<\/strong> ausgew\u00e4hlt ist, k\u00f6nnen \u00fcber die Chart-Option zwei Planleistungswerte jeweils von <strong>unterschiedlichen Pl\u00e4nen<\/strong> gegen\u00fcbergestellt oder eine zus\u00e4tzliche zweite y-Achse (ausblendbar) mit einem individuellen Planleistungswert als Gr\u00f6\u00dfenfaktor best\u00fcckt werden. Daf\u00fcr werden wie beim Reiter <strong>Breaks<\/strong> die Optionen <em>Blasen<\/em> bei <strong>Serienart <\/strong>und <em>Spalten<\/em> bei <strong>Reihe in<\/strong> ausgew\u00e4hlt. <\/p>\n\n\n\n<figure class=\"wp-block-image size-full\"><img loading=\"lazy\" decoding=\"async\" width=\"684\" height=\"539\" src=\"\/docs-mcloud\/wp-content\/uploads\/sites\/4\/2026\/05\/image-11.png\" alt=\"\" class=\"wp-image-3276\" srcset=\"\/docs-mcloud\/wp-content\/uploads\/sites\/4\/2026\/05\/image-11.png 684w, \/docs-mcloud\/wp-content\/uploads\/sites\/4\/2026\/05\/image-11-300x236.png 300w\" sizes=\"auto, (max-width: 684px) 100vw, 684px\" \/><\/figure>\n\n\n\n<p><em>Interpretation<\/em>: Die vier verwendeten Zielgruppen\/Breaks Alter (14-19 J. u. 30-39 J.) und Geschlecht (m\u00e4nnlich u. weiblich) lassen sich auf den Dimensionen der Leistungswertes <em><em>GRP<\/em><\/em> (y-Achse) und <em>Nettoreichweite<\/em> (x-Achse) verorten. Die Gr\u00f6\u00dfe der Punkte (dargestellt durch Durchschnittskontakte) zeigt den gr\u00f6\u00dften Impact auf der \u00e4lteren Altersklasse 30-39 Jahre im Plan 2 bei gleichzeitig erh\u00f6hter Anzahl an <em><em>Nettoreichweite<\/em><\/em> und <em>GRP<\/em>. Der Faktor Geschlecht im Plan 1 zeigen wiederum kleinere Werte bei <em>Nettoreichweite<\/em> und <em><em>GRP<\/em><\/em>. Am schlechtesten schneidet die Altersklasse 14-19 Jahre im Plan 1 ab.<\/p>\n","protected":false},"excerpt":{"rendered":"<p>F\u00fcr eine grafische Darstellung der Planergebnisse wird die Option Chart gew\u00e4hlt. Hier lassen sich in der Einstellung Spalten die Planleistungswerte auf der y-Achse und bei Zeilen auf der x-Achse abtragen. F\u00fcr die jeweils andere Achse k\u00f6nnen individuell die vorhandenen Zielgruppen\/Breaks ausgew\u00e4hlt werden. Ansonsten stehen wie auch bei der Tabellierung alle Optionen im Chart-Modul zur Verf\u00fcgung. [&hellip;]<\/p>\n","protected":false},"author":11,"featured_media":0,"parent":660,"menu_order":11,"comment_status":"closed","ping_status":"closed","template":"","meta":{"_acf_changed":false,"inline_featured_image":false,"footnotes":""},"class_list":["post-3264","page","type-page","status-publish","hentry"],"acf":[],"_links":{"self":[{"href":"\/docs-mcloud\/wp-json\/wp\/v2\/pages\/3264","targetHints":{"allow":["GET"]}}],"collection":[{"href":"\/docs-mcloud\/wp-json\/wp\/v2\/pages"}],"about":[{"href":"\/docs-mcloud\/wp-json\/wp\/v2\/types\/page"}],"author":[{"embeddable":true,"href":"\/docs-mcloud\/wp-json\/wp\/v2\/users\/11"}],"replies":[{"embeddable":true,"href":"\/docs-mcloud\/wp-json\/wp\/v2\/comments?post=3264"}],"version-history":[{"count":4,"href":"\/docs-mcloud\/wp-json\/wp\/v2\/pages\/3264\/revisions"}],"predecessor-version":[{"id":3298,"href":"\/docs-mcloud\/wp-json\/wp\/v2\/pages\/3264\/revisions\/3298"}],"up":[{"embeddable":true,"href":"\/docs-mcloud\/wp-json\/wp\/v2\/pages\/660"}],"wp:attachment":[{"href":"\/docs-mcloud\/wp-json\/wp\/v2\/media?parent=3264"}],"curies":[{"name":"wp","href":"https:\/\/api.w.org\/{rel}","templated":true}]}}