{"id":3258,"date":"2026-04-29T11:58:07","date_gmt":"2026-04-29T11:58:07","guid":{"rendered":"\/docs-mcloud\/?page_id=3258"},"modified":"2026-04-29T11:58:35","modified_gmt":"2026-04-29T11:58:35","slug":"aufteilung-breaks-fuer-medienplaene","status":"publish","type":"page","link":"\/docs-mcloud\/hilfe\/streuplan\/aufteilung-breaks-fuer-medienplaene\/","title":{"rendered":"Aufteilung\/Breaks f\u00fcr Medienpl\u00e4ne"},"content":{"rendered":"\n<p>Es besteht die M\u00f6glichkeit direkt im <strong>Streuplan<\/strong> (folgt noch) oder \u00fcber das Modul <strong>Tabellierung<\/strong> die zielgruppenspezifischen Planwerte zu ermitteln. Im Modul Streuplan k\u00f6nnen zus\u00e4tzlich auch Vergleiche zwischen den Pl\u00e4nen vorgenommen werden.<\/p>\n","protected":false},"excerpt":{"rendered":"<p>Es besteht die M\u00f6glichkeit direkt im Streuplan (folgt noch) oder \u00fcber das Modul Tabellierung die zielgruppenspezifischen Planwerte zu ermitteln. Im Modul Streuplan k\u00f6nnen zus\u00e4tzlich auch Vergleiche zwischen den Pl\u00e4nen vorgenommen werden.<\/p>\n","protected":false},"author":11,"featured_media":0,"parent":660,"menu_order":10,"comment_status":"closed","ping_status":"closed","template":"","meta":{"_acf_changed":false,"inline_featured_image":false,"footnotes":""},"class_list":["post-3258","page","type-page","status-publish","hentry"],"acf":[],"_links":{"self":[{"href":"\/docs-mcloud\/wp-json\/wp\/v2\/pages\/3258","targetHints":{"allow":["GET"]}}],"collection":[{"href":"\/docs-mcloud\/wp-json\/wp\/v2\/pages"}],"about":[{"href":"\/docs-mcloud\/wp-json\/wp\/v2\/types\/page"}],"author":[{"embeddable":true,"href":"\/docs-mcloud\/wp-json\/wp\/v2\/users\/11"}],"replies":[{"embeddable":true,"href":"\/docs-mcloud\/wp-json\/wp\/v2\/comments?post=3258"}],"version-history":[{"count":3,"href":"\/docs-mcloud\/wp-json\/wp\/v2\/pages\/3258\/revisions"}],"predecessor-version":[{"id":3262,"href":"\/docs-mcloud\/wp-json\/wp\/v2\/pages\/3258\/revisions\/3262"}],"up":[{"embeddable":true,"href":"\/docs-mcloud\/wp-json\/wp\/v2\/pages\/660"}],"wp:attachment":[{"href":"\/docs-mcloud\/wp-json\/wp\/v2\/media?parent=3258"}],"curies":[{"name":"wp","href":"https:\/\/api.w.org\/{rel}","templated":true}]}}