{"id":3250,"date":"2026-05-08T12:21:00","date_gmt":"2026-05-08T12:21:00","guid":{"rendered":"\/docs-mcloud\/?page_id=3250"},"modified":"2026-05-11T05:54:53","modified_gmt":"2026-05-11T05:54:53","slug":"aufteilung","status":"publish","type":"page","link":"\/docs-mcloud\/hilfe\/streuplan\/aufteilung-breaks-fuer-medienplaene\/aufteilung\/","title":{"rendered":"Aufteilung\/Breaks im Streuplan"},"content":{"rendered":"\n<p>Die Aufteilung der Planergebnisse wird direkt berechnet.<\/p>\n\n\n\n<p>Switchen Sie zwischen erstellten Medienpl\u00e4nen im Reiter <strong>Breaks<\/strong> und ziehen Sie einen oder mehrere Variablen aus dem Codeplan oder gespeicherten Zielgruppe in die Tabelle \u2013 f\u00fcr die gew\u00fcnschte Auswertung in die Tabellenzeilen.<\/p>\n\n\n\n<p>Die dabei angezeigten Leistungswerte orientieren sich in der Auswahl an den festgelegten Planleistungswerten in der Option <a href=\"\/docs-mcloud\/hilfe\/streuplan\/leistungswerte\/\">Layout<\/a>.<\/p>\n\n\n\n<figure class=\"wp-block-image size-full\"><img loading=\"lazy\" decoding=\"async\" width=\"752\" height=\"274\" src=\"\/docs-mcloud\/wp-content\/uploads\/sites\/4\/2026\/05\/image-16.png\" alt=\"\" class=\"wp-image-3294\" srcset=\"\/docs-mcloud\/wp-content\/uploads\/sites\/4\/2026\/05\/image-16.png 752w, \/docs-mcloud\/wp-content\/uploads\/sites\/4\/2026\/05\/image-16-300x109.png 300w\" sizes=\"auto, (max-width: 752px) 100vw, 752px\" \/><\/figure>\n\n\n\n<p>Die Optionen, z.B. Verkn\u00fcpfungsoperationen oder das Duplizieren, stehen in den Tabellenzeilen wie bei der <a href=\"\/docs-mcloud\/hilfe\/tabellierung\/\">Tabellierung<\/a> zur Verf\u00fcgung.<\/p>\n\n\n\n<figure class=\"wp-block-image size-full\"><img loading=\"lazy\" decoding=\"async\" width=\"342\" height=\"169\" src=\"\/docs-mcloud\/wp-content\/uploads\/sites\/4\/2026\/04\/image-17.png\" alt=\"\" class=\"wp-image-3247\" srcset=\"\/docs-mcloud\/wp-content\/uploads\/sites\/4\/2026\/04\/image-17.png 342w, \/docs-mcloud\/wp-content\/uploads\/sites\/4\/2026\/04\/image-17-300x148.png 300w\" sizes=\"auto, (max-width: 342px) 100vw, 342px\" \/><\/figure>\n\n\n\n<figure class=\"wp-block-image size-full\"><img loading=\"lazy\" decoding=\"async\" width=\"351\" height=\"150\" src=\"\/docs-mcloud\/wp-content\/uploads\/sites\/4\/2026\/04\/image-16.png\" alt=\"\" class=\"wp-image-3246\" srcset=\"\/docs-mcloud\/wp-content\/uploads\/sites\/4\/2026\/04\/image-16.png 351w, \/docs-mcloud\/wp-content\/uploads\/sites\/4\/2026\/04\/image-16-300x128.png 300w\" sizes=\"auto, (max-width: 351px) 100vw, 351px\" \/><\/figure>\n\n\n\n<p>Im Reiter <strong>Vergleich<\/strong> werden Pl\u00e4ne einzeln zur Basis oder untereinander \u00fcber die gew\u00e4hlte Referenz verglichen. Es k\u00f6nnen dabei absolute (wertebasierend) und relative (prozentual) Differenzen ausgegeben werden. Positive Differenzen werden mit blauer Schriftfarbe und negative Differenzen mit roter Schriftfarbe gekennzeichnet.<\/p>\n\n\n\n<p>Bei der Sortierung kann zudem nach \u00c4nderung oder nach Ausgangswert sortiert werden. Sind die jeweiligen \u00dcberschriften st\u00f6rend bzw. m\u00f6chte man \u00fcber alle vorhandenen Zielgruppenmerkmale bzw. Breaks sortieren, k\u00f6nnen auf einen Klick auch alle \u00dcberschriften ausgeblendet werden.<\/p>\n\n\n\n<figure class=\"wp-block-image size-full\"><img loading=\"lazy\" decoding=\"async\" width=\"741\" height=\"217\" src=\"\/docs-mcloud\/wp-content\/uploads\/sites\/4\/2026\/05\/image-17.png\" alt=\"\" class=\"wp-image-3295\" srcset=\"\/docs-mcloud\/wp-content\/uploads\/sites\/4\/2026\/05\/image-17.png 741w, \/docs-mcloud\/wp-content\/uploads\/sites\/4\/2026\/05\/image-17-300x88.png 300w\" sizes=\"auto, (max-width: 741px) 100vw, 741px\" \/><\/figure>\n\n\n\n<p><\/p>\n","protected":false},"excerpt":{"rendered":"<p>Die Aufteilung der Planergebnisse wird direkt berechnet. Switchen Sie zwischen erstellten Medienpl\u00e4nen im Reiter Breaks und ziehen Sie einen oder mehrere Variablen aus dem Codeplan oder gespeicherten Zielgruppe in die Tabelle \u2013 f\u00fcr die gew\u00fcnschte Auswertung in die Tabellenzeilen. Die dabei angezeigten Leistungswerte orientieren sich in der Auswahl an den festgelegten Planleistungswerten in der Option [&hellip;]<\/p>\n","protected":false},"author":11,"featured_media":0,"parent":3258,"menu_order":1,"comment_status":"closed","ping_status":"closed","template":"","meta":{"_acf_changed":false,"inline_featured_image":false,"footnotes":""},"class_list":["post-3250","page","type-page","status-publish","hentry"],"acf":[],"_links":{"self":[{"href":"\/docs-mcloud\/wp-json\/wp\/v2\/pages\/3250","targetHints":{"allow":["GET"]}}],"collection":[{"href":"\/docs-mcloud\/wp-json\/wp\/v2\/pages"}],"about":[{"href":"\/docs-mcloud\/wp-json\/wp\/v2\/types\/page"}],"author":[{"embeddable":true,"href":"\/docs-mcloud\/wp-json\/wp\/v2\/users\/11"}],"replies":[{"embeddable":true,"href":"\/docs-mcloud\/wp-json\/wp\/v2\/comments?post=3250"}],"version-history":[{"count":4,"href":"\/docs-mcloud\/wp-json\/wp\/v2\/pages\/3250\/revisions"}],"predecessor-version":[{"id":3296,"href":"\/docs-mcloud\/wp-json\/wp\/v2\/pages\/3250\/revisions\/3296"}],"up":[{"embeddable":true,"href":"\/docs-mcloud\/wp-json\/wp\/v2\/pages\/3258"}],"wp:attachment":[{"href":"\/docs-mcloud\/wp-json\/wp\/v2\/media?parent=3250"}],"curies":[{"name":"wp","href":"https:\/\/api.w.org\/{rel}","templated":true}]}}