{"id":2692,"date":"2025-10-09T10:38:18","date_gmt":"2025-10-09T10:38:18","guid":{"rendered":"\/docs-mcloud\/?page_id=2692"},"modified":"2025-12-08T21:37:47","modified_gmt":"2025-12-08T21:37:47","slug":"verteilung-von-zielgruppen","status":"publish","type":"page","link":"\/docs-mcloud\/hilfe\/regio\/verteilung-von-zielgruppen\/","title":{"rendered":"Verteilung von Zielgruppen"},"content":{"rendered":"\n<h2 class=\"wp-block-heading\">Aufteilung<\/h2>\n\n\n\n<p>\u00dcber das Modul lassen sich Variablen\/Auspr\u00e4gungen\/Medien per Drag&amp;Drop geografisch und regional verteilt darstellen. Dabei werden die Parameter Reichweite (Horiz. %), Fallzahlen und Hochrechnung (in Tsd.) verwendet und ausgegeben.<\/p>\n\n\n\n<p><strong>Kreise<\/strong><\/p>\n\n\n\n<figure class=\"wp-block-image size-full\"><img loading=\"lazy\" decoding=\"async\" width=\"342\" height=\"96\" src=\"\/docs-mcloud\/wp-content\/uploads\/sites\/4\/2025\/10\/image-1.png\" alt=\"\" class=\"wp-image-2694\" srcset=\"\/docs-mcloud\/wp-content\/uploads\/sites\/4\/2025\/10\/image-1.png 342w, \/docs-mcloud\/wp-content\/uploads\/sites\/4\/2025\/10\/image-1-300x84.png 300w\" sizes=\"auto, (max-width: 342px) 100vw, 342px\" \/><\/figure>\n\n\n\n<p>Die Darstellung im Regio-Modul erfolgt auf Kreisebene.<\/p>\n\n\n\n<figure class=\"wp-block-image size-full\"><img loading=\"lazy\" decoding=\"async\" width=\"822\" height=\"466\" src=\"\/docs-mcloud\/wp-content\/uploads\/sites\/4\/2025\/10\/image-3.png\" alt=\"\" class=\"wp-image-2696\" srcset=\"\/docs-mcloud\/wp-content\/uploads\/sites\/4\/2025\/10\/image-3.png 822w, \/docs-mcloud\/wp-content\/uploads\/sites\/4\/2025\/10\/image-3-300x170.png 300w, \/docs-mcloud\/wp-content\/uploads\/sites\/4\/2025\/10\/image-3-768x435.png 768w\" sizes=\"auto, (max-width: 822px) 100vw, 822px\" \/><\/figure>\n\n\n\n<p><strong>Bundesl\u00e4nder<\/strong><\/p>\n\n\n\n<figure class=\"wp-block-image size-full\"><img loading=\"lazy\" decoding=\"async\" width=\"365\" height=\"95\" src=\"\/docs-mcloud\/wp-content\/uploads\/sites\/4\/2025\/10\/image-2.png\" alt=\"\" class=\"wp-image-2695\" srcset=\"\/docs-mcloud\/wp-content\/uploads\/sites\/4\/2025\/10\/image-2.png 365w, \/docs-mcloud\/wp-content\/uploads\/sites\/4\/2025\/10\/image-2-300x78.png 300w\" sizes=\"auto, (max-width: 365px) 100vw, 365px\" \/><\/figure>\n\n\n\n<p>Die Darstellung erfolgt auf Ebene der Bundesl\u00e4nder.<\/p>\n\n\n\n<figure class=\"wp-block-image size-full\"><img loading=\"lazy\" decoding=\"async\" width=\"828\" height=\"464\" src=\"\/docs-mcloud\/wp-content\/uploads\/sites\/4\/2025\/10\/image-4.png\" alt=\"\" class=\"wp-image-2697\" srcset=\"\/docs-mcloud\/wp-content\/uploads\/sites\/4\/2025\/10\/image-4.png 828w, \/docs-mcloud\/wp-content\/uploads\/sites\/4\/2025\/10\/image-4-300x168.png 300w, \/docs-mcloud\/wp-content\/uploads\/sites\/4\/2025\/10\/image-4-768x430.png 768w\" sizes=\"auto, (max-width: 828px) 100vw, 828px\" \/><\/figure>\n\n\n\n<h2 class=\"wp-block-heading\">Werteklassen<\/h2>\n\n\n\n<p>Die grafische Visualisierung erfolgt \u00fcber Werteklassen.<\/p>\n\n\n\n<p>\u00dcber die Einstellung &#8222;Standard&#8220; werden automatisch die systemtypischen Verteilungsparameter (Werteklassen + Farbgebung) angenommen.<br>Im Bereich &#8222;Benutzerdefiniert&#8220; k\u00f6nnen Sie nach folgenden Kriterien die Darstellung individualisieren: <\/p>\n\n\n\n<ul class=\"wp-block-list\">\n<li>Startfarbe\n<ul class=\"wp-block-list\">\n<li>Erstellen Sie individuell ein Farbspektrum f\u00fcr den Beginn der Werteklassen-Gruppierung.<\/li>\n\n\n\n<li>Die Farbe ist \u00fcber Farbpalette, RGB und Hex-Code definierbar<\/li>\n<\/ul>\n<\/li>\n\n\n\n<li>Endfarbe\n<ul class=\"wp-block-list\">\n<li>Erstellen Sie individuell ein Farbspektrum f\u00fcr das Ende der Werteklassen-Gruppierung.<\/li>\n\n\n\n<li>Die Farbe ist \u00fcber Farbpalette, RGB und Hex-Code definierbar<\/li>\n<\/ul>\n<\/li>\n\n\n\n<li>Werteklassen\n<ul class=\"wp-block-list\">\n<li>Automatisch: Die Range der Farbpalette sowie auch die Clusterwerte werden dem Usecase angepasst. Die Anzahl kann individuell \u00fcber den Slider ge\u00e4ndert werden.<\/li>\n<\/ul>\n<\/li>\n<\/ul>\n\n\n\n<figure class=\"wp-block-image size-full\"><img loading=\"lazy\" decoding=\"async\" width=\"412\" height=\"278\" src=\"\/docs-mcloud\/wp-content\/uploads\/sites\/4\/2025\/10\/image-5.png\" alt=\"\" class=\"wp-image-2698\" srcset=\"\/docs-mcloud\/wp-content\/uploads\/sites\/4\/2025\/10\/image-5.png 412w, \/docs-mcloud\/wp-content\/uploads\/sites\/4\/2025\/10\/image-5-300x202.png 300w\" sizes=\"auto, (max-width: 412px) 100vw, 412px\" \/><\/figure>\n\n\n\n<ul class=\"wp-block-list\">\n<li>Werteklassen\n<ul class=\"wp-block-list\">\n<li>Benutzerdefiniert: Die Range der Farbpalette sowie auch die Clusterwerte werden individuell eingestellt.\n<ul class=\"wp-block-list\">\n<li>\u00dcber Anzahl kann der Slider intuitiv die gew\u00fcnschte Anzahl an Clustern erstellen.<\/li>\n\n\n\n<li>\u00dcber die eingestellte Anzahl lassen sich pro Cluster die Min- und Max-Werte individuell vorgeben.<\/li>\n<\/ul>\n<\/li>\n<\/ul>\n<\/li>\n<\/ul>\n\n\n\n<figure class=\"wp-block-gallery has-nested-images columns-default is-cropped wp-block-gallery-1 is-layout-flex wp-block-gallery-is-layout-flex\">\n<figure class=\"wp-block-image size-large is-resized\"><img loading=\"lazy\" decoding=\"async\" width=\"408\" height=\"383\" data-id=\"2699\" src=\"\/docs-mcloud\/wp-content\/uploads\/sites\/4\/2025\/10\/image-6.png\" alt=\"\" class=\"wp-image-2699\" style=\"width:408px;height:auto\" srcset=\"\/docs-mcloud\/wp-content\/uploads\/sites\/4\/2025\/10\/image-6.png 408w, \/docs-mcloud\/wp-content\/uploads\/sites\/4\/2025\/10\/image-6-300x282.png 300w\" sizes=\"auto, (max-width: 408px) 100vw, 408px\" \/><\/figure>\n\n\n\n<figure class=\"wp-block-image size-large is-resized\"><img loading=\"lazy\" decoding=\"async\" width=\"1024\" height=\"440\" data-id=\"2700\" src=\"\/docs-mcloud\/wp-content\/uploads\/sites\/4\/2025\/10\/image-7-1024x440.png\" alt=\"\" class=\"wp-image-2700\" style=\"width:787px;height:auto\" srcset=\"\/docs-mcloud\/wp-content\/uploads\/sites\/4\/2025\/10\/image-7-1024x440.png 1024w, \/docs-mcloud\/wp-content\/uploads\/sites\/4\/2025\/10\/image-7-300x129.png 300w, \/docs-mcloud\/wp-content\/uploads\/sites\/4\/2025\/10\/image-7-768x330.png 768w, \/docs-mcloud\/wp-content\/uploads\/sites\/4\/2025\/10\/image-7.png 1093w\" sizes=\"auto, (max-width: 1024px) 100vw, 1024px\" \/><\/figure>\n<\/figure>\n\n\n\n<h2 class=\"wp-block-heading\">Leistungswerte<\/h2>\n\n\n\n<p>Die Darstellung erfolgt auf Basis der definierten und vor eingestellten Leistungswerte Reichweite (Anteil %), Fallzahlen und Hochrechnung (in Tsd.) verwendet und ausgegeben.<\/p>\n\n\n\n<p><strong>Regio vs. Tabellierung<\/strong><\/p>\n\n\n\n<p>Zur Vergleichbarkeit entsprechen F\u00e4lle dem Leistungswert <a href=\"\/docs-mcloud\/hilfe\/leistungswerte\/\" data-type=\"page\" data-id=\"1640\">F\u00e4lle<\/a> und Anteil % dem Leistungswert <a href=\"\/docs-mcloud\/hilfe\/leistungswerte\/\" data-type=\"page\" data-id=\"1640\">% Horiz<\/a>.<\/p>\n\n\n\n<p><\/p>\n","protected":false},"excerpt":{"rendered":"<p>Aufteilung \u00dcber das Modul lassen sich Variablen\/Auspr\u00e4gungen\/Medien per Drag&amp;Drop geografisch und regional verteilt darstellen. Dabei werden die Parameter Reichweite (Horiz. %), Fallzahlen und Hochrechnung (in Tsd.) verwendet und ausgegeben. Kreise Die Darstellung im Regio-Modul erfolgt auf Kreisebene. Bundesl\u00e4nder Die Darstellung erfolgt auf Ebene der Bundesl\u00e4nder. Werteklassen Die grafische Visualisierung erfolgt \u00fcber Werteklassen. \u00dcber die Einstellung [&hellip;]<\/p>\n","protected":false},"author":11,"featured_media":0,"parent":663,"menu_order":4,"comment_status":"closed","ping_status":"closed","template":"","meta":{"_acf_changed":false,"inline_featured_image":false,"footnotes":""},"class_list":["post-2692","page","type-page","status-publish","hentry"],"acf":[],"_links":{"self":[{"href":"\/docs-mcloud\/wp-json\/wp\/v2\/pages\/2692","targetHints":{"allow":["GET"]}}],"collection":[{"href":"\/docs-mcloud\/wp-json\/wp\/v2\/pages"}],"about":[{"href":"\/docs-mcloud\/wp-json\/wp\/v2\/types\/page"}],"author":[{"embeddable":true,"href":"\/docs-mcloud\/wp-json\/wp\/v2\/users\/11"}],"replies":[{"embeddable":true,"href":"\/docs-mcloud\/wp-json\/wp\/v2\/comments?post=2692"}],"version-history":[{"count":4,"href":"\/docs-mcloud\/wp-json\/wp\/v2\/pages\/2692\/revisions"}],"predecessor-version":[{"id":2748,"href":"\/docs-mcloud\/wp-json\/wp\/v2\/pages\/2692\/revisions\/2748"}],"up":[{"embeddable":true,"href":"\/docs-mcloud\/wp-json\/wp\/v2\/pages\/663"}],"wp:attachment":[{"href":"\/docs-mcloud\/wp-json\/wp\/v2\/media?parent=2692"}],"curies":[{"name":"wp","href":"https:\/\/api.w.org\/{rel}","templated":true}]}}