{"id":2651,"date":"2024-05-16T06:15:18","date_gmt":"2024-05-16T06:15:18","guid":{"rendered":"\/docs-mcloud\/hilfe\/dashboard\/"},"modified":"2026-04-24T06:01:22","modified_gmt":"2026-04-24T06:01:22","slug":"dashboard","status":"publish","type":"page","link":"\/docs-mcloud\/hilfe\/dashboard\/","title":{"rendered":"Dashboard"},"content":{"rendered":"\n<p>Im Dashboard erstellen Sie via Drag&amp;Drop so viele Kacheln (Boards), wie Sie ben\u00f6tigen. Neben Merkmalen aus Code- und Medienplan k\u00f6nnen auch individuell abgespeicherte Zielgruppen verwendet werden.<\/p>\n\n\n\n<p>Eine Begrenzung f\u00fcr die Anzahl an Boards gibt es nicht. Variieren Sie den Visualisierungstyp und die Auswahl an standardisierten Leistungswerten (KPIs) mit einem Mausklick.<\/p>\n\n\n\n<figure class=\"wp-block-image size-large\"><img loading=\"lazy\" decoding=\"async\" width=\"1024\" height=\"557\" src=\"\/docs-mcloud\/wp-content\/uploads\/sites\/4\/2026\/04\/image-8-1024x557.png\" alt=\"\" class=\"wp-image-3218\" srcset=\"\/docs-mcloud\/wp-content\/uploads\/sites\/4\/2026\/04\/image-8-1024x557.png 1024w, \/docs-mcloud\/wp-content\/uploads\/sites\/4\/2026\/04\/image-8-300x163.png 300w, \/docs-mcloud\/wp-content\/uploads\/sites\/4\/2026\/04\/image-8-768x418.png 768w, \/docs-mcloud\/wp-content\/uploads\/sites\/4\/2026\/04\/image-8.png 1059w\" sizes=\"auto, (max-width: 1024px) 100vw, 1024px\" \/><\/figure>\n\n\n\n<figure class=\"wp-block-table\"><table><tbody><tr><td><strong>Nr.<\/strong><\/td><td><strong>Button<\/strong><\/td><td><strong>Funktion<\/strong><\/td><\/tr><tr><td>1<\/td><td>L\u00f6schen<\/td><td>L\u00f6schen aller geladenen Boards<\/td><\/tr><tr><td>2<\/td><td>Standard laden<\/td><td>Laden der als Standard gespeicherten Boards<\/td><\/tr><tr><td>3<\/td><td>Standard speichern<\/td><td>Speichern der geladenen Boards als Standard<\/td><\/tr><tr><td>4<\/td><td>Gr\u00f6\u00dfe<\/td><td>Wechsel der Gr\u00f6\u00dfe der einzelnen Boards: klein, mittel oder gro\u00df <\/td><\/tr><tr><td>5<\/td><td>Visualisierungstyp<\/td><td>Wechsel des Visualisierungstyps: S\u00e4ule, Balken oder Linie<\/td><\/tr><tr><td>6<\/td><td>Leistungswert<\/td><td>Wechsel des ausgewiesenen Leistungswertes: Prozent, Index oder Projektion<\/td><\/tr><tr><td>7<\/td><td>Tabellenansicht<\/td><td>Anzeige der zugeh\u00f6rigen Datentabelle mit allen verf\u00fcgbaren Leistungswerten und Merkmalsauspr\u00e4gungen unterhalb des Boards<\/td><\/tr><\/tbody><\/table><\/figure>\n\n\n\n<h2 class=\"wp-block-heading\">Farbgebung<\/h2>\n\n\n\n<p>Die Farbe beider Filter kann individuell mit einem Klick auf das bunt hinterlegte K\u00e4stchen festgelegt werden. Daf\u00fcr steht zwei Optionen zur Verf\u00fcgung<\/p>\n\n\n\n<p><em>Generalisierung im Filter<\/em><strong> <\/strong><\/p>\n\n\n\n<figure class=\"wp-block-image size-full\"><img loading=\"lazy\" decoding=\"async\" width=\"455\" height=\"456\" src=\"\/docs-mcloud\/wp-content\/uploads\/sites\/4\/2026\/02\/image-23.png\" alt=\"\" class=\"wp-image-3046\" srcset=\"\/docs-mcloud\/wp-content\/uploads\/sites\/4\/2026\/02\/image-23.png 455w, \/docs-mcloud\/wp-content\/uploads\/sites\/4\/2026\/02\/image-23-300x300.png 300w, \/docs-mcloud\/wp-content\/uploads\/sites\/4\/2026\/02\/image-23-150x150.png 150w\" sizes=\"auto, (max-width: 455px) 100vw, 455px\" \/><\/figure>\n\n\n\n<p><em>Individualisierung in der Kachel<\/em><\/p>\n\n\n\n<figure class=\"wp-block-image size-full\"><img loading=\"lazy\" decoding=\"async\" width=\"554\" height=\"456\" src=\"\/docs-mcloud\/wp-content\/uploads\/sites\/4\/2026\/02\/image-24.png\" alt=\"\" class=\"wp-image-3047\" srcset=\"\/docs-mcloud\/wp-content\/uploads\/sites\/4\/2026\/02\/image-24.png 554w, \/docs-mcloud\/wp-content\/uploads\/sites\/4\/2026\/02\/image-24-300x247.png 300w\" sizes=\"auto, (max-width: 554px) 100vw, 554px\" \/><\/figure>\n\n\n\n<h2 class=\"wp-block-heading\">Export<\/h2>\n\n\n\n<p>Es k\u00f6nnen neben den klassischen Exportvarianten in Excel und als PDF die Charts auch als PowerPoint ausgegeben werden.<\/p>\n\n\n\n<figure class=\"wp-block-image size-full\"><img loading=\"lazy\" decoding=\"async\" width=\"319\" height=\"31\" src=\"\/docs-mcloud\/wp-content\/uploads\/sites\/4\/2026\/04\/image-9.png\" alt=\"\" class=\"wp-image-3219\" srcset=\"\/docs-mcloud\/wp-content\/uploads\/sites\/4\/2026\/04\/image-9.png 319w, \/docs-mcloud\/wp-content\/uploads\/sites\/4\/2026\/04\/image-9-300x29.png 300w\" sizes=\"auto, (max-width: 319px) 100vw, 319px\" \/><\/figure>\n\n\n\n<p>Beim PowerPoint-Export ist beim Download einstellbar, wie viele Charts auf einem Slide platziert werden k\u00f6nnen.<\/p>\n\n\n\n<figure class=\"wp-block-image size-full\"><img loading=\"lazy\" decoding=\"async\" width=\"478\" height=\"150\" src=\"\/docs-mcloud\/wp-content\/uploads\/sites\/4\/2026\/04\/image-7.png\" alt=\"\" class=\"wp-image-3217\" srcset=\"\/docs-mcloud\/wp-content\/uploads\/sites\/4\/2026\/04\/image-7.png 478w, \/docs-mcloud\/wp-content\/uploads\/sites\/4\/2026\/04\/image-7-300x94.png 300w\" sizes=\"auto, (max-width: 478px) 100vw, 478px\" \/><\/figure>\n\n\n\n<p><\/p>\n","protected":false},"excerpt":{"rendered":"<p>Im Dashboard erstellen Sie via Drag&amp;Drop so viele Kacheln (Boards), wie Sie ben\u00f6tigen. Neben Merkmalen aus Code- und Medienplan k\u00f6nnen auch individuell abgespeicherte Zielgruppen verwendet werden. Eine Begrenzung f\u00fcr die Anzahl an Boards gibt es nicht. Variieren Sie den Visualisierungstyp und die Auswahl an standardisierten Leistungswerten (KPIs) mit einem Mausklick. Nr. Button Funktion 1 L\u00f6schen [&hellip;]<\/p>\n","protected":false},"author":11,"featured_media":0,"parent":5,"menu_order":7,"comment_status":"closed","ping_status":"closed","template":"","meta":{"_acf_changed":false,"inline_featured_image":false,"footnotes":""},"class_list":["post-2651","page","type-page","status-publish","hentry"],"acf":[],"_links":{"self":[{"href":"\/docs-mcloud\/wp-json\/wp\/v2\/pages\/2651","targetHints":{"allow":["GET"]}}],"collection":[{"href":"\/docs-mcloud\/wp-json\/wp\/v2\/pages"}],"about":[{"href":"\/docs-mcloud\/wp-json\/wp\/v2\/types\/page"}],"author":[{"embeddable":true,"href":"\/docs-mcloud\/wp-json\/wp\/v2\/users\/11"}],"replies":[{"embeddable":true,"href":"\/docs-mcloud\/wp-json\/wp\/v2\/comments?post=2651"}],"version-history":[{"count":4,"href":"\/docs-mcloud\/wp-json\/wp\/v2\/pages\/2651\/revisions"}],"predecessor-version":[{"id":3220,"href":"\/docs-mcloud\/wp-json\/wp\/v2\/pages\/2651\/revisions\/3220"}],"up":[{"embeddable":true,"href":"\/docs-mcloud\/wp-json\/wp\/v2\/pages\/5"}],"wp:attachment":[{"href":"\/docs-mcloud\/wp-json\/wp\/v2\/media?parent=2651"}],"curies":[{"name":"wp","href":"https:\/\/api.w.org\/{rel}","templated":true}]}}