{"id":23,"date":"2020-09-23T08:14:11","date_gmt":"2020-09-23T08:14:40","guid":{"rendered":"\/docs-mcloud\/?page_id=23"},"modified":"2023-08-31T10:00:30","modified_gmt":"2023-08-31T10:00:30","slug":"finder","status":"publish","type":"page","link":"\/docs-mcloud\/hilfe\/programmoberflaeche\/finder\/","title":{"rendered":"Finder"},"content":{"rendered":"\n<div class=\"wp-block-columns is-layout-flex wp-container-core-columns-is-layout-9d6595d7 wp-block-columns-is-layout-flex\">\n<div class=\"wp-block-column is-layout-flow wp-block-column-is-layout-flow\">\n<figure class=\"wp-block-image size-large\"><a href=\"\/docs-mcloud\/wp-content\/uploads\/sites\/4\/2020\/11\/finder.png\"><img loading=\"lazy\" decoding=\"async\" width=\"253\" height=\"490\" src=\"\/docs-mcloud\/wp-content\/uploads\/sites\/4\/2020\/11\/finder.png\" alt=\"\" class=\"wp-image-690\" srcset=\"\/docs-mcloud\/wp-content\/uploads\/sites\/4\/2020\/11\/finder.png 253w, \/docs-mcloud\/wp-content\/uploads\/sites\/4\/2020\/11\/finder-155x300.png 155w\" sizes=\"auto, (max-width: 253px) 100vw, 253px\" \/><\/a><\/figure>\n<\/div>\n\n\n\n<div class=\"wp-block-column is-layout-flow wp-block-column-is-layout-flow\">\n<p>Mit [Enter]&nbsp;oder&nbsp;Klick auf das&nbsp;Lupensymbol&nbsp;wird die Suche&nbsp;nach&nbsp;der eingegebenen Zeichenfolge im Codeplan und im Medienordner gestartet.<\/p>\n\n\n\n<p>Die&nbsp;Suchergebnisse&nbsp;werden&nbsp;in&nbsp;einer&nbsp;Liste unterhalb des Eingabefensters aufgef\u00fchrt.<\/p>\n\n\n\n<ul class=\"wp-block-list\" id=\"block-ee5a5777-818e-49bd-b750-13f0805b2d6c\"><li>Einzelne Zielgruppen oder komplette Ordner aus dem Codeplan sowie Medien aus dem Medienordner k\u00f6nnen direkt in die Auswertung eingef\u00fcgt werden.<\/li><li>Oder springen Sie mit Klick auf das Merkmal an die Stelle des Codeplans.<\/li><\/ul>\n<\/div>\n<\/div>\n\n\n\n<p><\/p>\n","protected":false},"excerpt":{"rendered":"<p>Mit [Enter]&nbsp;oder&nbsp;Klick auf das&nbsp;Lupensymbol&nbsp;wird die Suche&nbsp;nach&nbsp;der eingegebenen Zeichenfolge im Codeplan und im Medienordner gestartet. Die&nbsp;Suchergebnisse&nbsp;werden&nbsp;in&nbsp;einer&nbsp;Liste unterhalb des Eingabefensters aufgef\u00fchrt. Einzelne Zielgruppen oder komplette Ordner aus dem Codeplan sowie Medien aus dem Medienordner k\u00f6nnen direkt in die Auswertung eingef\u00fcgt werden. Oder springen Sie mit Klick auf das Merkmal an die Stelle des Codeplans.<\/p>\n","protected":false},"author":1,"featured_media":0,"parent":13,"menu_order":2,"comment_status":"closed","ping_status":"closed","template":"","meta":{"_acf_changed":false,"inline_featured_image":false,"footnotes":""},"class_list":["post-23","page","type-page","status-publish","hentry"],"acf":[],"_links":{"self":[{"href":"\/docs-mcloud\/wp-json\/wp\/v2\/pages\/23","targetHints":{"allow":["GET"]}}],"collection":[{"href":"\/docs-mcloud\/wp-json\/wp\/v2\/pages"}],"about":[{"href":"\/docs-mcloud\/wp-json\/wp\/v2\/types\/page"}],"author":[{"embeddable":true,"href":"\/docs-mcloud\/wp-json\/wp\/v2\/users\/1"}],"replies":[{"embeddable":true,"href":"\/docs-mcloud\/wp-json\/wp\/v2\/comments?post=23"}],"version-history":[{"count":5,"href":"\/docs-mcloud\/wp-json\/wp\/v2\/pages\/23\/revisions"}],"predecessor-version":[{"id":1936,"href":"\/docs-mcloud\/wp-json\/wp\/v2\/pages\/23\/revisions\/1936"}],"up":[{"embeddable":true,"href":"\/docs-mcloud\/wp-json\/wp\/v2\/pages\/13"}],"wp:attachment":[{"href":"\/docs-mcloud\/wp-json\/wp\/v2\/media?parent=23"}],"curies":[{"name":"wp","href":"https:\/\/api.w.org\/{rel}","templated":true}]}}