{"id":2130,"date":"2020-12-14T11:20:43","date_gmt":"2020-12-14T11:20:43","guid":{"rendered":"\/docs-mcloud\/hilfe\/tagesablauf\/auswertungen-im-tagesablauf\/zeitschnitte\/"},"modified":"2023-08-31T10:00:31","modified_gmt":"2023-08-31T10:00:31","slug":"zeitschnitte","status":"publish","type":"page","link":"\/docs-mcloud\/hilfe\/tagesablauf\/zeitschnitte\/","title":{"rendered":"Zeitschnitte"},"content":{"rendered":"\n<p>Neben \u00bc-Stundenschnitten k\u00f6nnen zusammengefasste Zeitschnitte ausgewertet werden. Diese umfassen alle Personen, die mindestens \u00bc Stunde innerhalb des Zeitraums das Medium genutzt oder die T\u00e4tigkeit ausgef\u00fchrt haben.<\/p>\n\n\n\n<p>Zur Verf\u00fcgung stehen:<\/p>\n\n\n\n<ul class=\"wp-block-list\"><li>1-Stunden-Schnitte<\/li><li>3-Stunden-Schnitte<\/li><li>Nettoreichweite 5.00 &#8211; 24.00<\/li><li>Nettoreichweite 6.00 &#8211; 18.00<\/li><\/ul>\n\n\n\n<p>Weiterhin ist eine Auswertung f\u00fcr die <em>\u00d8 Stunde 6.00 &#8211; 18.00<\/em> m\u00f6glich. Gebildet wird der Wert als Durchschnitt \u00fcber die Summen aller Stunden von 6.00 bis 18.00.<\/p>\n\n\n\n<figure class=\"wp-block-image size-large\"><a href=\"\/docs-mcloud\/wp-content\/uploads\/sites\/4\/2020\/12\/Tagesablauf_Durchschnitt.png\"><img loading=\"lazy\" decoding=\"async\" width=\"399\" height=\"398\" src=\"\/docs-mcloud\/wp-content\/uploads\/sites\/4\/2020\/12\/Tagesablauf_Durchschnitt.png\" alt=\"\" class=\"wp-image-2138\" srcset=\"\/docs-mcloud\/wp-content\/uploads\/sites\/4\/2020\/12\/Tagesablauf_Durchschnitt.png 399w, \/docs-mcloud\/wp-content\/uploads\/sites\/4\/2020\/12\/Tagesablauf_Durchschnitt-300x300.png 300w, \/docs-mcloud\/wp-content\/uploads\/sites\/4\/2020\/12\/Tagesablauf_Durchschnitt-150x150.png 150w\" sizes=\"auto, (max-width: 399px) 100vw, 399px\" \/><\/a><figcaption>DVDs \/ Videos \/ Blu-rays ansehen: \u00d8 Stunde 6.00 &#8211; 18.00<\/figcaption><\/figure>\n\n\n\n<p>Der <em>\u00d8 Stunde 6.00 &#8211; 18.00<\/em> betr\u00e4gt 191 F\u00e4lle. Dies entspricht dem Durchschnitt der Summe der einzelnen Stunden:<\/p>\n\n\n\n<p>(50 + 80 + 80 + 96 + 167 + 178 + 194 + 202 + 258 + 289 + 332 + 360) \/ 12 = 191<\/p>\n\n\n\n<h2 class=\"wp-block-heading\">Definition eigener Zeitschnitte<\/h2>\n\n\n\n<p>Verkn\u00fcpfen Sie Zeitschnitte, indem Sie sie markieren und den <em>Oder<\/em>-Operator der rechten Maustaste verwenden, um individuelle zusammengefasste Zeitschnitte zu analysieren.<\/p>\n\n\n\n<figure class=\"wp-block-image size-large\"><a href=\"\/docs-mcloud\/wp-content\/uploads\/sites\/4\/2020\/12\/Tagesablauf_Zeitschnitte.png\"><img loading=\"lazy\" decoding=\"async\" width=\"543\" height=\"193\" src=\"\/docs-mcloud\/wp-content\/uploads\/sites\/4\/2020\/12\/Tagesablauf_Zeitschnitte.png\" alt=\"\" class=\"wp-image-2136\" srcset=\"\/docs-mcloud\/wp-content\/uploads\/sites\/4\/2020\/12\/Tagesablauf_Zeitschnitte.png 543w, \/docs-mcloud\/wp-content\/uploads\/sites\/4\/2020\/12\/Tagesablauf_Zeitschnitte-300x107.png 300w\" sizes=\"auto, (max-width: 543px) 100vw, 543px\" \/><\/a><\/figure>\n\n\n\n<p>Um Zeitschnitte zu z\u00e4hlen, <em>muss <\/em>eine T\u00e4tigkeit oder ein Medium aus dem Ordner <em>Tagesablauf <\/em>mit dem Zeitschnitt verkn\u00fcpft oder in der Tabelle gekreuzt werden.<\/p>\n","protected":false},"excerpt":{"rendered":"<p>Neben \u00bc-Stundenschnitten k\u00f6nnen zusammengefasste Zeitschnitte ausgewertet werden. Diese umfassen alle Personen, die mindestens \u00bc Stunde innerhalb des Zeitraums das Medium genutzt oder die T\u00e4tigkeit ausgef\u00fchrt haben. Zur Verf\u00fcgung stehen: 1-Stunden-Schnitte 3-Stunden-Schnitte Nettoreichweite 5.00 &#8211; 24.00 Nettoreichweite 6.00 &#8211; 18.00 Weiterhin ist eine Auswertung f\u00fcr die \u00d8 Stunde 6.00 &#8211; 18.00 m\u00f6glich. Gebildet wird der Wert [&hellip;]<\/p>\n","protected":false},"author":7,"featured_media":0,"parent":664,"menu_order":1,"comment_status":"closed","ping_status":"closed","template":"","meta":{"_acf_changed":false,"inline_featured_image":false,"footnotes":""},"class_list":["post-2130","page","type-page","status-publish","hentry"],"acf":[],"_links":{"self":[{"href":"\/docs-mcloud\/wp-json\/wp\/v2\/pages\/2130","targetHints":{"allow":["GET"]}}],"collection":[{"href":"\/docs-mcloud\/wp-json\/wp\/v2\/pages"}],"about":[{"href":"\/docs-mcloud\/wp-json\/wp\/v2\/types\/page"}],"author":[{"embeddable":true,"href":"\/docs-mcloud\/wp-json\/wp\/v2\/users\/7"}],"replies":[{"embeddable":true,"href":"\/docs-mcloud\/wp-json\/wp\/v2\/comments?post=2130"}],"version-history":[{"count":2,"href":"\/docs-mcloud\/wp-json\/wp\/v2\/pages\/2130\/revisions"}],"predecessor-version":[{"id":2139,"href":"\/docs-mcloud\/wp-json\/wp\/v2\/pages\/2130\/revisions\/2139"}],"up":[{"embeddable":true,"href":"\/docs-mcloud\/wp-json\/wp\/v2\/pages\/664"}],"wp:attachment":[{"href":"\/docs-mcloud\/wp-json\/wp\/v2\/media?parent=2130"}],"curies":[{"name":"wp","href":"https:\/\/api.w.org\/{rel}","templated":true}]}}