{"id":2057,"date":"2020-12-11T12:21:03","date_gmt":"2020-12-11T12:21:03","guid":{"rendered":"\/docs-mcloud\/hilfe\/charts-2\/auswahl-grafikbereich\/"},"modified":"2023-08-31T10:00:30","modified_gmt":"2023-08-31T10:00:30","slug":"auswahl-grafikbereich","status":"publish","type":"page","link":"\/docs-mcloud\/hilfe\/programmoberflaeche\/charts-2\/auswahl-grafikbereich\/","title":{"rendered":"Auswahl Grafikbereich"},"content":{"rendered":"\n<p>Wenn nur bestimmte Spalten grafisch umgesetzt werden sollen, markiert man diese vor dem Wechsel in das Grafiktool.<\/p>\n\n\n\n<figure class=\"wp-block-image size-large\"><a href=\"\/docs-mcloud\/wp-content\/uploads\/sites\/4\/2020\/11\/chart-selektieren.png\"><img loading=\"lazy\" decoding=\"async\" width=\"506\" height=\"298\" src=\"\/docs-mcloud\/wp-content\/uploads\/sites\/4\/2020\/11\/chart-selektieren.png\" alt=\"\" class=\"wp-image-778\" srcset=\"\/docs-mcloud\/wp-content\/uploads\/sites\/4\/2020\/11\/chart-selektieren.png 506w, \/docs-mcloud\/wp-content\/uploads\/sites\/4\/2020\/11\/chart-selektieren-300x177.png 300w\" sizes=\"auto, (max-width: 506px) 100vw, 506px\" \/><\/a><\/figure>\n\n\n\n<h2 class=\"wp-block-heading\">Navigation<\/h2>\n\n\n\n<p>Im Chart-Dialog ist die Anzahl der Eintr\u00e4ge pro Seite f\u00fcr die X-Achse auf maximal 10 beschr\u00e4nkt. Sind mehr als 10 Eintr\u00e4ge vorhanden, erscheinen Navigationselemente am unteren Bildschirmrand zum Vor- und Zur\u00fcckschalten. Die Anzahl der Eintr\u00e4ge pro Seite kann in den <a href=\"#Anzahl\">Designoptionen<\/a> angepasst werden.<\/p>\n\n\n\n<figure class=\"wp-block-image size-large\"><a href=\"\/docs-mcloud\/wp-content\/uploads\/sites\/4\/2020\/12\/Chart_Navigation.png\"><img loading=\"lazy\" decoding=\"async\" width=\"1024\" height=\"663\" src=\"\/docs-mcloud\/wp-content\/uploads\/sites\/4\/2020\/12\/Chart_Navigation-1024x663.png\" alt=\"\" class=\"wp-image-2064\" srcset=\"\/docs-mcloud\/wp-content\/uploads\/sites\/4\/2020\/12\/Chart_Navigation-1024x663.png 1024w, \/docs-mcloud\/wp-content\/uploads\/sites\/4\/2020\/12\/Chart_Navigation-300x194.png 300w, \/docs-mcloud\/wp-content\/uploads\/sites\/4\/2020\/12\/Chart_Navigation-768x497.png 768w, \/docs-mcloud\/wp-content\/uploads\/sites\/4\/2020\/12\/Chart_Navigation.png 1041w\" sizes=\"auto, (max-width: 1024px) 100vw, 1024px\" \/><\/a><\/figure>\n","protected":false},"excerpt":{"rendered":"<p>Wenn nur bestimmte Spalten grafisch umgesetzt werden sollen, markiert man diese vor dem Wechsel in das Grafiktool. Navigation Im Chart-Dialog ist die Anzahl der Eintr\u00e4ge pro Seite f\u00fcr die X-Achse auf maximal 10 beschr\u00e4nkt. Sind mehr als 10 Eintr\u00e4ge vorhanden, erscheinen Navigationselemente am unteren Bildschirmrand zum Vor- und Zur\u00fcckschalten. Die Anzahl der Eintr\u00e4ge pro Seite [&hellip;]<\/p>\n","protected":false},"author":7,"featured_media":0,"parent":2053,"menu_order":0,"comment_status":"closed","ping_status":"closed","template":"","meta":{"_acf_changed":false,"inline_featured_image":false,"footnotes":""},"class_list":["post-2057","page","type-page","status-publish","hentry"],"acf":[],"_links":{"self":[{"href":"\/docs-mcloud\/wp-json\/wp\/v2\/pages\/2057","targetHints":{"allow":["GET"]}}],"collection":[{"href":"\/docs-mcloud\/wp-json\/wp\/v2\/pages"}],"about":[{"href":"\/docs-mcloud\/wp-json\/wp\/v2\/types\/page"}],"author":[{"embeddable":true,"href":"\/docs-mcloud\/wp-json\/wp\/v2\/users\/7"}],"replies":[{"embeddable":true,"href":"\/docs-mcloud\/wp-json\/wp\/v2\/comments?post=2057"}],"version-history":[{"count":3,"href":"\/docs-mcloud\/wp-json\/wp\/v2\/pages\/2057\/revisions"}],"predecessor-version":[{"id":2069,"href":"\/docs-mcloud\/wp-json\/wp\/v2\/pages\/2057\/revisions\/2069"}],"up":[{"embeddable":true,"href":"\/docs-mcloud\/wp-json\/wp\/v2\/pages\/2053"}],"wp:attachment":[{"href":"\/docs-mcloud\/wp-json\/wp\/v2\/media?parent=2057"}],"curies":[{"name":"wp","href":"https:\/\/api.w.org\/{rel}","templated":true}]}}