{"id":1918,"date":"2020-12-09T10:35:39","date_gmt":"2020-12-09T10:35:39","guid":{"rendered":"\/docs-mcloud\/hilfe\/tabellierung\/mediakompass-b4p-bis-2019-iii\/"},"modified":"2023-08-31T10:00:30","modified_gmt":"2023-08-31T10:00:30","slug":"mediakompass-b4p-bis-2019-iii","status":"publish","type":"page","link":"\/docs-mcloud\/hilfe\/tabellierung\/mediakompass-b4p-bis-2019-iii\/","title":{"rendered":"Mediakompass (b4p bis 2019 III)"},"content":{"rendered":"\n<p>Das Tool Mediakompass zeigt anhand einer Ma\u00dfzahl, in welchen Mediengattungen oder deren Untergruppen sich bestimmte Zielgruppen konzentrieren, um die strategische Mediaplanung wirkungsvoll zu unterst\u00fctzen.<\/p>\n\n\n\n<p>Die Ma\u00dfzahl reicht von 0 bis 100 und repr\u00e4sentiert die Nutzungsintensit\u00e4t der betrachteten Mediengattungen Ihrer Zielgruppe im Vergleich zu allen anderen Befragten.<\/p>\n\n\n\n<figure class=\"wp-block-image size-large\"><a href=\"\/docs-mcloud\/wp-content\/uploads\/sites\/4\/2020\/12\/Mediakompass1.png\"><img loading=\"lazy\" decoding=\"async\" width=\"537\" height=\"227\" src=\"\/docs-mcloud\/wp-content\/uploads\/sites\/4\/2020\/12\/Mediakompass1.png\" alt=\"\" class=\"wp-image-1922\" srcset=\"\/docs-mcloud\/wp-content\/uploads\/sites\/4\/2020\/12\/Mediakompass1.png 537w, \/docs-mcloud\/wp-content\/uploads\/sites\/4\/2020\/12\/Mediakompass1-300x127.png 300w\" sizes=\"auto, (max-width: 537px) 100vw, 537px\" \/><\/a><figcaption>Auswahl einer Zielgruppe f\u00fcr den Vergleich der Mediennutzung im Mediakompass<\/figcaption><\/figure>\n\n\n\n<figure class=\"wp-block-image size-large\"><a href=\"\/docs-mcloud\/wp-content\/uploads\/sites\/4\/2020\/12\/Mediakompass.png\"><img loading=\"lazy\" decoding=\"async\" width=\"710\" height=\"353\" src=\"\/docs-mcloud\/wp-content\/uploads\/sites\/4\/2020\/12\/Mediakompass.png\" alt=\"\" class=\"wp-image-1921\" srcset=\"\/docs-mcloud\/wp-content\/uploads\/sites\/4\/2020\/12\/Mediakompass.png 710w, \/docs-mcloud\/wp-content\/uploads\/sites\/4\/2020\/12\/Mediakompass-300x149.png 300w\" sizes=\"auto, (max-width: 710px) 100vw, 710px\" \/><\/a><figcaption>Ansicht im Mediakompass<\/figcaption><\/figure>\n\n\n\n<h2 class=\"wp-block-heading\">Konstruktionsmethode Mediakompass<\/h2>\n\n\n\n<p>Der Mediakompass ist eine Weiterentwicklung der Medianutzergruppen. F\u00fcr jeden Befragten werden die Kontaktwahrscheinlichkeiten mit jeder Mediengattung bzw. Untergruppe gruppenweise addiert. Jedem Befragten im Datensatz wird eine Ma\u00dfzahl zwischen 0 und 100 zugeordnet, die die Nutzungsintensit\u00e4t der betrachteten Mediengattung oder Gruppe des betreffenden Befragten im Vergleich zu allen anderen Befragten widerspiegelt.<\/p>\n\n\n\n<p>Das Hundertstel aller Befragten mit den meisten Kontakten erh\u00e4lt personenindividuell die Ma\u00dfzahl 100, das Hundertstel aller Befragten mit den zweith\u00f6chsten Kontakten die Ma\u00dfzahl 99 usw. Dem Hundertstel der Befragten mit den wenigsten Kontakten erh\u00e4lt die Ma\u00dfzahl 1. Sofern ein Befragter mit keinem Medium der betreffenden Gattung \/ Gruppe Kontakt hatte, wird die Ma\u00dfzahl 0 zugewiesen.<\/p>\n\n\n\n<p><\/p>\n","protected":false},"excerpt":{"rendered":"<p>Das Tool Mediakompass zeigt anhand einer Ma\u00dfzahl, in welchen Mediengattungen oder deren Untergruppen sich bestimmte Zielgruppen konzentrieren, um die strategische Mediaplanung wirkungsvoll zu unterst\u00fctzen. Die Ma\u00dfzahl reicht von 0 bis 100 und repr\u00e4sentiert die Nutzungsintensit\u00e4t der betrachteten Mediengattungen Ihrer Zielgruppe im Vergleich zu allen anderen Befragten. Konstruktionsmethode Mediakompass Der Mediakompass ist eine Weiterentwicklung der Medianutzergruppen. [&hellip;]<\/p>\n","protected":false},"author":7,"featured_media":0,"parent":656,"menu_order":12,"comment_status":"closed","ping_status":"closed","template":"","meta":{"_acf_changed":false,"inline_featured_image":false,"footnotes":""},"class_list":["post-1918","page","type-page","status-publish","hentry"],"acf":[],"_links":{"self":[{"href":"\/docs-mcloud\/wp-json\/wp\/v2\/pages\/1918","targetHints":{"allow":["GET"]}}],"collection":[{"href":"\/docs-mcloud\/wp-json\/wp\/v2\/pages"}],"about":[{"href":"\/docs-mcloud\/wp-json\/wp\/v2\/types\/page"}],"author":[{"embeddable":true,"href":"\/docs-mcloud\/wp-json\/wp\/v2\/users\/7"}],"replies":[{"embeddable":true,"href":"\/docs-mcloud\/wp-json\/wp\/v2\/comments?post=1918"}],"version-history":[{"count":1,"href":"\/docs-mcloud\/wp-json\/wp\/v2\/pages\/1918\/revisions"}],"predecessor-version":[{"id":1923,"href":"\/docs-mcloud\/wp-json\/wp\/v2\/pages\/1918\/revisions\/1923"}],"up":[{"embeddable":true,"href":"\/docs-mcloud\/wp-json\/wp\/v2\/pages\/656"}],"wp:attachment":[{"href":"\/docs-mcloud\/wp-json\/wp\/v2\/media?parent=1918"}],"curies":[{"name":"wp","href":"https:\/\/api.w.org\/{rel}","templated":true}]}}