{"id":1910,"date":"2020-12-09T10:12:09","date_gmt":"2020-12-09T10:12:09","guid":{"rendered":"\/docs-mcloud\/hilfe\/tabellierung\/streuplaene-in-der-tabellierung\/"},"modified":"2023-08-31T10:00:30","modified_gmt":"2023-08-31T10:00:30","slug":"streuplaene-in-der-tabellierung","status":"publish","type":"page","link":"\/docs-mcloud\/hilfe\/tabellierung\/streuplaene-in-der-tabellierung\/","title":{"rendered":"Streupl\u00e4ne in der Tabellierung"},"content":{"rendered":"\n<p>Medienpl\u00e4ne k\u00f6nnen f\u00fcr beliebige Merkmale der Studie ausgewertet werden.<\/p>\n\n\n\n<div class=\"wp-block-media-text alignwide is-stacked-on-mobile\" style=\"grid-template-columns:35% auto\"><figure class=\"wp-block-media-text__media\"><a href=\"\/docs-mcloud\/wp-content\/uploads\/sites\/4\/2020\/12\/Medienplaene_in_Tabellierung.png\"><img loading=\"lazy\" decoding=\"async\" width=\"266\" height=\"142\" src=\"\/docs-mcloud\/wp-content\/uploads\/sites\/4\/2020\/12\/Medienplaene_in_Tabellierung.png\" alt=\"\" class=\"wp-image-1913\" \/><\/a><\/figure><div class=\"wp-block-media-text__content\">\n<p>Ziehen Sie einen oder mehrere Pl\u00e4ne in die Tabelle &#8211; je nach gew\u00fcnschter Auswertung in den Tabellenkopf oder in die Vorspalte.<\/p>\n<\/div><\/div>\n\n\n\n<div class=\"wp-block-columns is-layout-flex wp-container-core-columns-is-layout-9d6595d7 wp-block-columns-is-layout-flex\">\n<div class=\"wp-block-column is-layout-flow wp-block-column-is-layout-flow\">\n<figure class=\"wp-block-image size-large\"><a href=\"\/docs-mcloud\/wp-content\/uploads\/sites\/4\/2020\/12\/Medienplaene_in_Tabellierung1.png\"><img loading=\"lazy\" decoding=\"async\" width=\"583\" height=\"331\" src=\"\/docs-mcloud\/wp-content\/uploads\/sites\/4\/2020\/12\/Medienplaene_in_Tabellierung1.png\" alt=\"\" class=\"wp-image-1914\" srcset=\"\/docs-mcloud\/wp-content\/uploads\/sites\/4\/2020\/12\/Medienplaene_in_Tabellierung1.png 583w, \/docs-mcloud\/wp-content\/uploads\/sites\/4\/2020\/12\/Medienplaene_in_Tabellierung1-300x170.png 300w\" sizes=\"auto, (max-width: 583px) 100vw, 583px\" \/><\/a><figcaption>Medienplan im Tabellenkopf<\/figcaption><\/figure>\n<\/div>\n\n\n\n<div class=\"wp-block-column is-layout-flow wp-block-column-is-layout-flow\">\n<figure class=\"wp-block-image size-large\"><a href=\"\/docs-mcloud\/wp-content\/uploads\/sites\/4\/2020\/12\/Medienplaene_in_Tabellierung2.png\"><img loading=\"lazy\" decoding=\"async\" width=\"745\" height=\"230\" src=\"\/docs-mcloud\/wp-content\/uploads\/sites\/4\/2020\/12\/Medienplaene_in_Tabellierung2.png\" alt=\"\" class=\"wp-image-1915\" srcset=\"\/docs-mcloud\/wp-content\/uploads\/sites\/4\/2020\/12\/Medienplaene_in_Tabellierung2.png 745w, \/docs-mcloud\/wp-content\/uploads\/sites\/4\/2020\/12\/Medienplaene_in_Tabellierung2-300x93.png 300w\" sizes=\"auto, (max-width: 745px) 100vw, 745px\" \/><\/a><\/figure>\n<\/div>\n<\/div>\n\n\n\n<p>Die Auswahl der Leistungswerte f\u00fcr die Darstellung der Medienpl\u00e4ne erfolgt im <a href=\"\/docs-mcloud\/hilfe\/tabellierung\/tabellenlayout\/\">Tabellenlayout<\/a> unter <strong>Leistungswerte<\/strong>.<\/p>\n\n\n\n<p>Die verwendete Tarifdatei kann in den Modulen <a href=\"\/docs-mcloud\/hilfe\/rangreihe\/\">Rangreihe<\/a> und <a href=\"\/docs-mcloud\/hilfe\/streuplan\/\">Streuplan<\/a> ge\u00e4ndert werden.<\/p>\n","protected":false},"excerpt":{"rendered":"<p>Medienpl\u00e4ne k\u00f6nnen f\u00fcr beliebige Merkmale der Studie ausgewertet werden. Ziehen Sie einen oder mehrere Pl\u00e4ne in die Tabelle &#8211; je nach gew\u00fcnschter Auswertung in den Tabellenkopf oder in die Vorspalte. Die Auswahl der Leistungswerte f\u00fcr die Darstellung der Medienpl\u00e4ne erfolgt im Tabellenlayout unter Leistungswerte. Die verwendete Tarifdatei kann in den Modulen Rangreihe und Streuplan ge\u00e4ndert [&hellip;]<\/p>\n","protected":false},"author":7,"featured_media":0,"parent":656,"menu_order":9,"comment_status":"closed","ping_status":"closed","template":"","meta":{"_acf_changed":false,"inline_featured_image":false,"footnotes":""},"class_list":["post-1910","page","type-page","status-publish","hentry"],"acf":[],"_links":{"self":[{"href":"\/docs-mcloud\/wp-json\/wp\/v2\/pages\/1910","targetHints":{"allow":["GET"]}}],"collection":[{"href":"\/docs-mcloud\/wp-json\/wp\/v2\/pages"}],"about":[{"href":"\/docs-mcloud\/wp-json\/wp\/v2\/types\/page"}],"author":[{"embeddable":true,"href":"\/docs-mcloud\/wp-json\/wp\/v2\/users\/7"}],"replies":[{"embeddable":true,"href":"\/docs-mcloud\/wp-json\/wp\/v2\/comments?post=1910"}],"version-history":[{"count":2,"href":"\/docs-mcloud\/wp-json\/wp\/v2\/pages\/1910\/revisions"}],"predecessor-version":[{"id":1917,"href":"\/docs-mcloud\/wp-json\/wp\/v2\/pages\/1910\/revisions\/1917"}],"up":[{"embeddable":true,"href":"\/docs-mcloud\/wp-json\/wp\/v2\/pages\/656"}],"wp:attachment":[{"href":"\/docs-mcloud\/wp-json\/wp\/v2\/media?parent=1910"}],"curies":[{"name":"wp","href":"https:\/\/api.w.org\/{rel}","templated":true}]}}