{"id":1889,"date":"2020-12-09T08:38:46","date_gmt":"2020-12-09T08:38:46","guid":{"rendered":"\/docs-mcloud\/hilfe\/tabellierung\/merkmale-in-andere-module-uebernehmen\/"},"modified":"2023-08-31T10:00:30","modified_gmt":"2023-08-31T10:00:30","slug":"merkmale-in-andere-module-uebernehmen","status":"publish","type":"page","link":"\/docs-mcloud\/hilfe\/tabellierung\/merkmale-in-andere-module-uebernehmen\/","title":{"rendered":"Merkmale in andere Module \u00fcbernehmen"},"content":{"rendered":"\n<p>\u00dcbernehmen Sie mit einem Klick Ihre Merkmale in das Modul <a href=\"\/docs-mcloud\/hilfe\/targeting\/\">Targeting<\/a> oder die <a href=\"\/docs-mcloud\/hilfe\/rangreihe\/\">Rangreihe<\/a> und arbeiten Sie dort nahtlos weiter.<\/p>\n\n\n\n<h2 class=\"wp-block-heading\">Merkmale ins Targeting \u00fcbernehmen<\/h2>\n\n\n\n<p>Mit Klick auf diese Auswahl werden alle Elemente der Vorspalte und des Tabellenkopfes in das Modul Targeting \u00fcbernommen.<\/p>\n\n\n\n<figure class=\"wp-block-image size-large\"><a href=\"\/docs-mcloud\/wp-content\/uploads\/sites\/4\/2020\/12\/Merkmale_uebernehmen1-1.png\"><img loading=\"lazy\" decoding=\"async\" width=\"661\" height=\"449\" src=\"\/docs-mcloud\/wp-content\/uploads\/sites\/4\/2020\/12\/Merkmale_uebernehmen1-1.png\" alt=\"\" class=\"wp-image-1891\" srcset=\"\/docs-mcloud\/wp-content\/uploads\/sites\/4\/2020\/12\/Merkmale_uebernehmen1-1.png 661w, \/docs-mcloud\/wp-content\/uploads\/sites\/4\/2020\/12\/Merkmale_uebernehmen1-1-300x204.png 300w\" sizes=\"auto, (max-width: 661px) 100vw, 661px\" \/><\/a><figcaption>Ansicht in der Tabellierung<\/figcaption><\/figure>\n\n\n\n<figure class=\"wp-block-image size-large\"><a href=\"\/docs-mcloud\/wp-content\/uploads\/sites\/4\/2020\/12\/Merkmale_uebernehmen3.png\"><img loading=\"lazy\" decoding=\"async\" width=\"872\" height=\"415\" src=\"\/docs-mcloud\/wp-content\/uploads\/sites\/4\/2020\/12\/Merkmale_uebernehmen3.png\" alt=\"\" class=\"wp-image-1894\" srcset=\"\/docs-mcloud\/wp-content\/uploads\/sites\/4\/2020\/12\/Merkmale_uebernehmen3.png 872w, \/docs-mcloud\/wp-content\/uploads\/sites\/4\/2020\/12\/Merkmale_uebernehmen3-300x143.png 300w, \/docs-mcloud\/wp-content\/uploads\/sites\/4\/2020\/12\/Merkmale_uebernehmen3-768x366.png 768w\" sizes=\"auto, (max-width: 872px) 100vw, 872px\" \/><\/a><figcaption>Ansicht im Targeting nach \u00dcbernahme der Merkmale<\/figcaption><\/figure>\n\n\n\n<h2 class=\"wp-block-heading\">Medien in die Rangreihe \u00fcbernehmen<\/h2>\n\n\n\n<p>Diese Option wird nur eingeblendet, wenn sich Medien in der Tabellierung befinden. Es werden bei dieser Option ausschlie\u00dflich <em>Medien <\/em>in das Modul Rangreihe verschoben.<\/p>\n\n\n\n<figure class=\"wp-block-image size-large\"><a href=\"\/docs-mcloud\/wp-content\/uploads\/sites\/4\/2020\/12\/Merkmale_uebernehmen2.png\"><img loading=\"lazy\" decoding=\"async\" width=\"748\" height=\"297\" src=\"\/docs-mcloud\/wp-content\/uploads\/sites\/4\/2020\/12\/Merkmale_uebernehmen2.png\" alt=\"\" class=\"wp-image-1896\" srcset=\"\/docs-mcloud\/wp-content\/uploads\/sites\/4\/2020\/12\/Merkmale_uebernehmen2.png 748w, \/docs-mcloud\/wp-content\/uploads\/sites\/4\/2020\/12\/Merkmale_uebernehmen2-300x119.png 300w\" sizes=\"auto, (max-width: 748px) 100vw, 748px\" \/><\/a><figcaption>Ansicht in der Tabellierung<\/figcaption><\/figure>\n\n\n\n<figure class=\"wp-block-image size-large\"><a href=\"\/docs-mcloud\/wp-content\/uploads\/sites\/4\/2020\/12\/Merkmale_uebernehmen4.png\"><img loading=\"lazy\" decoding=\"async\" width=\"552\" height=\"202\" src=\"\/docs-mcloud\/wp-content\/uploads\/sites\/4\/2020\/12\/Merkmale_uebernehmen4.png\" alt=\"\" class=\"wp-image-1897\" srcset=\"\/docs-mcloud\/wp-content\/uploads\/sites\/4\/2020\/12\/Merkmale_uebernehmen4.png 552w, \/docs-mcloud\/wp-content\/uploads\/sites\/4\/2020\/12\/Merkmale_uebernehmen4-300x110.png 300w\" sizes=\"auto, (max-width: 552px) 100vw, 552px\" \/><\/a><figcaption>\u00dcbernahme der Medien in die Rangreihe<\/figcaption><\/figure>\n","protected":false},"excerpt":{"rendered":"<p>\u00dcbernehmen Sie mit einem Klick Ihre Merkmale in das Modul Targeting oder die Rangreihe und arbeiten Sie dort nahtlos weiter. Merkmale ins Targeting \u00fcbernehmen Mit Klick auf diese Auswahl werden alle Elemente der Vorspalte und des Tabellenkopfes in das Modul Targeting \u00fcbernommen. Medien in die Rangreihe \u00fcbernehmen Diese Option wird nur eingeblendet, wenn sich Medien [&hellip;]<\/p>\n","protected":false},"author":7,"featured_media":0,"parent":656,"menu_order":8,"comment_status":"closed","ping_status":"closed","template":"","meta":{"_acf_changed":false,"inline_featured_image":false,"footnotes":""},"class_list":["post-1889","page","type-page","status-publish","hentry"],"acf":[],"_links":{"self":[{"href":"\/docs-mcloud\/wp-json\/wp\/v2\/pages\/1889","targetHints":{"allow":["GET"]}}],"collection":[{"href":"\/docs-mcloud\/wp-json\/wp\/v2\/pages"}],"about":[{"href":"\/docs-mcloud\/wp-json\/wp\/v2\/types\/page"}],"author":[{"embeddable":true,"href":"\/docs-mcloud\/wp-json\/wp\/v2\/users\/7"}],"replies":[{"embeddable":true,"href":"\/docs-mcloud\/wp-json\/wp\/v2\/comments?post=1889"}],"version-history":[{"count":4,"href":"\/docs-mcloud\/wp-json\/wp\/v2\/pages\/1889\/revisions"}],"predecessor-version":[{"id":1997,"href":"\/docs-mcloud\/wp-json\/wp\/v2\/pages\/1889\/revisions\/1997"}],"up":[{"embeddable":true,"href":"\/docs-mcloud\/wp-json\/wp\/v2\/pages\/656"}],"wp:attachment":[{"href":"\/docs-mcloud\/wp-json\/wp\/v2\/media?parent=1889"}],"curies":[{"name":"wp","href":"https:\/\/api.w.org\/{rel}","templated":true}]}}