{"id":1881,"date":"2020-12-09T08:20:26","date_gmt":"2020-12-09T08:20:26","guid":{"rendered":"\/docs-mcloud\/hilfe\/tabellierung\/medienfilter\/"},"modified":"2023-08-31T10:00:30","modified_gmt":"2023-08-31T10:00:30","slug":"medienfilter","status":"publish","type":"page","link":"\/docs-mcloud\/hilfe\/programmoberflaeche\/medienfilter\/","title":{"rendered":"Medienfilter"},"content":{"rendered":"\n<p>\u00dcber den Medienfilter schr\u00e4nken Sie die Medienauswahl im Selektionsbaum der Studie ein. Sie finden den Medienfilter im Ordner Medien an oberster Stelle.<\/p>\n\n\n\n<div class=\"wp-block-columns is-layout-flex wp-container-core-columns-is-layout-9d6595d7 wp-block-columns-is-layout-flex\">\n<div class=\"wp-block-column is-layout-flow wp-block-column-is-layout-flow\" style=\"flex-basis:33.33%\">\n<figure class=\"wp-block-image size-large\"><a href=\"\/docs-mcloud\/wp-content\/uploads\/sites\/4\/2020\/12\/Medienfilter2-1.png\"><img loading=\"lazy\" decoding=\"async\" width=\"282\" height=\"203\" src=\"\/docs-mcloud\/wp-content\/uploads\/sites\/4\/2020\/12\/Medienfilter2-1.png\" alt=\"\" class=\"wp-image-1884\" \/><\/a><\/figure>\n<\/div>\n\n\n\n<div class=\"wp-block-column is-layout-flow wp-block-column-is-layout-flow\" style=\"flex-basis:66.66%\">\n<figure class=\"wp-block-image size-large\"><a href=\"\/docs-mcloud\/wp-content\/uploads\/sites\/4\/2020\/12\/Medienfilter3.png\"><img loading=\"lazy\" decoding=\"async\" width=\"870\" height=\"556\" src=\"\/docs-mcloud\/wp-content\/uploads\/sites\/4\/2020\/12\/Medienfilter3.png\" alt=\"\" class=\"wp-image-1885\" srcset=\"\/docs-mcloud\/wp-content\/uploads\/sites\/4\/2020\/12\/Medienfilter3.png 870w, \/docs-mcloud\/wp-content\/uploads\/sites\/4\/2020\/12\/Medienfilter3-300x192.png 300w, \/docs-mcloud\/wp-content\/uploads\/sites\/4\/2020\/12\/Medienfilter3-768x491.png 768w\" sizes=\"auto, (max-width: 870px) 100vw, 870px\" \/><\/a><\/figure>\n<\/div>\n<\/div>\n\n\n\n<p>Sobald eine Mediengattung ausgew\u00e4hlt ist, werden die m\u00f6glichen Unterkategorien f\u00fcr die Gattung zur Auswahl gestellt. Die Zahlen in Klammern geben einen Hinweis auf die Anzahl der noch nicht ausgew\u00e4hlten Medien.<\/p>\n\n\n\n<figure class=\"wp-block-image size-large\"><a href=\"\/docs-mcloud\/wp-content\/uploads\/sites\/4\/2020\/12\/Medienfilter4.png\"><img loading=\"lazy\" decoding=\"async\" width=\"838\" height=\"582\" src=\"\/docs-mcloud\/wp-content\/uploads\/sites\/4\/2020\/12\/Medienfilter4.png\" alt=\"\" class=\"wp-image-1886\" srcset=\"\/docs-mcloud\/wp-content\/uploads\/sites\/4\/2020\/12\/Medienfilter4.png 838w, \/docs-mcloud\/wp-content\/uploads\/sites\/4\/2020\/12\/Medienfilter4-300x208.png 300w, \/docs-mcloud\/wp-content\/uploads\/sites\/4\/2020\/12\/Medienfilter4-768x533.png 768w\" sizes=\"auto, (max-width: 838px) 100vw, 838px\" \/><\/a><\/figure>\n\n\n\n<p>In diesem Beispiel werden nur noch die Mobilen Angebote des Vermarkters Burda Forward angeboten. Die Anzahl der gefilterten Medien wird in der Zeile Verf\u00fcgbare Medien dokumentiert.<\/p>\n\n\n\n<p>Die Filterauswahl kann \u00fcber das Kreuz wieder aufgehoben werden.<\/p>\n\n\n\n<figure class=\"wp-block-image size-large\"><a href=\"\/docs-mcloud\/wp-content\/uploads\/sites\/4\/2020\/12\/Medienfilter5-1.png\"><img loading=\"lazy\" decoding=\"async\" width=\"297\" height=\"102\" src=\"\/docs-mcloud\/wp-content\/uploads\/sites\/4\/2020\/12\/Medienfilter5-1.png\" alt=\"\" class=\"wp-image-1887\" \/><\/a><\/figure>\n","protected":false},"excerpt":{"rendered":"<p>\u00dcber den Medienfilter schr\u00e4nken Sie die Medienauswahl im Selektionsbaum der Studie ein. Sie finden den Medienfilter im Ordner Medien an oberster Stelle. Sobald eine Mediengattung ausgew\u00e4hlt ist, werden die m\u00f6glichen Unterkategorien f\u00fcr die Gattung zur Auswahl gestellt. Die Zahlen in Klammern geben einen Hinweis auf die Anzahl der noch nicht ausgew\u00e4hlten Medien. In diesem Beispiel [&hellip;]<\/p>\n","protected":false},"author":7,"featured_media":0,"parent":13,"menu_order":5,"comment_status":"closed","ping_status":"closed","template":"","meta":{"_acf_changed":false,"inline_featured_image":false,"footnotes":""},"class_list":["post-1881","page","type-page","status-publish","hentry"],"acf":[],"_links":{"self":[{"href":"\/docs-mcloud\/wp-json\/wp\/v2\/pages\/1881","targetHints":{"allow":["GET"]}}],"collection":[{"href":"\/docs-mcloud\/wp-json\/wp\/v2\/pages"}],"about":[{"href":"\/docs-mcloud\/wp-json\/wp\/v2\/types\/page"}],"author":[{"embeddable":true,"href":"\/docs-mcloud\/wp-json\/wp\/v2\/users\/7"}],"replies":[{"embeddable":true,"href":"\/docs-mcloud\/wp-json\/wp\/v2\/comments?post=1881"}],"version-history":[{"count":2,"href":"\/docs-mcloud\/wp-json\/wp\/v2\/pages\/1881\/revisions"}],"predecessor-version":[{"id":1998,"href":"\/docs-mcloud\/wp-json\/wp\/v2\/pages\/1881\/revisions\/1998"}],"up":[{"embeddable":true,"href":"\/docs-mcloud\/wp-json\/wp\/v2\/pages\/13"}],"wp:attachment":[{"href":"\/docs-mcloud\/wp-json\/wp\/v2\/media?parent=1881"}],"curies":[{"name":"wp","href":"https:\/\/api.w.org\/{rel}","templated":true}]}}