{"id":1853,"date":"2020-12-08T08:16:25","date_gmt":"2020-12-08T08:16:25","guid":{"rendered":"\/docs-mcloud\/hilfe\/tabellierung\/tabellenlayout\/auswahl-der-leistungswerte\/"},"modified":"2023-08-31T10:00:30","modified_gmt":"2023-08-31T10:00:30","slug":"auswahl-der-leistungswerte","status":"publish","type":"page","link":"\/docs-mcloud\/hilfe\/tabellierung\/tabellenlayout\/auswahl-der-leistungswerte\/","title":{"rendered":"Auswahl der Leistungswerte"},"content":{"rendered":"\n<p>Ein Tabellenlayout umfasst die Darstellung der drei Tabellenelemente Standard, Basis und Autofilter.<\/p>\n\n\n\n<ul class=\"wp-block-list\" id=\"block-a2d125e0-2708-4aa1-baa4-5ee943269475\"><li>Die in der Zeile <em>Leistungswerte<\/em> eingestellten Leistungswerte betreffen die Tabellenspalten.<\/li><li>Die Darstellungsweise der 1. Tabellenspalte wird in der Zeile <em>Basis <\/em>festgelegt.<\/li><li>Die Auswahl der Leistungswerte f\u00fcr den <em>Autofilter <\/em>wird f\u00fcr Tabellenbasen wirksam, die automatisch in die Tabelle eingef\u00fcgt werden, sobald eine gefilterte Variable in den Tabellenkopf eingef\u00fcgt wird.<\/li><\/ul>\n\n\n\n<p>Sie stellen das Layout Ihrer Tabelle zusammen, in dem Sie die Leistungswerte auf ein gr\u00fcnes Feld des Spaltenlayouts ziehen.<\/p>\n\n\n\n<figure class=\"wp-block-image size-large\"><a href=\"\/docs-mcloud\/wp-content\/uploads\/sites\/4\/2020\/12\/tabellenlayout21.png\"><img loading=\"lazy\" decoding=\"async\" width=\"688\" height=\"594\" src=\"\/docs-mcloud\/wp-content\/uploads\/sites\/4\/2020\/12\/tabellenlayout21.png\" alt=\"\" class=\"wp-image-1856\" srcset=\"\/docs-mcloud\/wp-content\/uploads\/sites\/4\/2020\/12\/tabellenlayout21.png 688w, \/docs-mcloud\/wp-content\/uploads\/sites\/4\/2020\/12\/tabellenlayout21-300x259.png 300w\" sizes=\"auto, (max-width: 688px) 100vw, 688px\" \/><\/a><\/figure>\n\n\n\n<p>Per Drag &amp; Drop k\u00f6nnen Sie die Spaltenreihenfolge beliebig ver\u00e4ndern. Die Anzahl der Dezimalstellen f\u00fcr jede Ma\u00dfeinheit kann individuell angepasst werden, indem der vorgegebene Wert \u00fcberschrieben wird.<\/p>\n\n\n\n<p>Im Ordner <em>Aufteilung <\/em>sind Leistungswerte zusammengestellt, die f\u00fcr die Darstellung von Medien und f\u00fcr die Aufteilung von Streupl\u00e4nen relevant sind.<\/p>\n\n\n\n<p>Der Ordner <em>Trend <\/em>enth\u00e4lt Leistungswerte, die f\u00fcr <a href=\"\/docs-mcloud\/hilfe\/tabellierung\/zeitreihe\/\">Trendanalysen<\/a> herangezogen werden k\u00f6nnen.<\/p>\n","protected":false},"excerpt":{"rendered":"<p>Ein Tabellenlayout umfasst die Darstellung der drei Tabellenelemente Standard, Basis und Autofilter. Die in der Zeile Leistungswerte eingestellten Leistungswerte betreffen die Tabellenspalten. Die Darstellungsweise der 1. Tabellenspalte wird in der Zeile Basis festgelegt. Die Auswahl der Leistungswerte f\u00fcr den Autofilter wird f\u00fcr Tabellenbasen wirksam, die automatisch in die Tabelle eingef\u00fcgt werden, sobald eine gefilterte Variable [&hellip;]<\/p>\n","protected":false},"author":7,"featured_media":0,"parent":1676,"menu_order":5,"comment_status":"closed","ping_status":"closed","template":"","meta":{"_acf_changed":false,"inline_featured_image":false,"footnotes":""},"class_list":["post-1853","page","type-page","status-publish","hentry"],"acf":[],"_links":{"self":[{"href":"\/docs-mcloud\/wp-json\/wp\/v2\/pages\/1853","targetHints":{"allow":["GET"]}}],"collection":[{"href":"\/docs-mcloud\/wp-json\/wp\/v2\/pages"}],"about":[{"href":"\/docs-mcloud\/wp-json\/wp\/v2\/types\/page"}],"author":[{"embeddable":true,"href":"\/docs-mcloud\/wp-json\/wp\/v2\/users\/7"}],"replies":[{"embeddable":true,"href":"\/docs-mcloud\/wp-json\/wp\/v2\/comments?post=1853"}],"version-history":[{"count":5,"href":"\/docs-mcloud\/wp-json\/wp\/v2\/pages\/1853\/revisions"}],"predecessor-version":[{"id":1993,"href":"\/docs-mcloud\/wp-json\/wp\/v2\/pages\/1853\/revisions\/1993"}],"up":[{"embeddable":true,"href":"\/docs-mcloud\/wp-json\/wp\/v2\/pages\/1676"}],"wp:attachment":[{"href":"\/docs-mcloud\/wp-json\/wp\/v2\/media?parent=1853"}],"curies":[{"name":"wp","href":"https:\/\/api.w.org\/{rel}","templated":true}]}}