{"id":1656,"date":"2020-12-04T09:17:26","date_gmt":"2020-12-04T09:17:26","guid":{"rendered":"\/docs-mcloud\/hilfe\/streuplan\/leistungswertoptionen\/"},"modified":"2023-08-31T10:00:30","modified_gmt":"2023-08-31T10:00:30","slug":"leistungswertoptionen","status":"publish","type":"page","link":"\/docs-mcloud\/hilfe\/streuplan\/optionen\/leistungswertoptionen\/","title":{"rendered":"Leistungswertoptionen"},"content":{"rendered":"\n<p>Wenn Sie mit der rechten Maustaste auf die Spalten\u00fcberschrift eines Leistungswerts klicken, \u00f6ffnet sich ein Kontextmen\u00fc mit verschiedenen Optionen:<\/p>\n\n\n\n<figure class=\"wp-block-image size-large\"><a href=\"\/docs-mcloud\/wp-content\/uploads\/sites\/4\/2020\/12\/streuplan-leistungswert-kontextmenue.png\"><img loading=\"lazy\" decoding=\"async\" width=\"601\" height=\"150\" src=\"\/docs-mcloud\/wp-content\/uploads\/sites\/4\/2020\/12\/streuplan-leistungswert-kontextmenue.png\" alt=\"\" class=\"wp-image-1655\" srcset=\"\/docs-mcloud\/wp-content\/uploads\/sites\/4\/2020\/12\/streuplan-leistungswert-kontextmenue.png 601w, \/docs-mcloud\/wp-content\/uploads\/sites\/4\/2020\/12\/streuplan-leistungswert-kontextmenue-300x75.png 300w\" sizes=\"auto, (max-width: 601px) 100vw, 601px\" \/><\/a><\/figure>\n\n\n\n<h2 class=\"wp-block-heading\">Eigenschaften<\/h2>\n\n\n\n<p>\u00dcber einen Dialog kann die Anzahl der angezeigten Kommastellen f\u00fcr den gew\u00e4hlten Leistungswert ge\u00e4ndert werden.<\/p>\n\n\n\n<figure class=\"wp-block-image size-large\"><a href=\"\/docs-mcloud\/wp-content\/uploads\/sites\/4\/2020\/12\/streuplan-leistungswert-eigenschaften.png\"><img loading=\"lazy\" decoding=\"async\" width=\"422\" height=\"179\" src=\"\/docs-mcloud\/wp-content\/uploads\/sites\/4\/2020\/12\/streuplan-leistungswert-eigenschaften.png\" alt=\"\" class=\"wp-image-1659\" srcset=\"\/docs-mcloud\/wp-content\/uploads\/sites\/4\/2020\/12\/streuplan-leistungswert-eigenschaften.png 422w, \/docs-mcloud\/wp-content\/uploads\/sites\/4\/2020\/12\/streuplan-leistungswert-eigenschaften-300x127.png 300w\" sizes=\"auto, (max-width: 422px) 100vw, 422px\" \/><\/a><\/figure>\n\n\n\n<h2 class=\"wp-block-heading\">Bedingte Formatierung<\/h2>\n\n\n\n<p>Hier\u00fcber k\u00f6nnen Bedingungen f\u00fcr die Formatierung von Werten hinterlegt werden.<\/p>\n\n\n\n<p>Mit einem Klick auf den <em>Neu <\/em>Button wird der Liste eine neue Definition hinzugef\u00fcgt.<\/p>\n\n\n\n<figure class=\"wp-block-image size-large\"><a href=\"\/docs-mcloud\/wp-content\/uploads\/sites\/4\/2020\/12\/streuplan-leistungswerte-formatierung.png\"><img loading=\"lazy\" decoding=\"async\" width=\"711\" height=\"304\" src=\"\/docs-mcloud\/wp-content\/uploads\/sites\/4\/2020\/12\/streuplan-leistungswerte-formatierung.png\" alt=\"\" class=\"wp-image-1670\" srcset=\"\/docs-mcloud\/wp-content\/uploads\/sites\/4\/2020\/12\/streuplan-leistungswerte-formatierung.png 711w, \/docs-mcloud\/wp-content\/uploads\/sites\/4\/2020\/12\/streuplan-leistungswerte-formatierung-300x128.png 300w\" sizes=\"auto, (max-width: 711px) 100vw, 711px\" \/><\/a><\/figure>\n\n\n\n<p>\u00dcber die Pfeile l\u00e4sst sich die Reihenfolge \u00e4ndern, das <img decoding=\"async\" class=\"wp-image-1000\" style=\"width: 20px\" src=\"\/docs-mcloud\/wp-content\/uploads\/sites\/4\/2020\/11\/close.svg\" alt=\"\"> Icon l\u00f6scht eine Definition. <\/p>\n\n\n\n<figure class=\"wp-block-image size-large\"><a href=\"\/docs-mcloud\/wp-content\/uploads\/sites\/4\/2020\/12\/streuplan-leistungswerte-formatierung1.png\"><img loading=\"lazy\" decoding=\"async\" width=\"387\" height=\"131\" src=\"\/docs-mcloud\/wp-content\/uploads\/sites\/4\/2020\/12\/streuplan-leistungswerte-formatierung1.png\" alt=\"\" class=\"wp-image-1678\" srcset=\"\/docs-mcloud\/wp-content\/uploads\/sites\/4\/2020\/12\/streuplan-leistungswerte-formatierung1.png 387w, \/docs-mcloud\/wp-content\/uploads\/sites\/4\/2020\/12\/streuplan-leistungswerte-formatierung1-300x102.png 300w\" sizes=\"auto, (max-width: 387px) 100vw, 387px\" \/><\/a><\/figure>\n\n\n\n<h2 class=\"wp-block-heading\">L\u00f6schen<\/h2>\n\n\n\n<p>Entfernt den gew\u00e4hlten Leistungswert aus der Tabelle.<\/p>\n\n\n\n<h2 class=\"wp-block-heading\">Zeilen belegen<\/h2>\n\n\n\n<p>Bei den Leistungswerten Rabatt und Aufschlag lassen sich alle oder die markierten Zeilen mit einem Wert belegen.<\/p>\n\n\n\n<figure class=\"wp-block-image size-large\"><a href=\"\/docs-mcloud\/wp-content\/uploads\/sites\/4\/2020\/12\/streuplan-leistungswert-belegen.png\"><img loading=\"lazy\" decoding=\"async\" width=\"577\" height=\"220\" src=\"\/docs-mcloud\/wp-content\/uploads\/sites\/4\/2020\/12\/streuplan-leistungswert-belegen.png\" alt=\"\" class=\"wp-image-1685\" srcset=\"\/docs-mcloud\/wp-content\/uploads\/sites\/4\/2020\/12\/streuplan-leistungswert-belegen.png 577w, \/docs-mcloud\/wp-content\/uploads\/sites\/4\/2020\/12\/streuplan-leistungswert-belegen-300x114.png 300w\" sizes=\"auto, (max-width: 577px) 100vw, 577px\" \/><\/a><\/figure>\n","protected":false},"excerpt":{"rendered":"<p>Wenn Sie mit der rechten Maustaste auf die Spalten\u00fcberschrift eines Leistungswerts klicken, \u00f6ffnet sich ein Kontextmen\u00fc mit verschiedenen Optionen: Eigenschaften \u00dcber einen Dialog kann die Anzahl der angezeigten Kommastellen f\u00fcr den gew\u00e4hlten Leistungswert ge\u00e4ndert werden. Bedingte Formatierung Hier\u00fcber k\u00f6nnen Bedingungen f\u00fcr die Formatierung von Werten hinterlegt werden. Mit einem Klick auf den Neu Button wird [&hellip;]<\/p>\n","protected":false},"author":1,"featured_media":0,"parent":1697,"menu_order":2,"comment_status":"closed","ping_status":"closed","template":"","meta":{"_acf_changed":false,"inline_featured_image":false,"footnotes":""},"class_list":["post-1656","page","type-page","status-publish","hentry"],"acf":[],"_links":{"self":[{"href":"\/docs-mcloud\/wp-json\/wp\/v2\/pages\/1656","targetHints":{"allow":["GET"]}}],"collection":[{"href":"\/docs-mcloud\/wp-json\/wp\/v2\/pages"}],"about":[{"href":"\/docs-mcloud\/wp-json\/wp\/v2\/types\/page"}],"author":[{"embeddable":true,"href":"\/docs-mcloud\/wp-json\/wp\/v2\/users\/1"}],"replies":[{"embeddable":true,"href":"\/docs-mcloud\/wp-json\/wp\/v2\/comments?post=1656"}],"version-history":[{"count":6,"href":"\/docs-mcloud\/wp-json\/wp\/v2\/pages\/1656\/revisions"}],"predecessor-version":[{"id":2047,"href":"\/docs-mcloud\/wp-json\/wp\/v2\/pages\/1656\/revisions\/2047"}],"up":[{"embeddable":true,"href":"\/docs-mcloud\/wp-json\/wp\/v2\/pages\/1697"}],"wp:attachment":[{"href":"\/docs-mcloud\/wp-json\/wp\/v2\/media?parent=1656"}],"curies":[{"name":"wp","href":"https:\/\/api.w.org\/{rel}","templated":true}]}}