{"id":1592,"date":"2020-12-04T07:18:31","date_gmt":"2020-12-04T07:18:31","guid":{"rendered":"\/docs-mcloud\/hilfe\/tabellierung\/auswertung-bearbeiten\/zielgruppen-in-zeilen-und-spalten-editieren\/gewicht\/"},"modified":"2023-08-31T10:00:30","modified_gmt":"2023-08-31T10:00:30","slug":"gewicht","status":"publish","type":"page","link":"\/docs-mcloud\/hilfe\/tabellierung\/auswertung-bearbeiten\/zielgruppen-in-zeilen-und-spalten-editieren\/gewicht\/","title":{"rendered":"Gewicht"},"content":{"rendered":"\n<p>Die Zielgruppen-Gewichtung erm\u00f6glicht, den Einfluss von bestimmten Personengruppen f\u00fcr eine Z\u00e4hlung zu reduzieren, falls diese Personengruppe f\u00fcr die Auswertung von geringer Bedeutung ist. Standardm\u00e4\u00dfig ist das Gewicht f\u00fcr alle Merkmale (Personengruppen) auf 100 gesetzt. Weitere Informationen zu Gewichten finden Sie <a href=\"\/docs-mcloud\/hilfe\/zielgruppe\/die-zielgruppenbox\/gewicht\/\">hier<\/a>.<\/p>\n","protected":false},"excerpt":{"rendered":"<p>Die Zielgruppen-Gewichtung erm\u00f6glicht, den Einfluss von bestimmten Personengruppen f\u00fcr eine Z\u00e4hlung zu reduzieren, falls diese Personengruppe f\u00fcr die Auswertung von geringer Bedeutung ist. Standardm\u00e4\u00dfig ist das Gewicht f\u00fcr alle Merkmale (Personengruppen) auf 100 gesetzt. Weitere Informationen zu Gewichten finden Sie hier.<\/p>\n","protected":false},"author":7,"featured_media":0,"parent":1545,"menu_order":4,"comment_status":"closed","ping_status":"closed","template":"","meta":{"_acf_changed":false,"inline_featured_image":false,"footnotes":""},"class_list":["post-1592","page","type-page","status-publish","hentry"],"acf":[],"_links":{"self":[{"href":"\/docs-mcloud\/wp-json\/wp\/v2\/pages\/1592","targetHints":{"allow":["GET"]}}],"collection":[{"href":"\/docs-mcloud\/wp-json\/wp\/v2\/pages"}],"about":[{"href":"\/docs-mcloud\/wp-json\/wp\/v2\/types\/page"}],"author":[{"embeddable":true,"href":"\/docs-mcloud\/wp-json\/wp\/v2\/users\/7"}],"replies":[{"embeddable":true,"href":"\/docs-mcloud\/wp-json\/wp\/v2\/comments?post=1592"}],"version-history":[{"count":2,"href":"\/docs-mcloud\/wp-json\/wp\/v2\/pages\/1592\/revisions"}],"predecessor-version":[{"id":2189,"href":"\/docs-mcloud\/wp-json\/wp\/v2\/pages\/1592\/revisions\/2189"}],"up":[{"embeddable":true,"href":"\/docs-mcloud\/wp-json\/wp\/v2\/pages\/1545"}],"wp:attachment":[{"href":"\/docs-mcloud\/wp-json\/wp\/v2\/media?parent=1592"}],"curies":[{"name":"wp","href":"https:\/\/api.w.org\/{rel}","templated":true}]}}