{"id":1582,"date":"2020-12-04T07:00:15","date_gmt":"2020-12-04T07:00:15","guid":{"rendered":"\/docs-mcloud\/hilfe\/tabellierung\/auswertung-bearbeiten\/zielgruppen-in-zeilen-und-spalten-editieren\/nicht-zielgruppe\/"},"modified":"2023-08-31T10:00:30","modified_gmt":"2023-08-31T10:00:30","slug":"nicht-zielgruppe","status":"publish","type":"page","link":"\/docs-mcloud\/hilfe\/tabellierung\/auswertung-bearbeiten\/zielgruppen-in-zeilen-und-spalten-editieren\/nicht-zielgruppe\/","title":{"rendered":"Nicht (-Zielgruppe)"},"content":{"rendered":"\n<p>\u00dcber die Auswahl im Men\u00fc der rechten Maustaste kann der Nicht-Operator gew\u00e4hlt werden, um die Komplement\u00e4r-Menge einer Zielgruppe zu definieren.<\/p>\n\n\n\n<div class=\"wp-block-columns is-layout-flex wp-container-core-columns-is-layout-9d6595d7 wp-block-columns-is-layout-flex\">\n<div class=\"wp-block-column is-layout-flow wp-block-column-is-layout-flow\">\n<figure class=\"wp-block-image size-large\"><a href=\"\/docs-mcloud\/wp-content\/uploads\/sites\/4\/2020\/12\/AuswertungBearbeiten23.png\"><img loading=\"lazy\" decoding=\"async\" width=\"416\" height=\"307\" src=\"\/docs-mcloud\/wp-content\/uploads\/sites\/4\/2020\/12\/AuswertungBearbeiten23.png\" alt=\"\" class=\"wp-image-1585\" srcset=\"\/docs-mcloud\/wp-content\/uploads\/sites\/4\/2020\/12\/AuswertungBearbeiten23.png 416w, \/docs-mcloud\/wp-content\/uploads\/sites\/4\/2020\/12\/AuswertungBearbeiten23-300x221.png 300w\" sizes=\"auto, (max-width: 416px) 100vw, 416px\" \/><\/a><\/figure>\n<\/div>\n\n\n\n<div class=\"wp-block-column is-layout-flow wp-block-column-is-layout-flow\">\n<figure class=\"wp-block-image size-large\"><a href=\"\/docs-mcloud\/wp-content\/uploads\/sites\/4\/2020\/12\/AuswertungBearbeiten11.png\"><img loading=\"lazy\" decoding=\"async\" width=\"428\" height=\"256\" src=\"\/docs-mcloud\/wp-content\/uploads\/sites\/4\/2020\/12\/AuswertungBearbeiten11.png\" alt=\"\" class=\"wp-image-1586\" srcset=\"\/docs-mcloud\/wp-content\/uploads\/sites\/4\/2020\/12\/AuswertungBearbeiten11.png 428w, \/docs-mcloud\/wp-content\/uploads\/sites\/4\/2020\/12\/AuswertungBearbeiten11-300x179.png 300w\" sizes=\"auto, (max-width: 428px) 100vw, 428px\" \/><\/a><\/figure>\n<\/div>\n<\/div>\n","protected":false},"excerpt":{"rendered":"<p>\u00dcber die Auswahl im Men\u00fc der rechten Maustaste kann der Nicht-Operator gew\u00e4hlt werden, um die Komplement\u00e4r-Menge einer Zielgruppe zu definieren.<\/p>\n","protected":false},"author":7,"featured_media":0,"parent":1545,"menu_order":2,"comment_status":"closed","ping_status":"closed","template":"","meta":{"_acf_changed":false,"inline_featured_image":false,"footnotes":""},"class_list":["post-1582","page","type-page","status-publish","hentry"],"acf":[],"_links":{"self":[{"href":"\/docs-mcloud\/wp-json\/wp\/v2\/pages\/1582","targetHints":{"allow":["GET"]}}],"collection":[{"href":"\/docs-mcloud\/wp-json\/wp\/v2\/pages"}],"about":[{"href":"\/docs-mcloud\/wp-json\/wp\/v2\/types\/page"}],"author":[{"embeddable":true,"href":"\/docs-mcloud\/wp-json\/wp\/v2\/users\/7"}],"replies":[{"embeddable":true,"href":"\/docs-mcloud\/wp-json\/wp\/v2\/comments?post=1582"}],"version-history":[{"count":2,"href":"\/docs-mcloud\/wp-json\/wp\/v2\/pages\/1582\/revisions"}],"predecessor-version":[{"id":1587,"href":"\/docs-mcloud\/wp-json\/wp\/v2\/pages\/1582\/revisions\/1587"}],"up":[{"embeddable":true,"href":"\/docs-mcloud\/wp-json\/wp\/v2\/pages\/1545"}],"wp:attachment":[{"href":"\/docs-mcloud\/wp-json\/wp\/v2\/media?parent=1582"}],"curies":[{"name":"wp","href":"https:\/\/api.w.org\/{rel}","templated":true}]}}