{"id":1555,"date":"2020-12-04T06:23:45","date_gmt":"2020-12-04T06:23:45","guid":{"rendered":"\/docs-mcloud\/hilfe\/tabellierung\/auswertung-bearbeiten\/zielgruppen-in-zeilen-und-spalten-editieren\/zielgruppen-duplizieren\/"},"modified":"2023-08-31T10:00:30","modified_gmt":"2023-08-31T10:00:30","slug":"zielgruppen-duplizieren","status":"publish","type":"page","link":"\/docs-mcloud\/hilfe\/tabellierung\/auswertung-bearbeiten\/zielgruppen-in-zeilen-und-spalten-editieren\/zielgruppen-duplizieren\/","title":{"rendered":"Zielgruppen duplizieren"},"content":{"rendered":"\n<p>\u00dcber die Auswahl im Men\u00fc der rechten Maustaste kann eine markierte Zeile oder Spalte wiederholt eingef\u00fcgt werden.<\/p>\n\n\n\n<figure class=\"wp-block-image size-large\"><a href=\"\/docs-mcloud\/wp-content\/uploads\/sites\/4\/2020\/12\/AuswertungBearbeiten10.png\"><img loading=\"lazy\" decoding=\"async\" width=\"444\" height=\"185\" src=\"\/docs-mcloud\/wp-content\/uploads\/sites\/4\/2020\/12\/AuswertungBearbeiten10.png\" alt=\"\" class=\"wp-image-1557\" srcset=\"\/docs-mcloud\/wp-content\/uploads\/sites\/4\/2020\/12\/AuswertungBearbeiten10.png 444w, \/docs-mcloud\/wp-content\/uploads\/sites\/4\/2020\/12\/AuswertungBearbeiten10-300x125.png 300w\" sizes=\"auto, (max-width: 444px) 100vw, 444px\" \/><\/a><\/figure>\n","protected":false},"excerpt":{"rendered":"<p>\u00dcber die Auswahl im Men\u00fc der rechten Maustaste kann eine markierte Zeile oder Spalte wiederholt eingef\u00fcgt werden.<\/p>\n","protected":false},"author":7,"featured_media":0,"parent":1545,"menu_order":1,"comment_status":"closed","ping_status":"closed","template":"","meta":{"_acf_changed":false,"inline_featured_image":false,"footnotes":""},"class_list":["post-1555","page","type-page","status-publish","hentry"],"acf":[],"_links":{"self":[{"href":"\/docs-mcloud\/wp-json\/wp\/v2\/pages\/1555","targetHints":{"allow":["GET"]}}],"collection":[{"href":"\/docs-mcloud\/wp-json\/wp\/v2\/pages"}],"about":[{"href":"\/docs-mcloud\/wp-json\/wp\/v2\/types\/page"}],"author":[{"embeddable":true,"href":"\/docs-mcloud\/wp-json\/wp\/v2\/users\/7"}],"replies":[{"embeddable":true,"href":"\/docs-mcloud\/wp-json\/wp\/v2\/comments?post=1555"}],"version-history":[{"count":1,"href":"\/docs-mcloud\/wp-json\/wp\/v2\/pages\/1555\/revisions"}],"predecessor-version":[{"id":1558,"href":"\/docs-mcloud\/wp-json\/wp\/v2\/pages\/1555\/revisions\/1558"}],"up":[{"embeddable":true,"href":"\/docs-mcloud\/wp-json\/wp\/v2\/pages\/1545"}],"wp:attachment":[{"href":"\/docs-mcloud\/wp-json\/wp\/v2\/media?parent=1555"}],"curies":[{"name":"wp","href":"https:\/\/api.w.org\/{rel}","templated":true}]}}