{"id":1501,"date":"2020-12-03T14:57:48","date_gmt":"2020-12-03T14:57:48","guid":{"rendered":"\/docs-mcloud\/hilfe\/tabellierung\/skalentausch\/"},"modified":"2023-08-31T10:00:30","modified_gmt":"2023-08-31T10:00:30","slug":"skalentausch","status":"publish","type":"page","link":"\/docs-mcloud\/hilfe\/tabellierung\/skalentausch\/","title":{"rendered":"Skalentausch"},"content":{"rendered":"\n<p>Der Skalentausch erm\u00f6glicht eine kompakte und \u00fcbersichtliche Darstellung der Studieninhalte f\u00fcr Merkmale mit gleichen Kategorien und erh\u00f6ht so den Komfort bei der Auswahl von Zielgruppen.<\/p>\n\n\n\n<p>\u00dcber einen Wechselschalter wird die Darstellung eines Ordners im Codeplan getauscht. Damit k\u00f6nnen entweder Merkmale mit allen Kategorien oder eine Kategorie mit allen Merkmalen ausgew\u00e4hlt werden.<\/p>\n\n\n\n<div class=\"wp-block-columns is-layout-flex wp-container-core-columns-is-layout-9d6595d7 wp-block-columns-is-layout-flex\">\n<div class=\"wp-block-column is-layout-flow wp-block-column-is-layout-flow\">\n<figure class=\"wp-block-image size-large\"><a href=\"\/docs-mcloud\/wp-content\/uploads\/sites\/4\/2020\/12\/Tabelle12.png\"><img loading=\"lazy\" decoding=\"async\" width=\"312\" height=\"260\" src=\"\/docs-mcloud\/wp-content\/uploads\/sites\/4\/2020\/12\/Tabelle12.png\" alt=\"\" class=\"wp-image-1568\" srcset=\"\/docs-mcloud\/wp-content\/uploads\/sites\/4\/2020\/12\/Tabelle12.png 312w, \/docs-mcloud\/wp-content\/uploads\/sites\/4\/2020\/12\/Tabelle12-300x250.png 300w\" sizes=\"auto, (max-width: 312px) 100vw, 312px\" \/><\/a><figcaption>Jedes Merkmal mit allen Auspr\u00e4gungen<\/figcaption><\/figure>\n<\/div>\n\n\n\n<div class=\"wp-block-column is-layout-flow wp-block-column-is-layout-flow\">\n<figure class=\"wp-block-image size-large\"><a href=\"\/docs-mcloud\/wp-content\/uploads\/sites\/4\/2020\/12\/Tabelle11.png\"><img loading=\"lazy\" decoding=\"async\" width=\"310\" height=\"246\" src=\"\/docs-mcloud\/wp-content\/uploads\/sites\/4\/2020\/12\/Tabelle11.png\" alt=\"\" class=\"wp-image-1569\" srcset=\"\/docs-mcloud\/wp-content\/uploads\/sites\/4\/2020\/12\/Tabelle11.png 310w, \/docs-mcloud\/wp-content\/uploads\/sites\/4\/2020\/12\/Tabelle11-300x238.png 300w\" sizes=\"auto, (max-width: 310px) 100vw, 310px\" \/><\/a><figcaption>Je Auspr\u00e4gung alle Items<\/figcaption><\/figure>\n<\/div>\n<\/div>\n","protected":false},"excerpt":{"rendered":"<p>Der Skalentausch erm\u00f6glicht eine kompakte und \u00fcbersichtliche Darstellung der Studieninhalte f\u00fcr Merkmale mit gleichen Kategorien und erh\u00f6ht so den Komfort bei der Auswahl von Zielgruppen. \u00dcber einen Wechselschalter wird die Darstellung eines Ordners im Codeplan getauscht. Damit k\u00f6nnen entweder Merkmale mit allen Kategorien oder eine Kategorie mit allen Merkmalen ausgew\u00e4hlt werden.<\/p>\n","protected":false},"author":7,"featured_media":0,"parent":656,"menu_order":2,"comment_status":"closed","ping_status":"closed","template":"","meta":{"_acf_changed":false,"inline_featured_image":false,"footnotes":""},"class_list":["post-1501","page","type-page","status-publish","hentry"],"acf":[],"_links":{"self":[{"href":"\/docs-mcloud\/wp-json\/wp\/v2\/pages\/1501","targetHints":{"allow":["GET"]}}],"collection":[{"href":"\/docs-mcloud\/wp-json\/wp\/v2\/pages"}],"about":[{"href":"\/docs-mcloud\/wp-json\/wp\/v2\/types\/page"}],"author":[{"embeddable":true,"href":"\/docs-mcloud\/wp-json\/wp\/v2\/users\/7"}],"replies":[{"embeddable":true,"href":"\/docs-mcloud\/wp-json\/wp\/v2\/comments?post=1501"}],"version-history":[{"count":2,"href":"\/docs-mcloud\/wp-json\/wp\/v2\/pages\/1501\/revisions"}],"predecessor-version":[{"id":1570,"href":"\/docs-mcloud\/wp-json\/wp\/v2\/pages\/1501\/revisions\/1570"}],"up":[{"embeddable":true,"href":"\/docs-mcloud\/wp-json\/wp\/v2\/pages\/656"}],"wp:attachment":[{"href":"\/docs-mcloud\/wp-json\/wp\/v2\/media?parent=1501"}],"curies":[{"name":"wp","href":"https:\/\/api.w.org\/{rel}","templated":true}]}}