{"id":1480,"date":"2020-12-03T14:33:02","date_gmt":"2020-12-03T14:33:02","guid":{"rendered":"\/docs-mcloud\/hilfe\/das-arbeitsblatt\/referenzgruppenpanel\/"},"modified":"2023-08-31T10:00:30","modified_gmt":"2023-08-31T10:00:30","slug":"referenzgruppenpanel","status":"publish","type":"page","link":"\/docs-mcloud\/hilfe\/programmoberflaeche\/referenzgruppenpanel\/","title":{"rendered":"Referenzgruppenpanel"},"content":{"rendered":"\n<p>In den Modulen <em>Rangreihe <\/em>und <em>Targeting <\/em>steht oberhalb des Zielgruppenpanels das Referenzgruppenpanel zur Verf\u00fcgung. <\/p>\n\n\n\n<figure class=\"wp-block-image size-large\"><a href=\"\/docs-mcloud\/wp-content\/uploads\/sites\/4\/2020\/12\/referenzgruppenpanel.png\"><img loading=\"lazy\" decoding=\"async\" width=\"884\" height=\"233\" src=\"\/docs-mcloud\/wp-content\/uploads\/sites\/4\/2020\/12\/referenzgruppenpanel.png\" alt=\"\" class=\"wp-image-1626\" srcset=\"\/docs-mcloud\/wp-content\/uploads\/sites\/4\/2020\/12\/referenzgruppenpanel.png 884w, \/docs-mcloud\/wp-content\/uploads\/sites\/4\/2020\/12\/referenzgruppenpanel-300x79.png 300w, \/docs-mcloud\/wp-content\/uploads\/sites\/4\/2020\/12\/referenzgruppenpanel-768x202.png 768w\" sizes=\"auto, (max-width: 884px) 100vw, 884px\" \/><\/a><\/figure>\n\n\n\n<p>Das Panel wird in der Rangreihe angezeigt, wenn einer der Leistungswerte Affinit\u00e4t, Affinit\u00e4t Gesamt oder Nutzeranteil % verwendet werden. Im Targeting ist es stets verf\u00fcgbar.<\/p>\n\n\n\n<div class=\"wp-block-columns is-layout-flex wp-container-core-columns-is-layout-9d6595d7 wp-block-columns-is-layout-flex\">\n<div class=\"wp-block-column is-layout-flow wp-block-column-is-layout-flow\">\n<figure class=\"wp-block-image size-large\"><a href=\"\/docs-mcloud\/wp-content\/uploads\/sites\/4\/2020\/12\/referenzgruppenpanel-leistungswerte.png\"><img loading=\"lazy\" decoding=\"async\" width=\"249\" height=\"451\" src=\"\/docs-mcloud\/wp-content\/uploads\/sites\/4\/2020\/12\/referenzgruppenpanel-leistungswerte.png\" alt=\"\" class=\"wp-image-1623\" srcset=\"\/docs-mcloud\/wp-content\/uploads\/sites\/4\/2020\/12\/referenzgruppenpanel-leistungswerte.png 249w, \/docs-mcloud\/wp-content\/uploads\/sites\/4\/2020\/12\/referenzgruppenpanel-leistungswerte-166x300.png 166w\" sizes=\"auto, (max-width: 249px) 100vw, 249px\" \/><\/a><\/figure>\n<\/div>\n\n\n\n<div class=\"wp-block-column is-layout-flow wp-block-column-is-layout-flow\">\n<figure class=\"wp-block-image size-large\"><a href=\"\/docs-mcloud\/wp-content\/uploads\/sites\/4\/2020\/12\/referenzgruppenpanel-leistungswerte1.png\"><img loading=\"lazy\" decoding=\"async\" width=\"250\" height=\"464\" src=\"\/docs-mcloud\/wp-content\/uploads\/sites\/4\/2020\/12\/referenzgruppenpanel-leistungswerte1.png\" alt=\"\" class=\"wp-image-1624\" srcset=\"\/docs-mcloud\/wp-content\/uploads\/sites\/4\/2020\/12\/referenzgruppenpanel-leistungswerte1.png 250w, \/docs-mcloud\/wp-content\/uploads\/sites\/4\/2020\/12\/referenzgruppenpanel-leistungswerte1-162x300.png 162w\" sizes=\"auto, (max-width: 250px) 100vw, 250px\" \/><\/a><\/figure>\n<\/div>\n<\/div>\n\n\n\n<p>Das Referenzgruppenpanel verh\u00e4lt sich analog zum <a href=\"\/docs-mcloud\/hilfe\/das-arbeitsblatt\/zielgruppenpanel\/\" data-type=\"page\" data-id=\"1425\">Zielgruppenpanel<\/a>. Auch hier k\u00f6nnen Eintr\u00e4ge aus Codeplan oder Medien per Drag &amp; Drop auf das Panel gezogen werden.<\/p>\n","protected":false},"excerpt":{"rendered":"<p>In den Modulen Rangreihe und Targeting steht oberhalb des Zielgruppenpanels das Referenzgruppenpanel zur Verf\u00fcgung. Das Panel wird in der Rangreihe angezeigt, wenn einer der Leistungswerte Affinit\u00e4t, Affinit\u00e4t Gesamt oder Nutzeranteil % verwendet werden. Im Targeting ist es stets verf\u00fcgbar. Das Referenzgruppenpanel verh\u00e4lt sich analog zum Zielgruppenpanel. Auch hier k\u00f6nnen Eintr\u00e4ge aus Codeplan oder Medien per [&hellip;]<\/p>\n","protected":false},"author":1,"featured_media":0,"parent":13,"menu_order":1,"comment_status":"closed","ping_status":"closed","template":"","meta":{"_acf_changed":false,"inline_featured_image":false,"footnotes":""},"class_list":["post-1480","page","type-page","status-publish","hentry"],"acf":[],"_links":{"self":[{"href":"\/docs-mcloud\/wp-json\/wp\/v2\/pages\/1480","targetHints":{"allow":["GET"]}}],"collection":[{"href":"\/docs-mcloud\/wp-json\/wp\/v2\/pages"}],"about":[{"href":"\/docs-mcloud\/wp-json\/wp\/v2\/types\/page"}],"author":[{"embeddable":true,"href":"\/docs-mcloud\/wp-json\/wp\/v2\/users\/1"}],"replies":[{"embeddable":true,"href":"\/docs-mcloud\/wp-json\/wp\/v2\/comments?post=1480"}],"version-history":[{"count":5,"href":"\/docs-mcloud\/wp-json\/wp\/v2\/pages\/1480\/revisions"}],"predecessor-version":[{"id":2181,"href":"\/docs-mcloud\/wp-json\/wp\/v2\/pages\/1480\/revisions\/2181"}],"up":[{"embeddable":true,"href":"\/docs-mcloud\/wp-json\/wp\/v2\/pages\/13"}],"wp:attachment":[{"href":"\/docs-mcloud\/wp-json\/wp\/v2\/media?parent=1480"}],"curies":[{"name":"wp","href":"https:\/\/api.w.org\/{rel}","templated":true}]}}