{"id":1425,"date":"2020-12-03T13:08:30","date_gmt":"2020-12-03T13:08:30","guid":{"rendered":"\/docs-mcloud\/hilfe\/das-arbeitsblatt\/zielgruppenpanel\/"},"modified":"2023-08-31T10:00:30","modified_gmt":"2023-08-31T10:00:30","slug":"zielgruppenpanel","status":"publish","type":"page","link":"\/docs-mcloud\/hilfe\/programmoberflaeche\/zielgruppenpanel\/","title":{"rendered":"Zielgruppenpanel"},"content":{"rendered":"\n<p>Markieren Sie die gew\u00fcnschten Zielgruppen im Codeplan und ziehen Sie diese zusammen in den Tabellenfilter. Zielgruppen eines Merkmals werden mit <em>ODER<\/em>, Zielgruppen aus unterschiedlichen Merkmalen werden mit <em>UND <\/em>verkn\u00fcpft.<\/p>\n\n\n\n<figure class=\"wp-block-image size-large\"><a href=\"\/docs-mcloud\/wp-content\/uploads\/sites\/4\/2020\/12\/zielgruppenpanel-dnd.png\"><img loading=\"lazy\" decoding=\"async\" width=\"773\" height=\"332\" src=\"\/docs-mcloud\/wp-content\/uploads\/sites\/4\/2020\/12\/zielgruppenpanel-dnd.png\" alt=\"\" class=\"wp-image-1598\" srcset=\"\/docs-mcloud\/wp-content\/uploads\/sites\/4\/2020\/12\/zielgruppenpanel-dnd.png 773w, \/docs-mcloud\/wp-content\/uploads\/sites\/4\/2020\/12\/zielgruppenpanel-dnd-300x129.png 300w, \/docs-mcloud\/wp-content\/uploads\/sites\/4\/2020\/12\/zielgruppenpanel-dnd-768x330.png 768w\" sizes=\"auto, (max-width: 773px) 100vw, 773px\" \/><\/a><\/figure>\n\n\n\n<p>Das Ergebnis mit Fallzahl ist sofort im Zielgruppenpanel sichtbar. <\/p>\n\n\n\n<figure class=\"wp-block-image size-large\"><a href=\"\/docs-mcloud\/wp-content\/uploads\/sites\/4\/2020\/12\/Tabelle5.png\"><img loading=\"lazy\" decoding=\"async\" width=\"723\" height=\"82\" src=\"\/docs-mcloud\/wp-content\/uploads\/sites\/4\/2020\/12\/Tabelle5.png\" alt=\"\" class=\"wp-image-1600\" srcset=\"\/docs-mcloud\/wp-content\/uploads\/sites\/4\/2020\/12\/Tabelle5.png 723w, \/docs-mcloud\/wp-content\/uploads\/sites\/4\/2020\/12\/Tabelle5-300x34.png 300w\" sizes=\"auto, (max-width: 723px) 100vw, 723px\" \/><\/a><\/figure>\n\n\n\n<p>Das Zielgruppenpanel wird in allen Modulen angezeigt und wirkt sich auf die Berechnung des jeweiligen Ergebnisses aus (Ausnahme Modul <a href=\"\/docs-mcloud\/hilfe\/zielgruppe\/\">Zielgruppe<\/a>).<\/p>\n\n\n\n<p>Eine nachtr\u00e4gliche Erweiterung oder Bearbeitung der Filterzielgruppe ist m\u00f6glich: Mit Klick auf die Zielgruppe \u00f6ffnet sich ein Bearbeitungsfenster. Siehe hierzu: Die <a href=\"\/docs-mcloud\/hilfe\/zielgruppe\/die-zielgruppenbox\/\" data-type=\"page\">Zielgruppenbox<\/a>.<\/p>\n\n\n\n<figure class=\"wp-block-table is-style-stripes\"><table><tbody><tr><td><img decoding=\"async\" class=\"wp-image-1000\" style=\"width: 50px\" src=\"\/docs-mcloud\/wp-content\/uploads\/sites\/4\/2020\/11\/close.svg\" alt=\"\"><\/td><td>\u00dcber das Schlie\u00dfen-Icon im Tabellenfilter wird die Zielgruppe auf Gesamt zur\u00fcckgesetzt.<\/td><\/tr><tr><td><img decoding=\"async\" class=\"wp-image-1071\" style=\"width: 50px\" src=\"\/docs-mcloud\/wp-content\/uploads\/sites\/4\/2020\/12\/switch_up_down.svg\" alt=\"\"><\/td><td>\u00dcber das Tauschen-Symbol kann die Darstellung der Hochrechnung zwischen Tsd. und Mio. umgeschaltet werden.<\/td><\/tr><\/tbody><\/table><\/figure>\n\n\n\n<p>Weitere Informationen zur Definition von Zielgruppen finden Sie <a href=\"\/docs-mcloud\/hilfe\/tabellierung\/auswertung-bearbeiten\/verknuepfte-zielgruppen-erstellen\/\">hier<\/a>.<\/p>\n","protected":false},"excerpt":{"rendered":"<p>Markieren Sie die gew\u00fcnschten Zielgruppen im Codeplan und ziehen Sie diese zusammen in den Tabellenfilter. Zielgruppen eines Merkmals werden mit ODER, Zielgruppen aus unterschiedlichen Merkmalen werden mit UND verkn\u00fcpft. Das Ergebnis mit Fallzahl ist sofort im Zielgruppenpanel sichtbar. Das Zielgruppenpanel wird in allen Modulen angezeigt und wirkt sich auf die Berechnung des jeweiligen Ergebnisses aus [&hellip;]<\/p>\n","protected":false},"author":1,"featured_media":0,"parent":13,"menu_order":0,"comment_status":"closed","ping_status":"closed","template":"","meta":{"_acf_changed":false,"inline_featured_image":false,"footnotes":""},"class_list":["post-1425","page","type-page","status-publish","hentry"],"acf":[],"_links":{"self":[{"href":"\/docs-mcloud\/wp-json\/wp\/v2\/pages\/1425","targetHints":{"allow":["GET"]}}],"collection":[{"href":"\/docs-mcloud\/wp-json\/wp\/v2\/pages"}],"about":[{"href":"\/docs-mcloud\/wp-json\/wp\/v2\/types\/page"}],"author":[{"embeddable":true,"href":"\/docs-mcloud\/wp-json\/wp\/v2\/users\/1"}],"replies":[{"embeddable":true,"href":"\/docs-mcloud\/wp-json\/wp\/v2\/comments?post=1425"}],"version-history":[{"count":12,"href":"\/docs-mcloud\/wp-json\/wp\/v2\/pages\/1425\/revisions"}],"predecessor-version":[{"id":2196,"href":"\/docs-mcloud\/wp-json\/wp\/v2\/pages\/1425\/revisions\/2196"}],"up":[{"embeddable":true,"href":"\/docs-mcloud\/wp-json\/wp\/v2\/pages\/13"}],"wp:attachment":[{"href":"\/docs-mcloud\/wp-json\/wp\/v2\/media?parent=1425"}],"curies":[{"name":"wp","href":"https:\/\/api.w.org\/{rel}","templated":true}]}}