{"id":1411,"date":"2020-12-03T12:41:20","date_gmt":"2020-12-03T12:41:20","guid":{"rendered":"\/docs-mcloud\/hilfe\/streuplan\/plananalyse\/"},"modified":"2023-08-31T10:00:30","modified_gmt":"2023-08-31T10:00:30","slug":"plananalyse","status":"publish","type":"page","link":"\/docs-mcloud\/hilfe\/streuplan\/plananalyse\/","title":{"rendered":"Plananalyse"},"content":{"rendered":"\n<p>Standardm\u00e4\u00dfig werden die Ergebnisse der <em>Werbetr\u00e4gerkontakte<\/em> und <em>Einfachkontakte <\/em>angezeigt. Dies wird in der \u00dcberschrift der Ergebnistabelle dokumentiert.<\/p>\n\n\n\n<figure class=\"wp-block-image size-large\"><a href=\"\/docs-mcloud\/wp-content\/uploads\/sites\/4\/2020\/12\/streuplan-ergebnistabelle-werbetraegerkontakte.png\"><img loading=\"lazy\" decoding=\"async\" width=\"435\" height=\"215\" src=\"\/docs-mcloud\/wp-content\/uploads\/sites\/4\/2020\/12\/streuplan-ergebnistabelle-werbetraegerkontakte.png\" alt=\"\" class=\"wp-image-1422\" srcset=\"\/docs-mcloud\/wp-content\/uploads\/sites\/4\/2020\/12\/streuplan-ergebnistabelle-werbetraegerkontakte.png 435w, \/docs-mcloud\/wp-content\/uploads\/sites\/4\/2020\/12\/streuplan-ergebnistabelle-werbetraegerkontakte-300x148.png 300w\" sizes=\"auto, (max-width: 435px) 100vw, 435px\" \/><\/a><\/figure>\n\n\n\n<p>Mit Klick auf <img loading=\"lazy\" decoding=\"async\" width=\"18\" height=\"16\" class=\"wp-image-1287\" style=\"width: 19px\" src=\"\/docs-mcloud\/wp-content\/uploads\/sites\/4\/2020\/12\/pull_down.png\" alt=\"\"> k\u00f6nnen Sie die Ergebnis\u00fcbersicht auf <em>Werbemittelkontakte <\/em>bzw. <em>Mehrfachkontakte <\/em>umschalten.<\/p>\n\n\n\n<p>Die Ausweisung der Leistungswerte Hochrechnung Nutzer \/ Hochrechnung Kontakte ist mit der Ausweisung der Filterzielgruppe synchronisiert. \u00c4ndern Sie f\u00fcr die Filterzielgruppe die Darstellung von Millionen in Tausend, wird automatisch die Darstellung der Planergebnisse angepasst &#8211; siehe <a href=\"\/docs-mcloud\/hilfe\/das-arbeitsblatt\/zielgruppenpanel\/\" data-type=\"page\" data-id=\"1425\">Zielgruppenpanel<\/a>.<\/p>\n\n\n\n<figure class=\"wp-block-image size-large\"><a href=\"\/docs-mcloud\/wp-content\/uploads\/sites\/4\/2020\/12\/streuplan-ergebnistabelle-tsd.png\"><img loading=\"lazy\" decoding=\"async\" width=\"431\" height=\"242\" src=\"\/docs-mcloud\/wp-content\/uploads\/sites\/4\/2020\/12\/streuplan-ergebnistabelle-tsd.png\" alt=\"\" class=\"wp-image-1427\" srcset=\"\/docs-mcloud\/wp-content\/uploads\/sites\/4\/2020\/12\/streuplan-ergebnistabelle-tsd.png 431w, \/docs-mcloud\/wp-content\/uploads\/sites\/4\/2020\/12\/streuplan-ergebnistabelle-tsd-300x168.png 300w\" sizes=\"auto, (max-width: 431px) 100vw, 431px\" \/><\/a><\/figure>\n\n\n\n<h2 class=\"wp-block-heading\">Wirksame Reichweite<\/h2>\n\n\n\n<p>Um die wirksame Reichweite zu berechnen, wird von der Gesamtreichweite eines Medienplans der Reichweitenanteil im Unterstreubereich abgezogen. Liegt z.B. die gesamte kumulierte Reichweite eines Plans bei 59,8 % und sind mindestens 3 Kontakte erforderlich, um das Werbeziel zu erreichen, so muss man von der Gesamtreichweite jenen Reichweitenanteil abziehen, der nur einen oder 2 Kontakte erh\u00e4lt.<\/p>\n\n\n\n<p>Dies wird erreicht, indem im Layout Kontaktklassen das Gewicht f\u00fcr die Kontaktklassen 1 bis 2 auf 0 gesetzt wird.<\/p>\n\n\n\n<p>Die Wirksame Reichweite entspricht der Nettoreichweite, wenn alle Kontaktklassen mit dem Gewicht 100 berechnet werden &#8211; siehe <a href=\"\/docs-mcloud\/hilfe\/streuplan\/leistungswerte\/kontaktklassen\/\" data-type=\"page\" data-id=\"1228\">Kontaktklassen<\/a>.<\/p>\n\n\n\n<figure class=\"wp-block-image size-large\"><a href=\"\/docs-mcloud\/wp-content\/uploads\/sites\/4\/2020\/12\/streuplan-reichweite.png\"><img loading=\"lazy\" decoding=\"async\" width=\"433\" height=\"375\" src=\"\/docs-mcloud\/wp-content\/uploads\/sites\/4\/2020\/12\/streuplan-reichweite.png\" alt=\"\" class=\"wp-image-1431\" srcset=\"\/docs-mcloud\/wp-content\/uploads\/sites\/4\/2020\/12\/streuplan-reichweite.png 433w, \/docs-mcloud\/wp-content\/uploads\/sites\/4\/2020\/12\/streuplan-reichweite-300x260.png 300w\" sizes=\"auto, (max-width: 433px) 100vw, 433px\" \/><\/a><\/figure>\n\n\n\n<h2 class=\"wp-block-heading\">Kontaktverteilung<\/h2>\n\n\n\n<p>Die Tabelle zeigt die Verteilung der Nutzer auf die einzelnen Kontaktklassen. Sie k\u00f6nnen auf die kumulierte Darstellung der Kontakte umschalten.<\/p>\n\n\n\n<p>Die Kontaktklassendefinition nehmen Sie \u00fcber die Auswahl Layout in der Symbolleiste vor &#8211; siehe <a href=\"\/docs-mcloud\/hilfe\/streuplan\/leistungswerte\/kontaktklassen\/\" data-type=\"page\" data-id=\"1228\">Kontaktklassen<\/a>.<\/p>\n\n\n\n<figure class=\"wp-block-image size-large\"><a href=\"\/docs-mcloud\/wp-content\/uploads\/sites\/4\/2020\/12\/streuplan-reichweite1.png\"><img loading=\"lazy\" decoding=\"async\" width=\"434\" height=\"460\" src=\"\/docs-mcloud\/wp-content\/uploads\/sites\/4\/2020\/12\/streuplan-reichweite1.png\" alt=\"\" class=\"wp-image-1432\" srcset=\"\/docs-mcloud\/wp-content\/uploads\/sites\/4\/2020\/12\/streuplan-reichweite1.png 434w, \/docs-mcloud\/wp-content\/uploads\/sites\/4\/2020\/12\/streuplan-reichweite1-283x300.png 283w\" sizes=\"auto, (max-width: 434px) 100vw, 434px\" \/><\/a><\/figure>\n","protected":false},"excerpt":{"rendered":"<p>Standardm\u00e4\u00dfig werden die Ergebnisse der Werbetr\u00e4gerkontakte und Einfachkontakte angezeigt. Dies wird in der \u00dcberschrift der Ergebnistabelle dokumentiert. Mit Klick auf k\u00f6nnen Sie die Ergebnis\u00fcbersicht auf Werbemittelkontakte bzw. Mehrfachkontakte umschalten. Die Ausweisung der Leistungswerte Hochrechnung Nutzer \/ Hochrechnung Kontakte ist mit der Ausweisung der Filterzielgruppe synchronisiert. \u00c4ndern Sie f\u00fcr die Filterzielgruppe die Darstellung von Millionen in [&hellip;]<\/p>\n","protected":false},"author":1,"featured_media":0,"parent":660,"menu_order":7,"comment_status":"closed","ping_status":"closed","template":"","meta":{"_acf_changed":false,"inline_featured_image":false,"footnotes":""},"class_list":["post-1411","page","type-page","status-publish","hentry"],"acf":[],"_links":{"self":[{"href":"\/docs-mcloud\/wp-json\/wp\/v2\/pages\/1411","targetHints":{"allow":["GET"]}}],"collection":[{"href":"\/docs-mcloud\/wp-json\/wp\/v2\/pages"}],"about":[{"href":"\/docs-mcloud\/wp-json\/wp\/v2\/types\/page"}],"author":[{"embeddable":true,"href":"\/docs-mcloud\/wp-json\/wp\/v2\/users\/1"}],"replies":[{"embeddable":true,"href":"\/docs-mcloud\/wp-json\/wp\/v2\/comments?post=1411"}],"version-history":[{"count":10,"href":"\/docs-mcloud\/wp-json\/wp\/v2\/pages\/1411\/revisions"}],"predecessor-version":[{"id":2231,"href":"\/docs-mcloud\/wp-json\/wp\/v2\/pages\/1411\/revisions\/2231"}],"up":[{"embeddable":true,"href":"\/docs-mcloud\/wp-json\/wp\/v2\/pages\/660"}],"wp:attachment":[{"href":"\/docs-mcloud\/wp-json\/wp\/v2\/media?parent=1411"}],"curies":[{"name":"wp","href":"https:\/\/api.w.org\/{rel}","templated":true}]}}