{"id":1315,"date":"2020-12-03T09:26:48","date_gmt":"2020-12-03T09:26:48","guid":{"rendered":"\/docs-mcloud\/hilfe\/streuplan\/masterplan\/"},"modified":"2023-08-31T10:00:30","modified_gmt":"2023-08-31T10:00:30","slug":"masterplan","status":"publish","type":"page","link":"\/docs-mcloud\/hilfe\/streuplan\/masterplan\/","title":{"rendered":"Masterplan"},"content":{"rendered":"\n<p>\u00dcber die Funktion Masterplan wird f\u00fcr frei definierbare Zielgruppen automatisch ein optimaler Belegungsplan erzeugt.<\/p>\n\n\n\n<figure class=\"wp-block-image size-large\"><a href=\"\/docs-mcloud\/wp-content\/uploads\/sites\/4\/2020\/12\/streuplan-masterplan.png\"><img loading=\"lazy\" decoding=\"async\" width=\"340\" height=\"150\" src=\"\/docs-mcloud\/wp-content\/uploads\/sites\/4\/2020\/12\/streuplan-masterplan.png\" alt=\"\" class=\"wp-image-1317\" srcset=\"\/docs-mcloud\/wp-content\/uploads\/sites\/4\/2020\/12\/streuplan-masterplan.png 340w, \/docs-mcloud\/wp-content\/uploads\/sites\/4\/2020\/12\/streuplan-masterplan-300x132.png 300w\" sizes=\"auto, (max-width: 340px) 100vw, 340px\" \/><\/a><\/figure>\n\n\n\n<p>Der Algorithmus berechnet durch Permutation der Titel und Frequenzen die beste L\u00f6sung f\u00fcr die Planziele Reichweite, Plankosten oder Kontaktbereich.<\/p>\n\n\n\n<p>Der optimale Plan ist erreicht, wenn eines dieser Ziele erreicht wurde.<\/p>\n\n\n\n<p>Bei elektronischen Medien werden Zeitschnitte, im Printbereich Einzeltitel in der Planoptimierung ber\u00fccksichtigt. Medieneinheiten ohne Preisinformationen werden automatisch aus der Planoptimierung ausgeschlossen.<\/p>\n\n\n\n<p>Tarifkombinationen sollten im Masterplan nicht verwendet werden, da andernfalls keine Einzeltitel belegt werden. W\u00e4hlen Sie stattdessen alle Titel aus, die in einer Tarifkombination enthalten sind.<\/p>\n\n\n\n<p>Die <em>Preisoptimierung<\/em> wird im Masterplan nicht angewandt, sodass dort der Preis ohne Tarifkombinationsrabatt angezeigt wird. Sobald Sie den Masterplan in den Streuplan \u00fcbernehmen, wird Ihnen der mithilfe der <em>Preisoptimierung<\/em> reduzierte Preis angezeigt.<\/p>\n\n\n\n<div class=\"wp-block-columns is-layout-flex wp-container-core-columns-is-layout-9d6595d7 wp-block-columns-is-layout-flex\">\n<div class=\"wp-block-column is-layout-flow wp-block-column-is-layout-flow\">\n<figure class=\"wp-block-image size-large\"><a href=\"\/docs-mcloud\/wp-content\/uploads\/sites\/4\/2021\/07\/Preisoptimierung_Masterplan1.png\"><img loading=\"lazy\" decoding=\"async\" width=\"560\" height=\"178\" src=\"\/docs-mcloud\/wp-content\/uploads\/sites\/4\/2021\/07\/Preisoptimierung_Masterplan1.png\" alt=\"\" class=\"wp-image-2404\" srcset=\"\/docs-mcloud\/wp-content\/uploads\/sites\/4\/2021\/07\/Preisoptimierung_Masterplan1.png 560w, \/docs-mcloud\/wp-content\/uploads\/sites\/4\/2021\/07\/Preisoptimierung_Masterplan1-300x95.png 300w\" sizes=\"auto, (max-width: 560px) 100vw, 560px\" \/><\/a><figcaption>Ansicht im Masterplan: Darstellung des Preises ohne Tarifkombinationsrabatt<\/figcaption><\/figure>\n<\/div>\n\n\n\n<div class=\"wp-block-column is-layout-flow wp-block-column-is-layout-flow\">\n<figure class=\"wp-block-image size-large\"><a href=\"\/docs-mcloud\/wp-content\/uploads\/sites\/4\/2021\/07\/Preisoptimierung_Masterplan2.png\"><img loading=\"lazy\" decoding=\"async\" width=\"440\" height=\"381\" src=\"\/docs-mcloud\/wp-content\/uploads\/sites\/4\/2021\/07\/Preisoptimierung_Masterplan2.png\" alt=\"\" class=\"wp-image-2405\" srcset=\"\/docs-mcloud\/wp-content\/uploads\/sites\/4\/2021\/07\/Preisoptimierung_Masterplan2.png 440w, \/docs-mcloud\/wp-content\/uploads\/sites\/4\/2021\/07\/Preisoptimierung_Masterplan2-300x260.png 300w\" sizes=\"auto, (max-width: 440px) 100vw, 440px\" \/><\/a><figcaption>Ansicht im Streuplan: Darstellung des Preises mit Tarifkombinationsrabatt<\/figcaption><\/figure>\n<\/div>\n<\/div>\n\n\n\n<h2 class=\"wp-block-heading\">Vorgaben Planoptimierung<\/h2>\n\n\n\n<p>Nach Auswahl der Medien als potentielle Plankandidaten k\u00f6nnen f\u00fcr die Optimierung folgende Vorgaben gemacht werden:<\/p>\n\n\n\n<figure class=\"wp-block-image size-large\"><a href=\"\/docs-mcloud\/wp-content\/uploads\/sites\/4\/2020\/12\/streuplan-vorgaben-planoptimierung.png\"><img loading=\"lazy\" decoding=\"async\" width=\"441\" height=\"418\" src=\"\/docs-mcloud\/wp-content\/uploads\/sites\/4\/2020\/12\/streuplan-vorgaben-planoptimierung.png\" alt=\"\" class=\"wp-image-1322\" srcset=\"\/docs-mcloud\/wp-content\/uploads\/sites\/4\/2020\/12\/streuplan-vorgaben-planoptimierung.png 441w, \/docs-mcloud\/wp-content\/uploads\/sites\/4\/2020\/12\/streuplan-vorgaben-planoptimierung-300x284.png 300w\" sizes=\"auto, (max-width: 441px) 100vw, 441px\" \/><\/a><\/figure>\n\n\n\n<h3 class=\"wp-block-heading\">Planungszeitraum<\/h3>\n\n\n\n<p>\u00dcber die Eingabe des Planungszeitraums wird die maximale Anzahl von Belegungen f\u00fcr jedes Medium der Auswahl ermittelt.<\/p>\n\n\n\n<h3 class=\"wp-block-heading\">Uhrzeit (Radio) von bis<\/h3>\n\n\n\n<p>F\u00fcr Pl\u00e4ne mit H\u00f6rfunkbelegungen ist die M\u00f6glichkeit vorgesehen, eine Zeitschiene zu definieren. Zus\u00e4tzlich kann eine Selektion von Wochenabschnitten vorgenommen werden.<\/p>\n\n\n\n<p>\u00dcber das <img loading=\"lazy\" decoding=\"async\" width=\"18\" height=\"17\" class=\"wp-image-1977\" style=\"width: 18px\" src=\"\/docs-mcloud\/wp-content\/uploads\/sites\/4\/2020\/12\/plus.png\" alt=\"\"> Icon k\u00f6nnen Zeitschienen hinzugef\u00fcgt werden.<\/p>\n\n\n\n<h3 class=\"wp-block-heading\">Minimale\/Maximale Belegung<\/h3>\n\n\n\n<p>Hier kann vorgegeben werden, wie viele Belegungen die im Plan enthaltenen Medien mindestens\/h\u00f6chstens erhalten sollen.<\/p>\n\n\n\n<h3 class=\"wp-block-heading\">Minimale Affinit\u00e4t<\/h3>\n\n\n\n<p>Vorgabe der minimalen Affinit\u00e4t<\/p>\n\n\n\n<h3 class=\"wp-block-heading\">Maximale Plankosten<\/h3>\n\n\n\n<p>Eingabe des zur Verf\u00fcgung stehenden Etats.<\/p>\n\n\n\n<h3 class=\"wp-block-heading\">Mindest-Reichweite<\/h3>\n\n\n\n<p>Vorgabe der Mindest-Reichweite<\/p>\n\n\n\n<h3 class=\"wp-block-heading\">Kontaktbereich von \u2026 bis<\/h3>\n\n\n\n<p>Vorgabe der gew\u00fcnschten Kontaktdosis<\/p>\n\n\n\n<h3 class=\"wp-block-heading\">Maximale Iterationen<\/h3>\n\n\n\n<p>Gibt die maximale Anzahl der Berechnungsdurchl\u00e4ufe an.<\/p>\n\n\n\n<h2 class=\"wp-block-heading\">Beispiele f\u00fcr Optimierungsziele<\/h2>\n\n\n\n<ul class=\"wp-block-list\"><li>Reichweite (z.B. 70%): Kosten auf Maximum einstellen, kein Kontaktbereich definieren. <\/li><li>Kosten (z.B. \u20ac 3.000.000,-) Reichweite auf 100%, kein Kontaktbereich definieren.<\/li><li>Kontakte (z.B. mind. 10 Kontakte): Reichweite auf 100%, Kosten auf Maximum einstellen.<\/li><\/ul>\n\n\n\n<h2 class=\"wp-block-heading\">Berechneter Masterplan<\/h2>\n\n\n\n<p>Nach Eingabe aller Planvorgaben wird der berechnete Plan angezeigt.<\/p>\n\n\n\n<figure class=\"wp-block-image size-large\"><a href=\"\/docs-mcloud\/wp-content\/uploads\/sites\/4\/2020\/12\/streuplan-masterplan-belegung.png\"><img loading=\"lazy\" decoding=\"async\" width=\"1024\" height=\"227\" src=\"\/docs-mcloud\/wp-content\/uploads\/sites\/4\/2020\/12\/streuplan-masterplan-belegung-1024x227.png\" alt=\"\" class=\"wp-image-1326\" srcset=\"\/docs-mcloud\/wp-content\/uploads\/sites\/4\/2020\/12\/streuplan-masterplan-belegung-1024x227.png 1024w, \/docs-mcloud\/wp-content\/uploads\/sites\/4\/2020\/12\/streuplan-masterplan-belegung-300x67.png 300w, \/docs-mcloud\/wp-content\/uploads\/sites\/4\/2020\/12\/streuplan-masterplan-belegung-768x171.png 768w, \/docs-mcloud\/wp-content\/uploads\/sites\/4\/2020\/12\/streuplan-masterplan-belegung.png 1355w\" sizes=\"auto, (max-width: 1024px) 100vw, 1024px\" \/><\/a><\/figure>\n\n\n\n<p>Der <em>Optimale Plan<\/em> wird in der ersten Zeile der Tabelle ausgewiesen.<\/p>\n\n\n\n<p>Die Spalte <em>Verlust<\/em> gibt den Leistungsbeitrag pro Titel an. W\u00fcrde der Titel ADAC Motorwelt aus dem Plan herausgenommen werden, w\u00fcrde sich die Reichweite des Plans um 16,7 % verringern.<\/p>\n\n\n\n<p>Die Spalte <em>Gewinn<\/em> gibt an, wie hoch der Gewinn einer weiteren Schaltung vom Titel X f\u00fcr den Optimalen Plan w\u00e4re.<\/p>\n\n\n\n<h3 class=\"wp-block-heading\">Plan \u00fcbernehmen<\/h3>\n\n\n\n<p>Der Plan kann durch Plan \u00fcbernehmen als neuer Streuplan in die Streuplanliste der \u00fcbernommen werden.<\/p>\n\n\n\n<figure class=\"wp-block-image size-large\"><a href=\"\/docs-mcloud\/wp-content\/uploads\/sites\/4\/2020\/12\/streuplan-masterplan-uebernehmen.png\"><img loading=\"lazy\" decoding=\"async\" width=\"353\" height=\"148\" src=\"\/docs-mcloud\/wp-content\/uploads\/sites\/4\/2020\/12\/streuplan-masterplan-uebernehmen.png\" alt=\"\" class=\"wp-image-1328\" srcset=\"\/docs-mcloud\/wp-content\/uploads\/sites\/4\/2020\/12\/streuplan-masterplan-uebernehmen.png 353w, \/docs-mcloud\/wp-content\/uploads\/sites\/4\/2020\/12\/streuplan-masterplan-uebernehmen-300x126.png 300w\" sizes=\"auto, (max-width: 353px) 100vw, 353px\" \/><\/a><\/figure>\n\n\n\n<h3 class=\"wp-block-heading\">Neu berechnen<\/h3>\n\n\n\n<p>Die hellblau hinterlegten Zellen lassen sich direkt in der Tabelle editieren. Nachdem Anpassungen vorgenommen wurde, kann der Plan \u00fcber den Button Neu berechnen aktualisiert werden.<\/p>\n\n\n\n<figure class=\"wp-block-image size-large\"><a href=\"\/docs-mcloud\/wp-content\/uploads\/sites\/4\/2020\/12\/streuplan-masterplan-neu-berechnen.png\"><img loading=\"lazy\" decoding=\"async\" width=\"353\" height=\"148\" src=\"\/docs-mcloud\/wp-content\/uploads\/sites\/4\/2020\/12\/streuplan-masterplan-neu-berechnen.png\" alt=\"\" class=\"wp-image-1332\" srcset=\"\/docs-mcloud\/wp-content\/uploads\/sites\/4\/2020\/12\/streuplan-masterplan-neu-berechnen.png 353w, \/docs-mcloud\/wp-content\/uploads\/sites\/4\/2020\/12\/streuplan-masterplan-neu-berechnen-300x126.png 300w\" sizes=\"auto, (max-width: 353px) 100vw, 353px\" \/><\/a><\/figure>\n\n\n\n<h3 class=\"wp-block-heading\">Vorgaben anpassen<\/h3>\n\n\n\n<p>Der Dialog zur Eingabe der Planvorgaben l\u00e4sst sich \u00fcber den Button Optionen aufrufen. Nachdem die Vorgaben mit OK best\u00e4tigt wurden, wird der Plan neu berechnet.<\/p>\n","protected":false},"excerpt":{"rendered":"<p>\u00dcber die Funktion Masterplan wird f\u00fcr frei definierbare Zielgruppen automatisch ein optimaler Belegungsplan erzeugt. Der Algorithmus berechnet durch Permutation der Titel und Frequenzen die beste L\u00f6sung f\u00fcr die Planziele Reichweite, Plankosten oder Kontaktbereich. Der optimale Plan ist erreicht, wenn eines dieser Ziele erreicht wurde. Bei elektronischen Medien werden Zeitschnitte, im Printbereich Einzeltitel in der Planoptimierung [&hellip;]<\/p>\n","protected":false},"author":1,"featured_media":0,"parent":660,"menu_order":5,"comment_status":"closed","ping_status":"closed","template":"","meta":{"_acf_changed":false,"inline_featured_image":false,"footnotes":""},"class_list":["post-1315","page","type-page","status-publish","hentry"],"acf":[],"_links":{"self":[{"href":"\/docs-mcloud\/wp-json\/wp\/v2\/pages\/1315","targetHints":{"allow":["GET"]}}],"collection":[{"href":"\/docs-mcloud\/wp-json\/wp\/v2\/pages"}],"about":[{"href":"\/docs-mcloud\/wp-json\/wp\/v2\/types\/page"}],"author":[{"embeddable":true,"href":"\/docs-mcloud\/wp-json\/wp\/v2\/users\/1"}],"replies":[{"embeddable":true,"href":"\/docs-mcloud\/wp-json\/wp\/v2\/comments?post=1315"}],"version-history":[{"count":12,"href":"\/docs-mcloud\/wp-json\/wp\/v2\/pages\/1315\/revisions"}],"predecessor-version":[{"id":2406,"href":"\/docs-mcloud\/wp-json\/wp\/v2\/pages\/1315\/revisions\/2406"}],"up":[{"embeddable":true,"href":"\/docs-mcloud\/wp-json\/wp\/v2\/pages\/660"}],"wp:attachment":[{"href":"\/docs-mcloud\/wp-json\/wp\/v2\/media?parent=1315"}],"curies":[{"name":"wp","href":"https:\/\/api.w.org\/{rel}","templated":true}]}}