{"id":1230,"date":"2020-12-02T14:02:29","date_gmt":"2020-12-02T14:02:29","guid":{"rendered":"\/docs-mcloud\/hilfe\/streuplan\/leistungswerte\/tarife-und-rabatte\/"},"modified":"2023-08-31T10:00:30","modified_gmt":"2023-08-31T10:00:30","slug":"tarife-und-rabatte","status":"publish","type":"page","link":"\/docs-mcloud\/hilfe\/streuplan\/tarife-und-rabatte\/","title":{"rendered":"Tarife und Rabatte"},"content":{"rendered":"\n<h2 class=\"wp-block-heading\">Auswahl der verwendeten Tarifdatei<\/h2>\n\n\n\n<p>Im Men\u00fc kann der Tarif, der verwendet werden soll, ausgew\u00e4hlt werden.<\/p>\n\n\n\n<figure class=\"wp-block-image size-large\"><a href=\"\/docs-mcloud\/wp-content\/uploads\/sites\/4\/2020\/12\/streuplan-tarife-auswahl.png\"><img loading=\"lazy\" decoding=\"async\" width=\"337\" height=\"96\" src=\"\/docs-mcloud\/wp-content\/uploads\/sites\/4\/2020\/12\/streuplan-tarife-auswahl.png\" alt=\"\" class=\"wp-image-1237\" srcset=\"\/docs-mcloud\/wp-content\/uploads\/sites\/4\/2020\/12\/streuplan-tarife-auswahl.png 337w, \/docs-mcloud\/wp-content\/uploads\/sites\/4\/2020\/12\/streuplan-tarife-auswahl-300x85.png 300w\" sizes=\"auto, (max-width: 337px) 100vw, 337px\" \/><\/a><\/figure>\n\n\n\n<h2 class=\"wp-block-heading\">Verwendete Tarife und Rabatte anzeigen<\/h2>\n\n\n\n<p>Welche Tarife und Rabatte zu einem Medientitel hinterlegt sind, kann \u00fcber den Dialog Anzeigeformate abgerufen werden.<\/p>\n\n\n\n<p>Dazu den Leistungswert Format per Drag &amp; Drop in den Arbeitsbereich ziehen.<\/p>\n\n\n\n<figure class=\"wp-block-image size-large\"><a href=\"\/docs-mcloud\/wp-content\/uploads\/sites\/4\/2020\/12\/streuplan-tarife.png\"><img loading=\"lazy\" decoding=\"async\" width=\"640\" height=\"175\" src=\"\/docs-mcloud\/wp-content\/uploads\/sites\/4\/2020\/12\/streuplan-tarife.png\" alt=\"\" class=\"wp-image-1233\" srcset=\"\/docs-mcloud\/wp-content\/uploads\/sites\/4\/2020\/12\/streuplan-tarife.png 640w, \/docs-mcloud\/wp-content\/uploads\/sites\/4\/2020\/12\/streuplan-tarife-300x82.png 300w\" sizes=\"auto, (max-width: 640px) 100vw, 640px\" \/><\/a><\/figure>\n\n\n\n<p>In der Spalte Format auf die Zelle des gew\u00fcnschten Medientitels klicken. Im Dialog werden die hinterlegten Tarife und Rabatte angezeigt. Hier lassen sich auch Rabattspr\u00fcnge nachvollziehen.<\/p>\n\n\n\n<figure class=\"wp-block-image size-large\"><a href=\"\/docs-mcloud\/wp-content\/uploads\/sites\/4\/2020\/12\/streuplan-tarife-dialog-anzeigenformate.png\"><img loading=\"lazy\" decoding=\"async\" width=\"940\" height=\"686\" src=\"\/docs-mcloud\/wp-content\/uploads\/sites\/4\/2020\/12\/streuplan-tarife-dialog-anzeigenformate.png\" alt=\"\" class=\"wp-image-1240\" srcset=\"\/docs-mcloud\/wp-content\/uploads\/sites\/4\/2020\/12\/streuplan-tarife-dialog-anzeigenformate.png 940w, \/docs-mcloud\/wp-content\/uploads\/sites\/4\/2020\/12\/streuplan-tarife-dialog-anzeigenformate-300x219.png 300w, \/docs-mcloud\/wp-content\/uploads\/sites\/4\/2020\/12\/streuplan-tarife-dialog-anzeigenformate-768x560.png 768w\" sizes=\"auto, (max-width: 940px) 100vw, 940px\" \/><\/a><\/figure>\n\n\n\n<h2 class=\"wp-block-heading\">Rabattierung Streuplankosten<\/h2>\n\n\n\n<p>Zus\u00e4tzlich zu der M\u00f6glichkeit, die Kosten f\u00fcr jedes einzelne Medium zu rabattieren, kann ein Rabatt f\u00fcr die Gesamtkosten eines Planes vorgegeben werden. Der Rabatt wird direkt in der Ergebnis\u00fcbersicht des Streuplans eingegeben.<\/p>\n\n\n\n<figure class=\"wp-block-image size-large\"><a href=\"\/docs-mcloud\/wp-content\/uploads\/sites\/4\/2020\/12\/streuplan-leistungswerte-zeilen.png\"><img loading=\"lazy\" decoding=\"async\" width=\"716\" height=\"438\" src=\"\/docs-mcloud\/wp-content\/uploads\/sites\/4\/2020\/12\/streuplan-leistungswerte-zeilen.png\" alt=\"\" class=\"wp-image-1254\" srcset=\"\/docs-mcloud\/wp-content\/uploads\/sites\/4\/2020\/12\/streuplan-leistungswerte-zeilen.png 716w, \/docs-mcloud\/wp-content\/uploads\/sites\/4\/2020\/12\/streuplan-leistungswerte-zeilen-300x184.png 300w\" sizes=\"auto, (max-width: 716px) 100vw, 716px\" \/><\/a><\/figure>\n\n\n\n<p>Der Leistungswert Rabatt % wird \u00fcber das Layoutfenster in die Ergebnis\u00fcbersicht des Planes eingef\u00fcgt &#8211; siehe <a href=\"\/docs-mcloud\/hilfe\/streuplan\/leistungswerte\/\" data-type=\"page\" data-id=\"1213\">Leistungswerte<\/a>.<\/p>\n","protected":false},"excerpt":{"rendered":"<p>Auswahl der verwendeten Tarifdatei Im Men\u00fc kann der Tarif, der verwendet werden soll, ausgew\u00e4hlt werden. Verwendete Tarife und Rabatte anzeigen Welche Tarife und Rabatte zu einem Medientitel hinterlegt sind, kann \u00fcber den Dialog Anzeigeformate abgerufen werden. Dazu den Leistungswert Format per Drag &amp; Drop in den Arbeitsbereich ziehen. In der Spalte Format auf die Zelle [&hellip;]<\/p>\n","protected":false},"author":1,"featured_media":0,"parent":660,"menu_order":8,"comment_status":"closed","ping_status":"closed","template":"","meta":{"_acf_changed":false,"inline_featured_image":false,"footnotes":""},"class_list":["post-1230","page","type-page","status-publish","hentry"],"acf":[],"_links":{"self":[{"href":"\/docs-mcloud\/wp-json\/wp\/v2\/pages\/1230","targetHints":{"allow":["GET"]}}],"collection":[{"href":"\/docs-mcloud\/wp-json\/wp\/v2\/pages"}],"about":[{"href":"\/docs-mcloud\/wp-json\/wp\/v2\/types\/page"}],"author":[{"embeddable":true,"href":"\/docs-mcloud\/wp-json\/wp\/v2\/users\/1"}],"replies":[{"embeddable":true,"href":"\/docs-mcloud\/wp-json\/wp\/v2\/comments?post=1230"}],"version-history":[{"count":6,"href":"\/docs-mcloud\/wp-json\/wp\/v2\/pages\/1230\/revisions"}],"predecessor-version":[{"id":1345,"href":"\/docs-mcloud\/wp-json\/wp\/v2\/pages\/1230\/revisions\/1345"}],"up":[{"embeddable":true,"href":"\/docs-mcloud\/wp-json\/wp\/v2\/pages\/660"}],"wp:attachment":[{"href":"\/docs-mcloud\/wp-json\/wp\/v2\/media?parent=1230"}],"curies":[{"name":"wp","href":"https:\/\/api.w.org\/{rel}","templated":true}]}}