{"id":1228,"date":"2026-02-18T21:13:25","date_gmt":"2026-02-18T21:13:25","guid":{"rendered":"\/docs-mcloud\/hilfe\/streuplan\/leistungswerte\/kontaktklassen\/"},"modified":"2026-02-18T21:14:41","modified_gmt":"2026-02-18T21:14:41","slug":"kontaktklassen","status":"publish","type":"page","link":"\/docs-mcloud\/hilfe\/streuplan\/leistungswerte\/kontaktklassen\/","title":{"rendered":"Kontaktklassen"},"content":{"rendered":"\n<p>Kontaktklassen k\u00f6nnen im Layout-Dialog definiert werden.<\/p>\n\n\n\n<figure class=\"wp-block-image size-large\"><a href=\"\/docs-mcloud\/wp-content\/uploads\/sites\/4\/2020\/12\/streuplan-layout.png\"><img loading=\"lazy\" decoding=\"async\" width=\"345\" height=\"33\" src=\"\/docs-mcloud\/wp-content\/uploads\/sites\/4\/2020\/12\/streuplan-layout.png\" alt=\"\" class=\"wp-image-1245\" srcset=\"\/docs-mcloud\/wp-content\/uploads\/sites\/4\/2020\/12\/streuplan-layout.png 345w, \/docs-mcloud\/wp-content\/uploads\/sites\/4\/2020\/12\/streuplan-layout-300x29.png 300w\" sizes=\"auto, (max-width: 345px) 100vw, 345px\" \/><\/a><\/figure>\n\n\n\n<h2 class=\"wp-block-heading\">Manuelle Eingabe<\/h2>\n\n\n\n<p>F\u00fcr die Berechnung der Kontaktverteilung in der Streuplananalyse k\u00f6nnen bis zu 36 Kontaktklassen definiert werden.<\/p>\n\n\n\n<p>\u00dcber den Button <em>Belegen<\/em> k\u00f6nnen Sie <em>Schrittweite<\/em> und <em>Obergrenze<\/em> vorgeben. Die Obergrenzen k\u00f6nnen auch direkt in der Maske eingegeben oder gel\u00f6scht werden. Die Kontaktklassen werden automatisch an die ge\u00e4nderten Obergrenzen angepasst.<\/p>\n\n\n\n<figure class=\"wp-block-image size-large\"><a href=\"\/docs-mcloud\/wp-content\/uploads\/sites\/4\/2026\/02\/Kontaktklasse1.png\"><img loading=\"lazy\" decoding=\"async\" width=\"1024\" height=\"609\" src=\"\/docs-mcloud\/wp-content\/uploads\/sites\/4\/2026\/02\/Kontaktklasse1-1024x609.png\" alt=\"\" class=\"wp-image-2992\" srcset=\"\/docs-mcloud\/wp-content\/uploads\/sites\/4\/2026\/02\/Kontaktklasse1-1024x609.png 1024w, \/docs-mcloud\/wp-content\/uploads\/sites\/4\/2026\/02\/Kontaktklasse1-300x178.png 300w, \/docs-mcloud\/wp-content\/uploads\/sites\/4\/2026\/02\/Kontaktklasse1-768x457.png 768w, \/docs-mcloud\/wp-content\/uploads\/sites\/4\/2026\/02\/Kontaktklasse1.png 1125w\" sizes=\"auto, (max-width: 1024px) 100vw, 1024px\" \/><\/a><\/figure>\n\n\n\n<p>Die Definition der Gewichte f\u00fcr die Wirkungskurve wird an dieser Stelle vorgenommen. Bei der Berechnung der Wirksamen Reichweite wird im Gegensatz zur normalen Reichweite die Bewertung von Kontakten bei der Berechnung ber\u00fccksichtigt. Setzen Sie z.B. die Gewichte f\u00fcr die Klasse 1 bis 6 Kontakte auf 0, gehen in die Berechnung der wirksamen Reichweite nur diejenigen Personen ein, die 7 und mehr Kontakte mit den Medien des Streuplans aufweisen.<\/p>\n\n\n\n<h2 class=\"wp-block-heading\">Grafische Darstellung<\/h2>\n\n\n\n<p>Neben der manuellen Eingabe kann die grafische Verteilung genutzt werden, um die Kontaktgewichte nach mathematischer Grundlage oder individuell anzupassen.<\/p>\n\n\n\n<p>Um einen \u00dcberblick \u00fcber die gew\u00e4hlten Werte zu erhalten, k\u00f6nnen jederzeit die Gewichte angezeigt oder ausgeblendet werden.<\/p>\n\n\n\n<figure class=\"wp-block-image size-large\"><img loading=\"lazy\" decoding=\"async\" width=\"1024\" height=\"456\" src=\"\/docs-mcloud\/wp-content\/uploads\/sites\/4\/2026\/02\/Kontaktklasse2-1024x456.png\" alt=\"\" class=\"wp-image-2994\" srcset=\"\/docs-mcloud\/wp-content\/uploads\/sites\/4\/2026\/02\/Kontaktklasse2-1024x456.png 1024w, \/docs-mcloud\/wp-content\/uploads\/sites\/4\/2026\/02\/Kontaktklasse2-300x134.png 300w, \/docs-mcloud\/wp-content\/uploads\/sites\/4\/2026\/02\/Kontaktklasse2-768x342.png 768w, \/docs-mcloud\/wp-content\/uploads\/sites\/4\/2026\/02\/Kontaktklasse2.png 1118w\" sizes=\"auto, (max-width: 1024px) 100vw, 1024px\" \/><\/figure>\n\n\n\n<p><strong>Mathematische Modelle<\/strong><br>Keine<br>Linear<br>Logistisch<br>Konvex<\/p>\n\n\n\n<p><strong>Individuell<\/strong><br>Mithilfe des Mauscursors lassen sich die Gewichte der jeweiligen Kontaktanzahl beliebig nach oben oder unten auf der Y-Achse (Gewicht) verschieben.<\/p>\n\n\n\n<figure class=\"wp-block-image size-large\"><img loading=\"lazy\" decoding=\"async\" width=\"1024\" height=\"420\" src=\"\/docs-mcloud\/wp-content\/uploads\/sites\/4\/2026\/02\/Kontaktklasse3-1024x420.png\" alt=\"\" class=\"wp-image-2995\" srcset=\"\/docs-mcloud\/wp-content\/uploads\/sites\/4\/2026\/02\/Kontaktklasse3-1024x420.png 1024w, \/docs-mcloud\/wp-content\/uploads\/sites\/4\/2026\/02\/Kontaktklasse3-300x123.png 300w, \/docs-mcloud\/wp-content\/uploads\/sites\/4\/2026\/02\/Kontaktklasse3-768x315.png 768w, \/docs-mcloud\/wp-content\/uploads\/sites\/4\/2026\/02\/Kontaktklasse3.png 1096w\" sizes=\"auto, (max-width: 1024px) 100vw, 1024px\" \/><\/figure>\n\n\n\n<p>\u00dcber den Button <strong>Anwenden<\/strong> werden die festgelegten Kontaktgewichte in den Reiter <strong>Kontaktklassen<\/strong> \u00fcbertragen.<\/p>\n\n\n\n<figure class=\"wp-block-image size-full\"><img loading=\"lazy\" decoding=\"async\" width=\"715\" height=\"332\" src=\"\/docs-mcloud\/wp-content\/uploads\/sites\/4\/2026\/02\/Kontaktklasse4.png\" alt=\"\" class=\"wp-image-2998\" srcset=\"\/docs-mcloud\/wp-content\/uploads\/sites\/4\/2026\/02\/Kontaktklasse4.png 715w, \/docs-mcloud\/wp-content\/uploads\/sites\/4\/2026\/02\/Kontaktklasse4-300x139.png 300w\" sizes=\"auto, (max-width: 715px) 100vw, 715px\" \/><\/figure>\n\n\n\n<p><br>Nach Best\u00e4tigung auf den OK-Button wird die Kontaktverteilung im Ergebnisbereich der Streuplanberechnung angezeigt &#8211; siehe <a href=\"\/docs-mcloud\/hilfe\/streuplan\/plananalyse\/\" data-type=\"page\" data-id=\"1411\">Plananalyse<\/a>.<\/p>\n","protected":false},"excerpt":{"rendered":"<p>Kontaktklassen k\u00f6nnen im Layout-Dialog definiert werden. Manuelle Eingabe F\u00fcr die Berechnung der Kontaktverteilung in der Streuplananalyse k\u00f6nnen bis zu 36 Kontaktklassen definiert werden. \u00dcber den Button Belegen k\u00f6nnen Sie Schrittweite und Obergrenze vorgeben. Die Obergrenzen k\u00f6nnen auch direkt in der Maske eingegeben oder gel\u00f6scht werden. Die Kontaktklassen werden automatisch an die ge\u00e4nderten Obergrenzen angepasst. Die [&hellip;]<\/p>\n","protected":false},"author":1,"featured_media":0,"parent":1213,"menu_order":1,"comment_status":"closed","ping_status":"closed","template":"","meta":{"_acf_changed":false,"inline_featured_image":false,"footnotes":""},"class_list":["post-1228","page","type-page","status-publish","hentry"],"acf":[],"_links":{"self":[{"href":"\/docs-mcloud\/wp-json\/wp\/v2\/pages\/1228","targetHints":{"allow":["GET"]}}],"collection":[{"href":"\/docs-mcloud\/wp-json\/wp\/v2\/pages"}],"about":[{"href":"\/docs-mcloud\/wp-json\/wp\/v2\/types\/page"}],"author":[{"embeddable":true,"href":"\/docs-mcloud\/wp-json\/wp\/v2\/users\/1"}],"replies":[{"embeddable":true,"href":"\/docs-mcloud\/wp-json\/wp\/v2\/comments?post=1228"}],"version-history":[{"count":5,"href":"\/docs-mcloud\/wp-json\/wp\/v2\/pages\/1228\/revisions"}],"predecessor-version":[{"id":3001,"href":"\/docs-mcloud\/wp-json\/wp\/v2\/pages\/1228\/revisions\/3001"}],"up":[{"embeddable":true,"href":"\/docs-mcloud\/wp-json\/wp\/v2\/pages\/1213"}],"wp:attachment":[{"href":"\/docs-mcloud\/wp-json\/wp\/v2\/media?parent=1228"}],"curies":[{"name":"wp","href":"https:\/\/api.w.org\/{rel}","templated":true}]}}