{"id":1217,"date":"2020-12-02T13:51:38","date_gmt":"2020-12-02T13:51:38","guid":{"rendered":"\/docs-mcloud\/hilfe\/streuplan\/leistungswerte\/rabattsprung\/"},"modified":"2023-08-31T10:00:30","modified_gmt":"2023-08-31T10:00:30","slug":"rabattsprung","status":"publish","type":"page","link":"\/docs-mcloud\/hilfe\/streuplan\/leistungswerte\/rabattsprung\/","title":{"rendered":"Rabattsprung"},"content":{"rendered":"\n<p>Rabattinformationen sind w\u00e4hrend des Planungsprozesses jederzeit ablesbar.<\/p>\n\n\n\n<figure class=\"wp-block-image size-large\"><a href=\"\/docs-mcloud\/wp-content\/uploads\/sites\/4\/2020\/12\/streuplan-rabattsprung.png\"><img loading=\"lazy\" decoding=\"async\" width=\"439\" height=\"223\" src=\"\/docs-mcloud\/wp-content\/uploads\/sites\/4\/2020\/12\/streuplan-rabattsprung.png\" alt=\"\" class=\"wp-image-1222\" srcset=\"\/docs-mcloud\/wp-content\/uploads\/sites\/4\/2020\/12\/streuplan-rabattsprung.png 439w, \/docs-mcloud\/wp-content\/uploads\/sites\/4\/2020\/12\/streuplan-rabattsprung-300x152.png 300w\" sizes=\"auto, (max-width: 439px) 100vw, 439px\" \/><\/a><\/figure>\n\n\n\n<p>Die blaue Ziffer gibt an, wie viele Belegungen bis zum n\u00e4chsten Rabattsprung zus\u00e4tzlich n\u00f6tig sind (ber\u00fccksichtigt wird die Mengenstaffel &#8211; siehe <a href=\"\/docs-mcloud\/hilfe\/streuplan\/leistungswerte\/tarife-und-rabatte\/\" data-type=\"page\" data-id=\"1230\">Tarife und Rabatte<\/a>).<\/p>\n\n\n\n<p>In der Layout-Maske des Streuplans kann die Anzeige \u00fcber die Option <em>Rabattspr\u00fcnge anzeigen<\/em> deaktiviert werden.<\/p>\n\n\n\n<figure class=\"wp-block-image size-large\"><a href=\"\/docs-mcloud\/wp-content\/uploads\/sites\/4\/2020\/12\/streuplan-rabattsprung-deaktivieren.png\"><img loading=\"lazy\" decoding=\"async\" width=\"989\" height=\"606\" src=\"\/docs-mcloud\/wp-content\/uploads\/sites\/4\/2020\/12\/streuplan-rabattsprung-deaktivieren.png\" alt=\"\" class=\"wp-image-1226\" srcset=\"\/docs-mcloud\/wp-content\/uploads\/sites\/4\/2020\/12\/streuplan-rabattsprung-deaktivieren.png 989w, \/docs-mcloud\/wp-content\/uploads\/sites\/4\/2020\/12\/streuplan-rabattsprung-deaktivieren-300x184.png 300w, \/docs-mcloud\/wp-content\/uploads\/sites\/4\/2020\/12\/streuplan-rabattsprung-deaktivieren-768x471.png 768w\" sizes=\"auto, (max-width: 989px) 100vw, 989px\" \/><\/a><\/figure>\n","protected":false},"excerpt":{"rendered":"<p>Rabattinformationen sind w\u00e4hrend des Planungsprozesses jederzeit ablesbar. Die blaue Ziffer gibt an, wie viele Belegungen bis zum n\u00e4chsten Rabattsprung zus\u00e4tzlich n\u00f6tig sind (ber\u00fccksichtigt wird die Mengenstaffel &#8211; siehe Tarife und Rabatte). In der Layout-Maske des Streuplans kann die Anzeige \u00fcber die Option Rabattspr\u00fcnge anzeigen deaktiviert werden.<\/p>\n","protected":false},"author":1,"featured_media":0,"parent":1213,"menu_order":0,"comment_status":"closed","ping_status":"closed","template":"","meta":{"_acf_changed":false,"inline_featured_image":false,"footnotes":""},"class_list":["post-1217","page","type-page","status-publish","hentry"],"acf":[],"_links":{"self":[{"href":"\/docs-mcloud\/wp-json\/wp\/v2\/pages\/1217","targetHints":{"allow":["GET"]}}],"collection":[{"href":"\/docs-mcloud\/wp-json\/wp\/v2\/pages"}],"about":[{"href":"\/docs-mcloud\/wp-json\/wp\/v2\/types\/page"}],"author":[{"embeddable":true,"href":"\/docs-mcloud\/wp-json\/wp\/v2\/users\/1"}],"replies":[{"embeddable":true,"href":"\/docs-mcloud\/wp-json\/wp\/v2\/comments?post=1217"}],"version-history":[{"count":4,"href":"\/docs-mcloud\/wp-json\/wp\/v2\/pages\/1217\/revisions"}],"predecessor-version":[{"id":2033,"href":"\/docs-mcloud\/wp-json\/wp\/v2\/pages\/1217\/revisions\/2033"}],"up":[{"embeddable":true,"href":"\/docs-mcloud\/wp-json\/wp\/v2\/pages\/1213"}],"wp:attachment":[{"href":"\/docs-mcloud\/wp-json\/wp\/v2\/media?parent=1217"}],"curies":[{"name":"wp","href":"https:\/\/api.w.org\/{rel}","templated":true}]}}