{"id":1213,"date":"2020-12-02T13:50:00","date_gmt":"2020-12-02T13:50:42","guid":{"rendered":"\/docs-mcloud\/hilfe\/streuplan\/leis\/"},"modified":"2023-08-31T10:00:30","modified_gmt":"2023-08-31T10:00:30","slug":"leistungswerte","status":"publish","type":"page","link":"\/docs-mcloud\/hilfe\/streuplan\/leistungswerte\/","title":{"rendered":"Leistungswerte"},"content":{"rendered":"\n<h2 class=\"wp-block-heading\">Leistungswerte in Spalten<\/h2>\n\n\n\n<p>Die im Datenpanel im Ordner Leistungswerte aufgef\u00fchrten Kenngr\u00f6\u00dfen k\u00f6nnen zur Dokumentation und Bearbeitung der Medienparameter einzelner Belegungseinheiten in die Streuplantabelle eingef\u00fcgt werden.<\/p>\n\n\n\n<p>Die Leistungswerte k\u00f6nnen Sie per Drag &amp; Drop aus dem Datenpanel in den Streuplan ziehen. Sie werden dort vor dem ersten Plan in die Plan\u00fcbersicht eingef\u00fcgt. Hier getroffene Medienvorgaben werden f\u00fcr die Rangreihe \u00fcbernommen.<\/p>\n\n\n\n<figure class=\"wp-block-image size-large\"><a href=\"\/docs-mcloud\/wp-content\/uploads\/sites\/4\/2020\/12\/streuplan-dnd-leistungswerte.png\"><img loading=\"lazy\" decoding=\"async\" width=\"856\" height=\"380\" src=\"\/docs-mcloud\/wp-content\/uploads\/sites\/4\/2020\/12\/streuplan-dnd-leistungswerte.png\" alt=\"\" class=\"wp-image-1138\" srcset=\"\/docs-mcloud\/wp-content\/uploads\/sites\/4\/2020\/12\/streuplan-dnd-leistungswerte.png 856w, \/docs-mcloud\/wp-content\/uploads\/sites\/4\/2020\/12\/streuplan-dnd-leistungswerte-300x133.png 300w, \/docs-mcloud\/wp-content\/uploads\/sites\/4\/2020\/12\/streuplan-dnd-leistungswerte-768x341.png 768w\" sizes=\"auto, (max-width: 856px) 100vw, 856px\" \/><\/a><\/figure>\n\n\n\n<h2 class=\"wp-block-heading\">Leistungswerte in der Ergebnisdarstellung<\/h2>\n\n\n\n<p>Die in der Ergebnisdarstellung angezeigten Leistungswerte k\u00f6nnen \u00fcber den Button Layout im Men\u00fc ge\u00e4ndert werden.<\/p>\n\n\n\n<figure class=\"wp-block-image size-large is-resized\"><a href=\"\/docs-mcloud\/wp-content\/uploads\/sites\/4\/2020\/12\/streuplan-layout-1.png\"><img loading=\"lazy\" decoding=\"async\" src=\"\/docs-mcloud\/wp-content\/uploads\/sites\/4\/2020\/12\/streuplan-layout-1.png\" alt=\"\" class=\"wp-image-1249\" width=\"345\" height=\"33\" srcset=\"\/docs-mcloud\/wp-content\/uploads\/sites\/4\/2020\/12\/streuplan-layout-1.png 345w, \/docs-mcloud\/wp-content\/uploads\/sites\/4\/2020\/12\/streuplan-layout-1-300x29.png 300w\" sizes=\"auto, (max-width: 345px) 100vw, 345px\" \/><\/a><\/figure>\n\n\n\n<p>Aus der Liste auf der linken Seite k\u00f6nnen die ben\u00f6tigten Leistungswerte per Drag &amp; Drop an die gew\u00fcnschte Stelle in der Tabelle auf der rechten Seite gezogen werden. <\/p>\n\n\n\n<p>Hier kann auch die Anzahl der Dezimalstellen f\u00fcr jeden Leistungswert angegeben werden.<\/p>\n\n\n\n<figure class=\"wp-block-image size-large\"><a href=\"\/docs-mcloud\/wp-content\/uploads\/sites\/4\/2020\/12\/streuplan-layout-dialog.png\"><img loading=\"lazy\" decoding=\"async\" width=\"989\" height=\"604\" src=\"\/docs-mcloud\/wp-content\/uploads\/sites\/4\/2020\/12\/streuplan-layout-dialog.png\" alt=\"\" class=\"wp-image-1252\" srcset=\"\/docs-mcloud\/wp-content\/uploads\/sites\/4\/2020\/12\/streuplan-layout-dialog.png 989w, \/docs-mcloud\/wp-content\/uploads\/sites\/4\/2020\/12\/streuplan-layout-dialog-300x183.png 300w, \/docs-mcloud\/wp-content\/uploads\/sites\/4\/2020\/12\/streuplan-layout-dialog-768x469.png 768w\" sizes=\"auto, (max-width: 989px) 100vw, 989px\" \/><\/a><\/figure>\n\n\n\n<p>Die gew\u00e4hlten Leistungswerte werden in der Ergebnisdarstellung der Tabelle angezeigt.<\/p>\n\n\n\n<figure class=\"wp-block-image size-large\"><a href=\"\/docs-mcloud\/wp-content\/uploads\/sites\/4\/2020\/12\/streuplan-leistungswerte-zeilen.png\"><img loading=\"lazy\" decoding=\"async\" width=\"716\" height=\"438\" src=\"\/docs-mcloud\/wp-content\/uploads\/sites\/4\/2020\/12\/streuplan-leistungswerte-zeilen.png\" alt=\"\" class=\"wp-image-1254\" srcset=\"\/docs-mcloud\/wp-content\/uploads\/sites\/4\/2020\/12\/streuplan-leistungswerte-zeilen.png 716w, \/docs-mcloud\/wp-content\/uploads\/sites\/4\/2020\/12\/streuplan-leistungswerte-zeilen-300x184.png 300w\" sizes=\"auto, (max-width: 716px) 100vw, 716px\" \/><\/a><\/figure>\n\n\n\n<p>Leistungswerte, die bearbeitet werden k\u00f6nnen, z.B. <em>Rabatt %<\/em>, werden durch hellblau hinterlegte Zellen gekennzeichnet.<\/p>\n","protected":false},"excerpt":{"rendered":"<p>Leistungswerte in Spalten Die im Datenpanel im Ordner Leistungswerte aufgef\u00fchrten Kenngr\u00f6\u00dfen k\u00f6nnen zur Dokumentation und Bearbeitung der Medienparameter einzelner Belegungseinheiten in die Streuplantabelle eingef\u00fcgt werden. Die Leistungswerte k\u00f6nnen Sie per Drag &amp; Drop aus dem Datenpanel in den Streuplan ziehen. Sie werden dort vor dem ersten Plan in die Plan\u00fcbersicht eingef\u00fcgt. Hier getroffene Medienvorgaben werden [&hellip;]<\/p>\n","protected":false},"author":1,"featured_media":0,"parent":660,"menu_order":9,"comment_status":"closed","ping_status":"closed","template":"","meta":{"_acf_changed":false,"inline_featured_image":false,"footnotes":""},"class_list":["post-1213","page","type-page","status-publish","hentry"],"acf":[],"_links":{"self":[{"href":"\/docs-mcloud\/wp-json\/wp\/v2\/pages\/1213","targetHints":{"allow":["GET"]}}],"collection":[{"href":"\/docs-mcloud\/wp-json\/wp\/v2\/pages"}],"about":[{"href":"\/docs-mcloud\/wp-json\/wp\/v2\/types\/page"}],"author":[{"embeddable":true,"href":"\/docs-mcloud\/wp-json\/wp\/v2\/users\/1"}],"replies":[{"embeddable":true,"href":"\/docs-mcloud\/wp-json\/wp\/v2\/comments?post=1213"}],"version-history":[{"count":13,"href":"\/docs-mcloud\/wp-json\/wp\/v2\/pages\/1213\/revisions"}],"predecessor-version":[{"id":2032,"href":"\/docs-mcloud\/wp-json\/wp\/v2\/pages\/1213\/revisions\/2032"}],"up":[{"embeddable":true,"href":"\/docs-mcloud\/wp-json\/wp\/v2\/pages\/660"}],"wp:attachment":[{"href":"\/docs-mcloud\/wp-json\/wp\/v2\/media?parent=1213"}],"curies":[{"name":"wp","href":"https:\/\/api.w.org\/{rel}","templated":true}]}}