{"id":1199,"date":"2020-12-02T13:32:32","date_gmt":"2020-12-02T13:32:32","guid":{"rendered":"\/docs-mcloud\/hilfe\/streuplan\/tabellenoptionen\/"},"modified":"2023-08-31T10:00:30","modified_gmt":"2023-08-31T10:00:30","slug":"tabellenoptionen","status":"publish","type":"page","link":"\/docs-mcloud\/hilfe\/streuplan\/optionen\/tabellenoptionen\/","title":{"rendered":"Tabellenoptionen"},"content":{"rendered":"\n<p>\u00dcber das Kontextmen\u00fc im Tabellenkopf stehen Ihnen verschiedene Optionen zur Verf\u00fcgung.<\/p>\n\n\n\n<figure class=\"wp-block-image size-large\"><a href=\"\/docs-mcloud\/wp-content\/uploads\/sites\/4\/2020\/12\/streuplan-tabellenkopf-kontextmenue-1.png\"><img loading=\"lazy\" decoding=\"async\" width=\"343\" height=\"197\" src=\"\/docs-mcloud\/wp-content\/uploads\/sites\/4\/2020\/12\/streuplan-tabellenkopf-kontextmenue-1.png\" alt=\"\" class=\"wp-image-1202\" srcset=\"\/docs-mcloud\/wp-content\/uploads\/sites\/4\/2020\/12\/streuplan-tabellenkopf-kontextmenue-1.png 343w, \/docs-mcloud\/wp-content\/uploads\/sites\/4\/2020\/12\/streuplan-tabellenkopf-kontextmenue-1-300x172.png 300w\" sizes=\"auto, (max-width: 343px) 100vw, 343px\" \/><\/a><\/figure>\n\n\n\n<h2 class=\"wp-block-heading\">Medienliste speichern<\/h2>\n\n\n\n<p>Alle Medien, die im Streuplan verwendet wurden, k\u00f6nnen in einer Medienliste gespeichert und an anderer Stelle verwendet werden.<\/p>\n\n\n\n<p>Die gespeicherte Liste wird unter dem Punkt <em>Eigene Medien<\/em> im Datenpanel angezeigt.<\/p>\n\n\n\n<h2 class=\"wp-block-heading\">Alle Medien sichtbar (Streuplan)<\/h2>\n\n\n\n<p>Macht Medien, die im Streuplan ausgeblendet wurden, wieder sichtbar. Siehe <a href=\"\/docs-mcloud\/hilfe\/streuplan\/medienoptionen\/\" data-type=\"page\" data-id=\"1185\">Medienoptionen<\/a>. <\/p>\n\n\n\n<h2 class=\"wp-block-heading\">Tabelle l\u00f6schen<\/h2>\n\n\n\n<p>L\u00f6scht alle Medien und Pl\u00e4ne.<\/p>\n\n\n\n<h2 class=\"wp-block-heading\">Pl\u00e4ne l\u00f6schen<\/h2>\n\n\n\n<p>L\u00f6scht alle Pl\u00e4ne aus dem Streuplan. Medien und Leistungswerte bleiben erhalten.<\/p>\n\n\n\n<h2 class=\"wp-block-heading\">Alle Leistungswerte entfernen<\/h2>\n\n\n\n<p>L\u00f6scht alle Leistungswerte (Spalten), die per Drag &amp; Drop in den Streuplan \u00fcbernommen wurden.<\/p>\n\n\n\n<h2 class=\"wp-block-heading\">Alle Medien entfernen<\/h2>\n\n\n\n<p>L\u00f6scht alle Medien (Zeilen) aus dem Streuplan.<\/p>\n\n\n\n<h2 class=\"wp-block-heading\">Medien ohne Belegung entfernen<\/h2>\n\n\n\n<p>L\u00f6scht alle Medien, denen keine Frequenz zugeordnet ist, aus dem Arbeitsbereich.<\/p>\n","protected":false},"excerpt":{"rendered":"<p>\u00dcber das Kontextmen\u00fc im Tabellenkopf stehen Ihnen verschiedene Optionen zur Verf\u00fcgung. Medienliste speichern Alle Medien, die im Streuplan verwendet wurden, k\u00f6nnen in einer Medienliste gespeichert und an anderer Stelle verwendet werden. Die gespeicherte Liste wird unter dem Punkt Eigene Medien im Datenpanel angezeigt. Alle Medien sichtbar (Streuplan) Macht Medien, die im Streuplan ausgeblendet wurden, wieder [&hellip;]<\/p>\n","protected":false},"author":1,"featured_media":0,"parent":1697,"menu_order":1,"comment_status":"closed","ping_status":"closed","template":"","meta":{"_acf_changed":false,"inline_featured_image":false,"footnotes":""},"class_list":["post-1199","page","type-page","status-publish","hentry"],"acf":[],"_links":{"self":[{"href":"\/docs-mcloud\/wp-json\/wp\/v2\/pages\/1199","targetHints":{"allow":["GET"]}}],"collection":[{"href":"\/docs-mcloud\/wp-json\/wp\/v2\/pages"}],"about":[{"href":"\/docs-mcloud\/wp-json\/wp\/v2\/types\/page"}],"author":[{"embeddable":true,"href":"\/docs-mcloud\/wp-json\/wp\/v2\/users\/1"}],"replies":[{"embeddable":true,"href":"\/docs-mcloud\/wp-json\/wp\/v2\/comments?post=1199"}],"version-history":[{"count":5,"href":"\/docs-mcloud\/wp-json\/wp\/v2\/pages\/1199\/revisions"}],"predecessor-version":[{"id":2046,"href":"\/docs-mcloud\/wp-json\/wp\/v2\/pages\/1199\/revisions\/2046"}],"up":[{"embeddable":true,"href":"\/docs-mcloud\/wp-json\/wp\/v2\/pages\/1697"}],"wp:attachment":[{"href":"\/docs-mcloud\/wp-json\/wp\/v2\/media?parent=1199"}],"curies":[{"name":"wp","href":"https:\/\/api.w.org\/{rel}","templated":true}]}}