{"id":1185,"date":"2020-12-02T13:06:00","date_gmt":"2020-12-02T13:06:45","guid":{"rendered":"\/docs-mcloud\/hilfe\/streuplan\/verbergen-von-medien\/"},"modified":"2023-08-31T10:00:30","modified_gmt":"2023-08-31T10:00:30","slug":"medienoptionen","status":"publish","type":"page","link":"\/docs-mcloud\/hilfe\/streuplan\/optionen\/medienoptionen\/","title":{"rendered":"Medienoptionen"},"content":{"rendered":"\n<p>\u00dcber das Kontextmen\u00fc der Vorspalte haben Sie verschieden Optionen zum Bearbeiten von Medien.<\/p>\n\n\n\n<div class=\"wp-block-columns is-layout-flex wp-container-core-columns-is-layout-9d6595d7 wp-block-columns-is-layout-flex\">\n<div class=\"wp-block-column is-layout-flow wp-block-column-is-layout-flow\">\n<figure class=\"wp-block-image size-large\"><a href=\"\/docs-mcloud\/wp-content\/uploads\/sites\/4\/2020\/12\/streuplan-vorspalte-kontextmenue.png\"><img loading=\"lazy\" decoding=\"async\" width=\"426\" height=\"261\" src=\"\/docs-mcloud\/wp-content\/uploads\/sites\/4\/2020\/12\/streuplan-vorspalte-kontextmenue.png\" alt=\"\" class=\"wp-image-1197\" srcset=\"\/docs-mcloud\/wp-content\/uploads\/sites\/4\/2020\/12\/streuplan-vorspalte-kontextmenue.png 426w, \/docs-mcloud\/wp-content\/uploads\/sites\/4\/2020\/12\/streuplan-vorspalte-kontextmenue-300x184.png 300w\" sizes=\"auto, (max-width: 426px) 100vw, 426px\" \/><\/a><\/figure>\n\n\n\n<figure class=\"wp-block-image size-large\"><a href=\"\/docs-mcloud\/wp-content\/uploads\/sites\/4\/2021\/04\/Online_Optionen.png\"><img loading=\"lazy\" decoding=\"async\" width=\"346\" height=\"259\" src=\"\/docs-mcloud\/wp-content\/uploads\/sites\/4\/2021\/04\/Online_Optionen.png\" alt=\"\" class=\"wp-image-2285\" srcset=\"\/docs-mcloud\/wp-content\/uploads\/sites\/4\/2021\/04\/Online_Optionen.png 346w, \/docs-mcloud\/wp-content\/uploads\/sites\/4\/2021\/04\/Online_Optionen-300x225.png 300w\" sizes=\"auto, (max-width: 346px) 100vw, 346px\" \/><\/a><\/figure>\n<\/div>\n\n\n\n<div class=\"wp-block-column is-layout-flow wp-block-column-is-layout-flow\">\n<figure class=\"wp-block-image size-large\"><a href=\"\/docs-mcloud\/wp-content\/uploads\/sites\/4\/2020\/12\/streuplan-vorspalte-kontextmenue1.png\"><img loading=\"lazy\" decoding=\"async\" width=\"349\" height=\"224\" src=\"\/docs-mcloud\/wp-content\/uploads\/sites\/4\/2020\/12\/streuplan-vorspalte-kontextmenue1.png\" alt=\"\" class=\"wp-image-1210\" srcset=\"\/docs-mcloud\/wp-content\/uploads\/sites\/4\/2020\/12\/streuplan-vorspalte-kontextmenue1.png 349w, \/docs-mcloud\/wp-content\/uploads\/sites\/4\/2020\/12\/streuplan-vorspalte-kontextmenue1-300x193.png 300w\" sizes=\"auto, (max-width: 349px) 100vw, 349px\" \/><\/a><\/figure>\n<\/div>\n<\/div>\n\n\n\n<h2 class=\"wp-block-heading\">Bezeichnung \u00e4ndern<\/h2>\n\n\n\n<p>Sie k\u00f6nnen den Namen des Mediums \u00e4ndern.<\/p>\n\n\n\n<h2 class=\"wp-block-heading\">Vario-Kombi erstellen<\/h2>\n\n\n\n<p>Diese Option ist nur verf\u00fcgbar, wenn Sie mehrere Medien selektiert haben. Aus den markierten Medien wird eine <a href=\"\/docs-mcloud\/hilfe\/rangreihe\/kombinationen\/\">Vario-Kombi<\/a> erstellt und der Medienliste angef\u00fcgt. Sie k\u00f6nnen einen eigenen Namen f\u00fcr die Vario-Kombi vergeben.<\/p>\n\n\n\n<h2 class=\"wp-block-heading\">Einf\u00fcgemarkierung setzen<\/h2>\n\n\n\n<p>Medien, die Sie per Drag &amp; Drop in den Streuplan ziehen, werden standardm\u00e4\u00dfig an das Ende der Liste eingef\u00fcgt. Um Medien an einen bestimmten Punkt in der Liste zu ziehen, aktivieren Sie in der gew\u00fcnschten Zeile die Option Einf\u00fcgemarkierung setzen. Wenn Sie jetzt einen oder mehrere Medien in den Streuplan ziehen, werden diese an der markierten Stelle eingef\u00fcgt. Anschlie\u00dfend k\u00f6nnen Sie die Einf\u00fcgemarkierung per Kontextmen\u00fc (<em>Einf\u00fcgemarkierung entfernen<\/em>) wieder l\u00f6schen.<\/p>\n\n\n\n<h2 class=\"wp-block-heading\">Streuplan Sichtbarkeit<\/h2>\n\n\n\n<h3 class=\"wp-block-heading\">Medien verbergen<\/h3>\n\n\n\n<p>Medien k\u00f6nnen im Arbeitsbereich des Streuplans ausgeblendet werden, ohne das sie dabei aus der Rangreihe gel\u00f6scht werden.<\/p>\n\n\n\n<p>Markieren Sie die Medien, die verborgen werden sollen und w\u00e4hlen Sie im Kontextmen\u00fc <em>Streuplan Sichtbarkeit<\/em> aus.<\/p>\n\n\n\n<figure class=\"wp-block-image size-large\"><a href=\"\/docs-mcloud\/wp-content\/uploads\/sites\/4\/2020\/12\/streuplan-medien-verbergen.png\"><img loading=\"lazy\" decoding=\"async\" width=\"444\" height=\"269\" src=\"\/docs-mcloud\/wp-content\/uploads\/sites\/4\/2020\/12\/streuplan-medien-verbergen.png\" alt=\"\" class=\"wp-image-1188\" srcset=\"\/docs-mcloud\/wp-content\/uploads\/sites\/4\/2020\/12\/streuplan-medien-verbergen.png 444w, \/docs-mcloud\/wp-content\/uploads\/sites\/4\/2020\/12\/streuplan-medien-verbergen-300x182.png 300w\" sizes=\"auto, (max-width: 444px) 100vw, 444px\" \/><\/a><\/figure>\n\n\n\n<p>In der <a href=\"\/docs-mcloud\/hilfe\/rangreihe\/\">Rangreihe<\/a> werden die im Streuplan ausgeblendeten Medien grau und kursiv angezeigt.<\/p>\n\n\n\n<figure class=\"wp-block-image size-large\"><a href=\"\/docs-mcloud\/wp-content\/uploads\/sites\/4\/2020\/12\/streuplan-medien-verbergen-rangreihe.png\"><img loading=\"lazy\" decoding=\"async\" width=\"309\" height=\"247\" src=\"\/docs-mcloud\/wp-content\/uploads\/sites\/4\/2020\/12\/streuplan-medien-verbergen-rangreihe.png\" alt=\"\" class=\"wp-image-1190\" srcset=\"\/docs-mcloud\/wp-content\/uploads\/sites\/4\/2020\/12\/streuplan-medien-verbergen-rangreihe.png 309w, \/docs-mcloud\/wp-content\/uploads\/sites\/4\/2020\/12\/streuplan-medien-verbergen-rangreihe-300x240.png 300w\" sizes=\"auto, (max-width: 309px) 100vw, 309px\" \/><\/a><\/figure>\n\n\n\n<h3 class=\"wp-block-heading\">Ausgeblendete Medien wieder sichtbar machen<\/h3>\n\n\n\n<p>\u00dcber das Kontextmen\u00fc im Tabellenkopf kann die Sichtbarkeit von Medien ge\u00e4ndert werden. <\/p>\n\n\n\n<figure class=\"wp-block-image size-large\"><a href=\"\/docs-mcloud\/wp-content\/uploads\/sites\/4\/2020\/12\/streuplan-medien-einblenden.png\"><img loading=\"lazy\" decoding=\"async\" width=\"390\" height=\"161\" src=\"\/docs-mcloud\/wp-content\/uploads\/sites\/4\/2020\/12\/streuplan-medien-einblenden.png\" alt=\"\" class=\"wp-image-1193\" srcset=\"\/docs-mcloud\/wp-content\/uploads\/sites\/4\/2020\/12\/streuplan-medien-einblenden.png 390w, \/docs-mcloud\/wp-content\/uploads\/sites\/4\/2020\/12\/streuplan-medien-einblenden-300x124.png 300w\" sizes=\"auto, (max-width: 390px) 100vw, 390px\" \/><\/a><\/figure>\n\n\n\n<h2 class=\"wp-block-heading\">Duplizieren<\/h2>\n\n\n\n<p>Eine Zeile kann mit Hilfe der Option <em>Duplizieren <\/em>kopiert werden. <\/p>\n\n\n\n<h2 class=\"wp-block-heading\">L\u00f6schen<\/h2>\n\n\n\n<p>Eine oder mehrere Zeilen k\u00f6nnen mit Hilfe der Option <em>L\u00f6schen <\/em>aus dem Streuplan gel\u00f6scht werden. Sie werden dabei auch aus der <a href=\"\/docs-mcloud\/hilfe\/rangreihe\/\">Rangreihe<\/a> gel\u00f6scht.<\/p>\n\n\n\n<h2 class=\"wp-block-heading\">Share TPI<\/h2>\n\n\n\n<p>Diese Option ist nur verf\u00fcgbar, wenn Sie einen Onlinetitel ausgew\u00e4hlt haben. Geben Sie den prozentualen Anteil oder einen absoluten Wert f\u00fcr den <a href=\"\/docs-mcloud\/hilfe\/leistungswerte\/\">TPI<\/a> ein. Der gew\u00e4hlte Wert wird anschlie\u00dfend unterhalb des Titels angezeigt.<\/p>\n\n\n\n<div class=\"wp-block-columns is-layout-flex wp-container-core-columns-is-layout-9d6595d7 wp-block-columns-is-layout-flex\">\n<div class=\"wp-block-column is-layout-flow wp-block-column-is-layout-flow\">\n<figure class=\"wp-block-image size-large\"><a href=\"\/docs-mcloud\/wp-content\/uploads\/sites\/4\/2021\/04\/Online_Optionen3.png\"><img loading=\"lazy\" decoding=\"async\" width=\"487\" height=\"142\" src=\"\/docs-mcloud\/wp-content\/uploads\/sites\/4\/2021\/04\/Online_Optionen3.png\" alt=\"\" class=\"wp-image-2287\" srcset=\"\/docs-mcloud\/wp-content\/uploads\/sites\/4\/2021\/04\/Online_Optionen3.png 487w, \/docs-mcloud\/wp-content\/uploads\/sites\/4\/2021\/04\/Online_Optionen3-300x87.png 300w\" sizes=\"auto, (max-width: 487px) 100vw, 487px\" \/><\/a><\/figure>\n<\/div>\n\n\n\n<div class=\"wp-block-column is-layout-flow wp-block-column-is-layout-flow\">\n<figure class=\"wp-block-image size-large\"><a href=\"\/docs-mcloud\/wp-content\/uploads\/sites\/4\/2021\/04\/Online_Optionen4.png\"><img loading=\"lazy\" decoding=\"async\" width=\"347\" height=\"157\" src=\"\/docs-mcloud\/wp-content\/uploads\/sites\/4\/2021\/04\/Online_Optionen4.png\" alt=\"\" class=\"wp-image-2288\" srcset=\"\/docs-mcloud\/wp-content\/uploads\/sites\/4\/2021\/04\/Online_Optionen4.png 347w, \/docs-mcloud\/wp-content\/uploads\/sites\/4\/2021\/04\/Online_Optionen4-300x136.png 300w\" sizes=\"auto, (max-width: 347px) 100vw, 347px\" \/><\/a><\/figure>\n<\/div>\n<\/div>\n\n\n\n<h2 class=\"wp-block-heading\">Frequency Cap<\/h2>\n\n\n\n<p>Diese Option ist nur verf\u00fcgbar, wenn Sie einen Onlinetitel ausgew\u00e4hlt haben. Geben Sie die maximale Anzahl an Ausspielungen des Werbemittels an einen Nutzer ein. Der aufgrund des <a href=\"\/docs-mcloud\/hilfe\/leistungswerte\/\">Frequency Caps<\/a> reduzierte TPI sowie der festgelegte Frequency Cap werden unterhalb des Titels angezeigt.<\/p>\n\n\n\n<div class=\"wp-block-columns is-layout-flex wp-container-core-columns-is-layout-9d6595d7 wp-block-columns-is-layout-flex\">\n<div class=\"wp-block-column is-layout-flow wp-block-column-is-layout-flow\">\n<figure class=\"wp-block-image size-large\"><a href=\"\/docs-mcloud\/wp-content\/uploads\/sites\/4\/2021\/04\/Online_Optionen5.png\"><img loading=\"lazy\" decoding=\"async\" width=\"275\" height=\"143\" src=\"\/docs-mcloud\/wp-content\/uploads\/sites\/4\/2021\/04\/Online_Optionen5.png\" alt=\"\" class=\"wp-image-2289\" \/><\/a><\/figure>\n<\/div>\n\n\n\n<div class=\"wp-block-column is-layout-flow wp-block-column-is-layout-flow\">\n<figure class=\"wp-block-image size-large\"><a href=\"\/docs-mcloud\/wp-content\/uploads\/sites\/4\/2021\/04\/Online_Optionen6.png\"><img loading=\"lazy\" decoding=\"async\" width=\"346\" height=\"156\" src=\"\/docs-mcloud\/wp-content\/uploads\/sites\/4\/2021\/04\/Online_Optionen6.png\" alt=\"\" class=\"wp-image-2290\" srcset=\"\/docs-mcloud\/wp-content\/uploads\/sites\/4\/2021\/04\/Online_Optionen6.png 346w, \/docs-mcloud\/wp-content\/uploads\/sites\/4\/2021\/04\/Online_Optionen6-300x135.png 300w\" sizes=\"auto, (max-width: 346px) 100vw, 346px\" \/><\/a><\/figure>\n<\/div>\n<\/div>\n","protected":false},"excerpt":{"rendered":"<p>\u00dcber das Kontextmen\u00fc der Vorspalte haben Sie verschieden Optionen zum Bearbeiten von Medien. Bezeichnung \u00e4ndern Sie k\u00f6nnen den Namen des Mediums \u00e4ndern. Vario-Kombi erstellen Diese Option ist nur verf\u00fcgbar, wenn Sie mehrere Medien selektiert haben. Aus den markierten Medien wird eine Vario-Kombi erstellt und der Medienliste angef\u00fcgt. Sie k\u00f6nnen einen eigenen Namen f\u00fcr die Vario-Kombi [&hellip;]<\/p>\n","protected":false},"author":1,"featured_media":0,"parent":1697,"menu_order":3,"comment_status":"closed","ping_status":"closed","template":"","meta":{"_acf_changed":false,"inline_featured_image":false,"footnotes":""},"class_list":["post-1185","page","type-page","status-publish","hentry"],"acf":[],"_links":{"self":[{"href":"\/docs-mcloud\/wp-json\/wp\/v2\/pages\/1185","targetHints":{"allow":["GET"]}}],"collection":[{"href":"\/docs-mcloud\/wp-json\/wp\/v2\/pages"}],"about":[{"href":"\/docs-mcloud\/wp-json\/wp\/v2\/types\/page"}],"author":[{"embeddable":true,"href":"\/docs-mcloud\/wp-json\/wp\/v2\/users\/1"}],"replies":[{"embeddable":true,"href":"\/docs-mcloud\/wp-json\/wp\/v2\/comments?post=1185"}],"version-history":[{"count":13,"href":"\/docs-mcloud\/wp-json\/wp\/v2\/pages\/1185\/revisions"}],"predecessor-version":[{"id":2291,"href":"\/docs-mcloud\/wp-json\/wp\/v2\/pages\/1185\/revisions\/2291"}],"up":[{"embeddable":true,"href":"\/docs-mcloud\/wp-json\/wp\/v2\/pages\/1697"}],"wp:attachment":[{"href":"\/docs-mcloud\/wp-json\/wp\/v2\/media?parent=1185"}],"curies":[{"name":"wp","href":"https:\/\/api.w.org\/{rel}","templated":true}]}}