{"id":1174,"date":"2020-12-02T12:50:41","date_gmt":"2020-12-02T12:50:41","guid":{"rendered":"\/docs-mcloud\/hilfe\/streuplan\/plan-speichern\/"},"modified":"2023-08-31T10:00:30","modified_gmt":"2023-08-31T10:00:30","slug":"plan-speichern","status":"publish","type":"page","link":"\/docs-mcloud\/hilfe\/streuplan\/plan-speichern\/","title":{"rendered":"Plan speichern"},"content":{"rendered":"\n<p>Pl\u00e4ne werden <strong>tempor\u00e4r <\/strong>zur weiteren Verwendung f\u00fcr die Aufteilung unter dem Punkt Medienpl\u00e4ne im Ordner Medien abgelegt.<\/p>\n\n\n\n<figure class=\"wp-block-image size-large\"><a href=\"\/docs-mcloud\/wp-content\/uploads\/sites\/4\/2020\/12\/streuplan-medienplan.png\"><img loading=\"lazy\" decoding=\"async\" width=\"236\" height=\"159\" src=\"\/docs-mcloud\/wp-content\/uploads\/sites\/4\/2020\/12\/streuplan-medienplan.png\" alt=\"\" class=\"wp-image-1177\"\/><\/a><\/figure>\n\n\n\n<p>\u00dcber den Button Speichern im Men\u00fc k\u00f6nnen Pl\u00e4ne <strong>dauerhaft<\/strong> gespeichert werden.<\/p>\n\n\n\n<figure class=\"wp-block-image size-large\"><img loading=\"lazy\" decoding=\"async\" width=\"208\" height=\"29\" src=\"\/docs-mcloud\/wp-content\/uploads\/sites\/4\/2020\/12\/streuplan-speichern.png\" alt=\"\" class=\"wp-image-1182\"\/><\/figure>\n\n\n\n<h2 class=\"wp-block-heading\">Medienlisten speichern<\/h2>\n\n\n\n<figure class=\"wp-block-image size-large\"><a href=\"\/docs-mcloud\/wp-content\/uploads\/sites\/4\/2020\/12\/streuplan-medienliste-speichern.png\"><img loading=\"lazy\" decoding=\"async\" width=\"725\" height=\"206\" src=\"\/docs-mcloud\/wp-content\/uploads\/sites\/4\/2020\/12\/streuplan-medienliste-speichern.png\" alt=\"\" class=\"wp-image-1180\" srcset=\"\/docs-mcloud\/wp-content\/uploads\/sites\/4\/2020\/12\/streuplan-medienliste-speichern.png 725w, \/docs-mcloud\/wp-content\/uploads\/sites\/4\/2020\/12\/streuplan-medienliste-speichern-300x85.png 300w\" sizes=\"auto, (max-width: 725px) 100vw, 725px\" \/><\/a><\/figure>\n\n\n\n<p>Mit der rechten Maustaste auf den Tabellenkopf des Streuplans klicken und Medienliste speichern ausw\u00e4hlen. Sie k\u00f6nnen anschlie\u00dfend einen Namen f\u00fcr die Liste vergeben. <\/p>\n\n\n\n<p>Die gespeicherte Liste wird unter dem Punkt Eigene Medien im Datenpanel angezeigt.<\/p>\n\n\n\n<figure class=\"wp-block-image size-large\"><a href=\"\/docs-mcloud\/wp-content\/uploads\/sites\/4\/2020\/12\/streuplan-eigene-medien.png\"><img loading=\"lazy\" decoding=\"async\" width=\"236\" height=\"159\" src=\"\/docs-mcloud\/wp-content\/uploads\/sites\/4\/2020\/12\/streuplan-eigene-medien.png\" alt=\"\" class=\"wp-image-1181\"\/><\/a><\/figure>\n","protected":false},"excerpt":{"rendered":"<p>Pl\u00e4ne werden tempor\u00e4r zur weiteren Verwendung f\u00fcr die Aufteilung unter dem Punkt Medienpl\u00e4ne im Ordner Medien abgelegt. \u00dcber den Button Speichern im Men\u00fc k\u00f6nnen Pl\u00e4ne dauerhaft gespeichert werden. Medienlisten speichern Mit der rechten Maustaste auf den Tabellenkopf des Streuplans klicken und Medienliste speichern ausw\u00e4hlen. Sie k\u00f6nnen anschlie\u00dfend einen Namen f\u00fcr die Liste vergeben. Die gespeicherte [&hellip;]<\/p>\n","protected":false},"author":1,"featured_media":0,"parent":660,"menu_order":3,"comment_status":"closed","ping_status":"closed","template":"","meta":{"_acf_changed":false,"inline_featured_image":false,"footnotes":""},"class_list":["post-1174","page","type-page","status-publish","hentry"],"acf":[],"_links":{"self":[{"href":"\/docs-mcloud\/wp-json\/wp\/v2\/pages\/1174","targetHints":{"allow":["GET"]}}],"collection":[{"href":"\/docs-mcloud\/wp-json\/wp\/v2\/pages"}],"about":[{"href":"\/docs-mcloud\/wp-json\/wp\/v2\/types\/page"}],"author":[{"embeddable":true,"href":"\/docs-mcloud\/wp-json\/wp\/v2\/users\/1"}],"replies":[{"embeddable":true,"href":"\/docs-mcloud\/wp-json\/wp\/v2\/comments?post=1174"}],"version-history":[{"count":3,"href":"\/docs-mcloud\/wp-json\/wp\/v2\/pages\/1174\/revisions"}],"predecessor-version":[{"id":1183,"href":"\/docs-mcloud\/wp-json\/wp\/v2\/pages\/1174\/revisions\/1183"}],"up":[{"embeddable":true,"href":"\/docs-mcloud\/wp-json\/wp\/v2\/pages\/660"}],"wp:attachment":[{"href":"\/docs-mcloud\/wp-json\/wp\/v2\/media?parent=1174"}],"curies":[{"name":"wp","href":"https:\/\/api.w.org\/{rel}","templated":true}]}}