{"id":1161,"date":"2020-12-02T12:21:23","date_gmt":"2020-12-02T12:21:23","guid":{"rendered":"\/docs-mcloud\/hilfe\/streuplan\/plan-belegen\/"},"modified":"2023-08-31T10:00:30","modified_gmt":"2023-08-31T10:00:30","slug":"plan-belegen","status":"publish","type":"page","link":"\/docs-mcloud\/hilfe\/streuplan\/plan-belegen\/","title":{"rendered":"Plan belegen"},"content":{"rendered":"\n<p>Markieren Sie im Ordner Medien alle potentiellen Plankandidaten und ziehen diese per Drag &amp; Drop in den Arbeitsbereich.<\/p>\n\n\n\n<h2 class=\"wp-block-heading\">Rabattkombinationen abrufen<\/h2>\n\n\n\n<p>\u00dcber das <img loading=\"lazy\" decoding=\"async\" width=\"18\" height=\"17\" class=\"wp-image-1977\" style=\"width: 18px\" src=\"\/docs-mcloud\/wp-content\/uploads\/sites\/4\/2020\/12\/plus.png\" alt=\"\"> Icon im Tabellenkopf rufen Sie alle \u00fcber die ausgew\u00e4hlten Titel gebildeten Rabattkombinationen ab. Die Kombis werden direkt in der Medienauswahl angezeigt.<\/p>\n\n\n\n<div class=\"wp-block-columns is-layout-flex wp-container-core-columns-is-layout-9d6595d7 wp-block-columns-is-layout-flex\">\n<div class=\"wp-block-column is-layout-flow wp-block-column-is-layout-flow\">\n<figure class=\"wp-block-image size-large\"><a href=\"\/docs-mcloud\/wp-content\/uploads\/sites\/4\/2020\/12\/streuplan-rabattkombinationen.png\"><img loading=\"lazy\" decoding=\"async\" width=\"366\" height=\"203\" src=\"\/docs-mcloud\/wp-content\/uploads\/sites\/4\/2020\/12\/streuplan-rabattkombinationen.png\" alt=\"\" class=\"wp-image-1164\" srcset=\"\/docs-mcloud\/wp-content\/uploads\/sites\/4\/2020\/12\/streuplan-rabattkombinationen.png 366w, \/docs-mcloud\/wp-content\/uploads\/sites\/4\/2020\/12\/streuplan-rabattkombinationen-300x166.png 300w\" sizes=\"auto, (max-width: 366px) 100vw, 366px\" \/><\/a><\/figure>\n<\/div>\n\n\n\n<div class=\"wp-block-column is-layout-flow wp-block-column-is-layout-flow\">\n<figure class=\"wp-block-image size-large\"><a href=\"\/docs-mcloud\/wp-content\/uploads\/sites\/4\/2020\/12\/streuplan-rabattkombinationen1.png\"><img loading=\"lazy\" decoding=\"async\" width=\"369\" height=\"291\" src=\"\/docs-mcloud\/wp-content\/uploads\/sites\/4\/2020\/12\/streuplan-rabattkombinationen1.png\" alt=\"\" class=\"wp-image-1165\" srcset=\"\/docs-mcloud\/wp-content\/uploads\/sites\/4\/2020\/12\/streuplan-rabattkombinationen1.png 369w, \/docs-mcloud\/wp-content\/uploads\/sites\/4\/2020\/12\/streuplan-rabattkombinationen1-300x237.png 300w\" sizes=\"auto, (max-width: 369px) 100vw, 369px\" \/><\/a><\/figure>\n<\/div>\n<\/div>\n\n\n\n<h2 class=\"wp-block-heading\">Eingabe von Frequenzen<\/h2>\n\n\n\n<h3 class=\"wp-block-heading\">Manuelle Eingabe<\/h3>\n\n\n\n<p>Frequenzen k\u00f6nnen direkt im Arbeitsbereich eingegeben werden. In der Spalte Masterplan in die gew\u00fcnschte Zelle klicken, einen Wert eingeben und mit [Enter] best\u00e4tigen. Es wird automatisch ein neuer Plan erstellt und als zus\u00e4tzlich Spalte angezeigt.<\/p>\n\n\n\n<div class=\"wp-block-columns is-layout-flex wp-container-core-columns-is-layout-9d6595d7 wp-block-columns-is-layout-flex\">\n<div class=\"wp-block-column is-layout-flow wp-block-column-is-layout-flow\">\n<figure class=\"wp-block-image size-large\"><a href=\"\/docs-mcloud\/wp-content\/uploads\/sites\/4\/2020\/12\/streuplan-frequenz.png\"><img loading=\"lazy\" decoding=\"async\" width=\"633\" height=\"127\" src=\"\/docs-mcloud\/wp-content\/uploads\/sites\/4\/2020\/12\/streuplan-frequenz.png\" alt=\"\" class=\"wp-image-1167\" srcset=\"\/docs-mcloud\/wp-content\/uploads\/sites\/4\/2020\/12\/streuplan-frequenz.png 633w, \/docs-mcloud\/wp-content\/uploads\/sites\/4\/2020\/12\/streuplan-frequenz-300x60.png 300w\" sizes=\"auto, (max-width: 633px) 100vw, 633px\" \/><\/a><\/figure>\n<\/div>\n\n\n\n<div class=\"wp-block-column is-layout-flow wp-block-column-is-layout-flow\">\n<figure class=\"wp-block-image size-large\"><a href=\"\/docs-mcloud\/wp-content\/uploads\/sites\/4\/2020\/12\/streuplan-frequenz1.png\"><img loading=\"lazy\" decoding=\"async\" width=\"721\" height=\"130\" src=\"\/docs-mcloud\/wp-content\/uploads\/sites\/4\/2020\/12\/streuplan-frequenz1.png\" alt=\"\" class=\"wp-image-1168\" srcset=\"\/docs-mcloud\/wp-content\/uploads\/sites\/4\/2020\/12\/streuplan-frequenz1.png 721w, \/docs-mcloud\/wp-content\/uploads\/sites\/4\/2020\/12\/streuplan-frequenz1-300x54.png 300w\" sizes=\"auto, (max-width: 721px) 100vw, 721px\" \/><\/a><\/figure>\n<\/div>\n<\/div>\n\n\n\n<p>Editierbare Zellen werden im Arbeitsbereich hellblau hinterlegt. Eine Bearbeitung der Werte ist direkt durch einen Klick in die jeweilige Zelle m\u00f6glich. Die Eingabe wird mit [Enter] best\u00e4tigt.<\/p>\n\n\n\n<h3 class=\"wp-block-heading\">Automatische Belegung<\/h3>\n\n\n\n<figure class=\"wp-block-image size-large\"><a href=\"\/docs-mcloud\/wp-content\/uploads\/sites\/4\/2020\/12\/streuplan-frequenz-kontextmenue.png\"><img loading=\"lazy\" decoding=\"async\" width=\"822\" height=\"228\" src=\"\/docs-mcloud\/wp-content\/uploads\/sites\/4\/2020\/12\/streuplan-frequenz-kontextmenue.png\" alt=\"\" class=\"wp-image-1170\" srcset=\"\/docs-mcloud\/wp-content\/uploads\/sites\/4\/2020\/12\/streuplan-frequenz-kontextmenue.png 822w, \/docs-mcloud\/wp-content\/uploads\/sites\/4\/2020\/12\/streuplan-frequenz-kontextmenue-300x83.png 300w, \/docs-mcloud\/wp-content\/uploads\/sites\/4\/2020\/12\/streuplan-frequenz-kontextmenue-768x213.png 768w\" sizes=\"auto, (max-width: 822px) 100vw, 822px\" \/><\/a><\/figure>\n\n\n\n<p>Es ist m\u00f6glich alle oder ausgew\u00e4hlte Zeilen mit einem Wert zu belegen. Mit der rechten Maustaste auf den Spaltenkopf klicken und aus dem Kontextmen\u00fc eine Option ausw\u00e4hlen:<\/p>\n\n\n\n<figure class=\"wp-block-table is-style-stripes\"><table><tbody><tr><td>Plan kopieren<\/td><td>Nach Aufruf dieses Men\u00fcpunktes erscheint in der aktuellen Planspalte eine Eingabemaske. In diese Maske wird die Nummer des Plans eingetragen, der in die aktuelle Planspalte \u00fcbernommen werden soll.<\/td><\/tr><tr><td>Plan addieren<\/td><td>Zu den Belegungen des markierten Plans werden die Belegungen eines anderen Plans addiert. Nach Aufruf von Plan addieren erscheint eine Eingabemaske, in die die Nummer des zu addierenden Plans eintragen wird.<\/td><\/tr><tr><td>Plan multiplizieren<\/td><td>Die Werte des aktuellen Plans werden mit der angegebenen Anzahl multipliziert.<\/td><\/tr><tr><td>Plan belegen<\/td><td>Alle Medien werden mit der gleichen Anzahl von Belegungen versehen. <\/td><\/tr><tr><td>Alle Belegungen n+1<\/td><td>Die Belegungen eines bestehenden Plans werden um die angegebene Anzahl erh\u00f6ht.<\/td><\/tr><tr><td>Bezeichnung \u00e4ndern<\/td><td>Die Bezeichnung eines Planes kann ge\u00e4ndert werden.<\/td><\/tr><tr><td>L\u00f6schen<\/td><td>Der gesamte Plan wird gel\u00f6scht.<\/td><\/tr><\/tbody><\/table><\/figure>\n\n\n\n<figure class=\"wp-block-image size-large\"><a href=\"\/docs-mcloud\/wp-content\/uploads\/sites\/4\/2020\/12\/streuplan-frequenz-kontextmenue-plan-belegen.png\"><img loading=\"lazy\" decoding=\"async\" width=\"726\" height=\"423\" src=\"\/docs-mcloud\/wp-content\/uploads\/sites\/4\/2020\/12\/streuplan-frequenz-kontextmenue-plan-belegen.png\" alt=\"\" class=\"wp-image-1172\" srcset=\"\/docs-mcloud\/wp-content\/uploads\/sites\/4\/2020\/12\/streuplan-frequenz-kontextmenue-plan-belegen.png 726w, \/docs-mcloud\/wp-content\/uploads\/sites\/4\/2020\/12\/streuplan-frequenz-kontextmenue-plan-belegen-300x175.png 300w\" sizes=\"auto, (max-width: 726px) 100vw, 726px\" \/><\/a><figcaption>Beispiel: Plan belegen<\/figcaption><\/figure>\n","protected":false},"excerpt":{"rendered":"<p>Markieren Sie im Ordner Medien alle potentiellen Plankandidaten und ziehen diese per Drag &amp; Drop in den Arbeitsbereich. Rabattkombinationen abrufen \u00dcber das Icon im Tabellenkopf rufen Sie alle \u00fcber die ausgew\u00e4hlten Titel gebildeten Rabattkombinationen ab. Die Kombis werden direkt in der Medienauswahl angezeigt. Eingabe von Frequenzen Manuelle Eingabe Frequenzen k\u00f6nnen direkt im Arbeitsbereich eingegeben werden. [&hellip;]<\/p>\n","protected":false},"author":1,"featured_media":0,"parent":660,"menu_order":2,"comment_status":"closed","ping_status":"closed","template":"","meta":{"_acf_changed":false,"inline_featured_image":false,"footnotes":""},"class_list":["post-1161","page","type-page","status-publish","hentry"],"acf":[],"_links":{"self":[{"href":"\/docs-mcloud\/wp-json\/wp\/v2\/pages\/1161","targetHints":{"allow":["GET"]}}],"collection":[{"href":"\/docs-mcloud\/wp-json\/wp\/v2\/pages"}],"about":[{"href":"\/docs-mcloud\/wp-json\/wp\/v2\/types\/page"}],"author":[{"embeddable":true,"href":"\/docs-mcloud\/wp-json\/wp\/v2\/users\/1"}],"replies":[{"embeddable":true,"href":"\/docs-mcloud\/wp-json\/wp\/v2\/comments?post=1161"}],"version-history":[{"count":6,"href":"\/docs-mcloud\/wp-json\/wp\/v2\/pages\/1161\/revisions"}],"predecessor-version":[{"id":2024,"href":"\/docs-mcloud\/wp-json\/wp\/v2\/pages\/1161\/revisions\/2024"}],"up":[{"embeddable":true,"href":"\/docs-mcloud\/wp-json\/wp\/v2\/pages\/660"}],"wp:attachment":[{"href":"\/docs-mcloud\/wp-json\/wp\/v2\/media?parent=1161"}],"curies":[{"name":"wp","href":"https:\/\/api.w.org\/{rel}","templated":true}]}}