{"id":1061,"date":"2020-12-02T08:47:00","date_gmt":"2020-12-02T08:47:13","guid":{"rendered":"\/docs-mcloud\/hilfe\/rangreihe\/batch-rangreihe-mit-einer-sammlung-von-zielgruppen-zaehlen\/"},"modified":"2023-08-31T10:00:30","modified_gmt":"2023-08-31T10:00:30","slug":"batch","status":"publish","type":"page","link":"\/docs-mcloud\/hilfe\/rangreihe\/batch\/","title":{"rendered":"Batch"},"content":{"rendered":"\n<p>Mit der Batch-Funktion in der Rangreihe erhalten Sie die KPIs von Medienlisten f\u00fcr verschiedene Zielgruppen mit wenigen Klicks als Excel-Ausgabe.<\/p>\n\n\n\n<p>Definieren Sie eine Medienliste und sortieren Sie die Rangreihe nach dem gew\u00fcnschten Leistungswert. Die Sortierung wird in der Excel-Ausgabe angewendet.<\/p>\n\n\n\n<p>Aktivieren Sie den Batch-Modus durch ein Klick auf das Symbol im Men\u00fc.<\/p>\n\n\n\n<figure class=\"wp-block-image size-large\"><a href=\"\/docs-mcloud\/wp-content\/uploads\/sites\/4\/2020\/12\/Rang-batch_activation.png\"><img loading=\"lazy\" decoding=\"async\" width=\"692\" height=\"355\" src=\"\/docs-mcloud\/wp-content\/uploads\/sites\/4\/2020\/12\/Rang-batch_activation.png\" alt=\"\" class=\"wp-image-1683\" srcset=\"\/docs-mcloud\/wp-content\/uploads\/sites\/4\/2020\/12\/Rang-batch_activation.png 692w, \/docs-mcloud\/wp-content\/uploads\/sites\/4\/2020\/12\/Rang-batch_activation-300x154.png 300w\" sizes=\"auto, (max-width: 692px) 100vw, 692px\" \/><\/a><figcaption>Zeigt das Batch-Symbol und eine aktive Sortierung<\/figcaption><\/figure>\n\n\n\n<p>Ziehen Sie entweder einzelne Zielgruppen oder komplette Merkmale in den Batch-Bereich <span class=\"has-inline-color has-vivid-red-color\">(3)<\/span> &#8211; direkt aus dem Codeplan oder aus den Ordnern Eigene Strukturen\/ eigene Zielgruppen\/ tempor\u00e4re Zielgruppen.<\/p>\n\n\n\n<figure class=\"wp-block-image size-large\"><a href=\"\/docs-mcloud\/wp-content\/uploads\/sites\/4\/2020\/12\/Rang-batch_controls.png\"><img loading=\"lazy\" decoding=\"async\" width=\"784\" height=\"375\" src=\"\/docs-mcloud\/wp-content\/uploads\/sites\/4\/2020\/12\/Rang-batch_controls.png\" alt=\"\" class=\"wp-image-1695\" srcset=\"\/docs-mcloud\/wp-content\/uploads\/sites\/4\/2020\/12\/Rang-batch_controls.png 784w, \/docs-mcloud\/wp-content\/uploads\/sites\/4\/2020\/12\/Rang-batch_controls-300x143.png 300w, \/docs-mcloud\/wp-content\/uploads\/sites\/4\/2020\/12\/Rang-batch_controls-768x367.png 768w\" sizes=\"auto, (max-width: 784px) 100vw, 784px\" \/><\/a><figcaption>Eine Batch-Auswertung spezifizieren<\/figcaption><\/figure>\n\n\n\n<p>Die Zielgruppen der Batch-Struktur sind genauso zu bearbeiten wie die Zeilen in der Tabellierung &#8211;&nbsp; <a href=\"\/docs-mcloud\/hilfe\/tabellierung\/auswertung-bearbeiten\/verknuepfte-zielgruppen-erstellen\/\">Zusammenfassungen von Zielgruppen<\/a> sind einfach in der Struktur zu erstellen.<\/p>\n\n\n\n<p>Im Beispiel werden f\u00fcnf Rangreihen f\u00fcr die Zielgruppen M\u00e4nnlich, Weiblich und drei zusammengefasste Altersgruppen berechnet <span class=\"has-inline-color has-vivid-red-color\">(3)<\/span>.<\/p>\n\n\n\n<p>Die Batch-Auswertung erfolgt \u00fcber das Excel-Symbol <span class=\"has-inline-color has-vivid-red-color\">(2)<\/span>. Im folgenden Dialog kann pro Zielgruppe ein Tabellenblatt erstellt werden oder alle Auswertungen in einem einzigen Tabellenblatt untereinander.<\/p>\n\n\n\n<p>Mit einem Klick&nbsp;auf das Tabellen-Symbol <span class=\"has-inline-color has-vivid-red-color\">(1)<\/span> wird der Batch-Modus verlassen.<\/p>\n","protected":false},"excerpt":{"rendered":"<p>Mit der Batch-Funktion in der Rangreihe erhalten Sie die KPIs von Medienlisten f\u00fcr verschiedene Zielgruppen mit wenigen Klicks als Excel-Ausgabe. Definieren Sie eine Medienliste und sortieren Sie die Rangreihe nach dem gew\u00fcnschten Leistungswert. Die Sortierung wird in der Excel-Ausgabe angewendet. Aktivieren Sie den Batch-Modus durch ein Klick auf das Symbol im Men\u00fc. Ziehen Sie entweder [&hellip;]<\/p>\n","protected":false},"author":4,"featured_media":0,"parent":659,"menu_order":6,"comment_status":"closed","ping_status":"closed","template":"","meta":{"_acf_changed":false,"inline_featured_image":false,"footnotes":""},"class_list":["post-1061","page","type-page","status-publish","hentry"],"acf":[],"_links":{"self":[{"href":"\/docs-mcloud\/wp-json\/wp\/v2\/pages\/1061","targetHints":{"allow":["GET"]}}],"collection":[{"href":"\/docs-mcloud\/wp-json\/wp\/v2\/pages"}],"about":[{"href":"\/docs-mcloud\/wp-json\/wp\/v2\/types\/page"}],"author":[{"embeddable":true,"href":"\/docs-mcloud\/wp-json\/wp\/v2\/users\/4"}],"replies":[{"embeddable":true,"href":"\/docs-mcloud\/wp-json\/wp\/v2\/comments?post=1061"}],"version-history":[{"count":11,"href":"\/docs-mcloud\/wp-json\/wp\/v2\/pages\/1061\/revisions"}],"predecessor-version":[{"id":2207,"href":"\/docs-mcloud\/wp-json\/wp\/v2\/pages\/1061\/revisions\/2207"}],"up":[{"embeddable":true,"href":"\/docs-mcloud\/wp-json\/wp\/v2\/pages\/659"}],"wp:attachment":[{"href":"\/docs-mcloud\/wp-json\/wp\/v2\/media?parent=1061"}],"curies":[{"name":"wp","href":"https:\/\/api.w.org\/{rel}","templated":true}]}}