{"id":1055,"date":"2020-12-02T08:45:28","date_gmt":"2020-12-02T08:45:28","guid":{"rendered":"\/docs-mcloud\/hilfe\/rangreihe\/medien\/"},"modified":"2026-03-24T10:31:07","modified_gmt":"2026-03-24T10:31:07","slug":"medien","status":"publish","type":"page","link":"\/docs-mcloud\/hilfe\/rangreihe\/medien\/","title":{"rendered":"Medien"},"content":{"rendered":"\n<p>Markieren Sie im Ordner Medien alle gew\u00fcnschten Medien und ziehen diese per Drag &amp; Drop auf das sich gr\u00fcn einf\u00e4rbende Feld unterhalb der Zelle <strong>Medientitel<\/strong>. <\/p>\n\n\n\n<p>Standardm\u00e4\u00dfig werden Medien am Ende der Tabelle eingef\u00fcgt, die Einf\u00fcgeposition kann durch <a href=\"#Kontextmen\u00fc-Medien\">Einf\u00fcgemarkierung setzen<\/a> vorgegeben werden.<\/p>\n\n\n\n<p>Medien k\u00f6nnen per Drag &amp; Drop innerhalb der Rangreihentabelle auf eine andere Position verschoben werden.<\/p>\n\n\n\n<h2 class=\"wp-block-heading\" id=\"Kontextmen\u00fc-Medien\">Kontextmen\u00fc Medien<\/h2>\n\n\n\n<figure class=\"wp-block-image size-large\"><a href=\"\/docs-mcloud\/wp-content\/uploads\/sites\/4\/2020\/12\/Medien-context_menu.png\"><img loading=\"lazy\" decoding=\"async\" width=\"687\" height=\"400\" src=\"\/docs-mcloud\/wp-content\/uploads\/sites\/4\/2020\/12\/Medien-context_menu.png\" alt=\"\" class=\"wp-image-1446\" srcset=\"\/docs-mcloud\/wp-content\/uploads\/sites\/4\/2020\/12\/Medien-context_menu.png 687w, \/docs-mcloud\/wp-content\/uploads\/sites\/4\/2020\/12\/Medien-context_menu-300x175.png 300w\" sizes=\"auto, (max-width: 687px) 100vw, 687px\" \/><\/a><figcaption class=\"wp-element-caption\">Kontextmen\u00fc mit rechter Maustaste in der Vorspalte<\/figcaption><\/figure>\n\n\n\n<figure class=\"wp-block-table is-style-stripes\"><table><tbody><tr><td>Bezeichnung \u00e4ndern<\/td><td>Gibt einem Medientitel einen neuen Namen.<\/td><\/tr><tr><td>Einf\u00fcgemarkierung setzen<\/td><td>Ein schwarzer Strich markiert die aktuelle Einf\u00fcgeposition der Medien. <br>Wird durch <strong>Einf\u00fcgemarkierung entfernen<\/strong> wieder deaktiviert.<\/td><\/tr><tr><td>Streuplan Sichtbarkeit<\/td><td>Markierte Medien werden im Streuplan nicht ausgewiesen. Sie werden im inaktiven Zustand grau dargestellt.<\/td><\/tr><tr><td>Duplizieren<\/td><td>F\u00fcgt eine Kopie des aktuellen Mediums der Medienliste zu.<\/td><\/tr><tr><td>L\u00f6schen<\/td><td>L\u00f6scht die gew\u00e4hlten Medien.<\/td><\/tr><\/tbody><\/table><\/figure>\n\n\n\n<h2 class=\"wp-block-heading\">Kontextmen\u00fc Medientitel<\/h2>\n\n\n\n<figure class=\"wp-block-image size-full\"><img loading=\"lazy\" decoding=\"async\" width=\"877\" height=\"245\" src=\"\/docs-mcloud\/wp-content\/uploads\/sites\/4\/2026\/03\/image-25.png\" alt=\"\" class=\"wp-image-3158\" srcset=\"\/docs-mcloud\/wp-content\/uploads\/sites\/4\/2026\/03\/image-25.png 877w, \/docs-mcloud\/wp-content\/uploads\/sites\/4\/2026\/03\/image-25-300x84.png 300w, \/docs-mcloud\/wp-content\/uploads\/sites\/4\/2026\/03\/image-25-768x215.png 768w\" sizes=\"auto, (max-width: 877px) 100vw, 877px\" \/><figcaption class=\"wp-element-caption\">Kontextmen\u00fc mit rechter Maustaste in der Zelle Medientitel<\/figcaption><\/figure>\n\n\n\n<figure class=\"wp-block-table is-style-stripes\"><table><tbody><tr><td>Medienliste speichern<\/td><td>Speichert die aktuelle Medienliste im Datenpanel<em> <\/em>unter  Medien im Ordner <strong>Eigene Medien<\/strong>. <br><br>Die gespeicherten Medienlisten k\u00f6nnen mittels Drag &amp; Drop der Rangreihe zugef\u00fcgt werden.<br><br>Gespeicherte Medienlisten k\u00f6nnen in anderen Studienjahrg\u00e4ngen oder anderen Studien geladen werden.<\/td><\/tr><tr><td>Alle Medien sichtbar (Streuplan)<\/td><td>Alle inaktiven Medien werden im Streuplan wieder angezeigt.<\/td><\/tr><tr><td>Tabelle l\u00f6schen<\/td><td>Alle Medien und Leistungswerte entfernen.<\/td><\/tr><tr><td>Alle Leistungswerte entfernen<\/td><td>Alle Leistungswerte entfernen.<\/td><\/tr><tr><td>Alle Medien entfernen<\/td><td>Alle Medien entfernen.<\/td><\/tr><tr><td>Medien ohne Kosten entfernen<\/td><td>Alle Medien ohne Kosten entfernen.<\/td><\/tr><\/tbody><\/table><\/figure>\n","protected":false},"excerpt":{"rendered":"<p>Markieren Sie im Ordner Medien alle gew\u00fcnschten Medien und ziehen diese per Drag &amp; Drop auf das sich gr\u00fcn einf\u00e4rbende Feld unterhalb der Zelle Medientitel. Standardm\u00e4\u00dfig werden Medien am Ende der Tabelle eingef\u00fcgt, die Einf\u00fcgeposition kann durch Einf\u00fcgemarkierung setzen vorgegeben werden. Medien k\u00f6nnen per Drag &amp; Drop innerhalb der Rangreihentabelle auf eine andere Position verschoben [&hellip;]<\/p>\n","protected":false},"author":4,"featured_media":0,"parent":659,"menu_order":2,"comment_status":"closed","ping_status":"closed","template":"","meta":{"_acf_changed":false,"inline_featured_image":false,"footnotes":""},"class_list":["post-1055","page","type-page","status-publish","hentry"],"acf":[],"_links":{"self":[{"href":"\/docs-mcloud\/wp-json\/wp\/v2\/pages\/1055","targetHints":{"allow":["GET"]}}],"collection":[{"href":"\/docs-mcloud\/wp-json\/wp\/v2\/pages"}],"about":[{"href":"\/docs-mcloud\/wp-json\/wp\/v2\/types\/page"}],"author":[{"embeddable":true,"href":"\/docs-mcloud\/wp-json\/wp\/v2\/users\/4"}],"replies":[{"embeddable":true,"href":"\/docs-mcloud\/wp-json\/wp\/v2\/comments?post=1055"}],"version-history":[{"count":4,"href":"\/docs-mcloud\/wp-json\/wp\/v2\/pages\/1055\/revisions"}],"predecessor-version":[{"id":3159,"href":"\/docs-mcloud\/wp-json\/wp\/v2\/pages\/1055\/revisions\/3159"}],"up":[{"embeddable":true,"href":"\/docs-mcloud\/wp-json\/wp\/v2\/pages\/659"}],"wp:attachment":[{"href":"\/docs-mcloud\/wp-json\/wp\/v2\/media?parent=1055"}],"curies":[{"name":"wp","href":"https:\/\/api.w.org\/{rel}","templated":true}]}}