{"id":867,"date":"2020-12-15T08:49:15","date_gmt":"2020-12-15T08:49:15","guid":{"rendered":"\/docs-gik-b4p\/hilfe\/glossar-leistungswerte\/"},"modified":"2021-04-28T08:27:28","modified_gmt":"2021-04-28T08:27:28","slug":"glossar-leistungswerte","status":"publish","type":"page","link":"\/docs-gik-b4p\/hilfe\/glossar-leistungswerte\/","title":{"rendered":"Glossar Leistungswerte"},"content":{"rendered":"\n<p>\u00dcbersicht der zur Verf\u00fcgung stehenden Leistungswerte:<\/p>\n\n\n\n<p>TB = Tabellierung, TG = Targeting<\/p>\n\n\n\n<figure class=\"wp-block-table is-style-stripes\"><table><thead><tr><th>Leistungswert<\/th><th>Beschreibung<\/th><th>Modul<\/th><\/tr><\/thead><tbody><tr><td><strong>F\u00e4lle<\/strong><br><\/td><td>Anzahl der Befragten (gewichtet), auf die ein Merkmal zutrifft<\/td><td>TB<\/td><\/tr><tr><td><strong>Ungew. F\u00e4lle<\/strong><\/td><td>Anzahl der Befragten (ungewichtet), auf die ein Merkmal zutrifft<\/td><td>TB<\/td><\/tr><tr><td><strong>% Horiz.<\/strong><\/td><td>Horizontale Prozente (Zeilen-Prozente), der Anteil der Zelle am Zeilen-Gesamt<\/td><td>TB<\/td><\/tr><tr><td><strong>% Vert.<\/strong><\/td><td>Vertikale Prozente (Spalten-Prozente), der Anteil der Zelle am Spalten-Gesamt<br><br>Im Targeting hei\u00dft der Leistungswert&nbsp;<em>%<\/em>.<\/td><td>TB<br>TG<\/td><\/tr><tr><td><strong>% Basis<\/strong><\/td><td>Vertikale Prozente (Spalten-Prozente) f\u00fcr die als Basis definierten F\u00e4lle des Datensatzes. Verwenden Sie <em>% Basis<\/em>, um den prozentualen Anteil des Merkmals einer im Tabellenkopf definierten Zielgruppe an allen Befragten darzustellen.<br>Entspricht f\u00fcr die Basis den <em>% Vert<\/em>.<\/td><td>TB<\/td><\/tr><tr><td><strong>Tsd.<\/strong><\/td><td>Hochrechnung von der Stichprobe auf Parameter der Grundgesamtheit, Ausweisung in Tsd.<\/td><td>TB<\/td><\/tr><tr><td><strong>Mio<\/strong><\/td><td>Hochrechnung von der Stichprobe auf Parameter der Grundgesamtheit, Ausweisung in Mio.<\/td><td>TB<\/td><\/tr><tr><td><strong>Index<\/strong><\/td><td>Der Index setzt individuelle Werte ins Verh\u00e4ltnis zu einem Basiswert. Der Basiswert entspricht 100.<br>Ein Index \u00fcber 100 zeigt, dass das Merkmal<br>eher auf die Zielgruppe als die Vergleichszielgruppe zutrifft. Ein Index unter 100 hingegen ein verringertes Zutreffen.<br><br>Index = (% Zielgruppe \/ % Vergleichszielgruppe) * 100<br><br>Im Targeting hei\u00dft der Leistungswert <em>Affinit\u00e4t<\/em>.<\/td><td>TB<br>TG<\/td><\/tr><tr><td><strong>Filter Basis<\/strong><\/td><td>Basis (Fallzahl) f\u00fcr Merkmale, f\u00fcr die ein <a href=\"\/docs-gik-b4p\/hilfe\/tabellierung\/autofilter\/\">Autofilter<\/a> hinterlegt ist, da die Frage nicht an alle Befragten gerichtet wurde.<br>Zur Anzeige von Werten muss der Autofilter aktiviert sein.<\/td><td>TB<\/td><\/tr><tr><td><strong>Filter Beschreibung<\/strong><\/td><td>Erl\u00e4uterung des <a href=\"\/docs-gik-b4p\/hilfe\/tabellierung\/autofilter\/\">Autofilters<\/a>, der f\u00fcr ein Merkmal hinterlegt ist, da die Frage nicht an alle Befragten gerichtet wurde.<br>Zur Anzeige des Inhaltes muss der Autofilter aktiviert sein.<\/td><td>TB<\/td><\/tr><\/tbody><\/table><\/figure>\n","protected":false},"excerpt":{"rendered":"<p>\u00dcbersicht der zur Verf\u00fcgung stehenden Leistungswerte: TB = Tabellierung, TG = Targeting Leistungswert Beschreibung Modul F\u00e4lle Anzahl der Befragten (gewichtet), auf die ein Merkmal zutrifft TB Ungew. F\u00e4lle Anzahl der Befragten (ungewichtet), auf die ein Merkmal zutrifft TB % Horiz. Horizontale Prozente (Zeilen-Prozente), der Anteil der Zelle am Zeilen-Gesamt TB % Vert. Vertikale Prozente (Spalten-Prozente), [&hellip;]<\/p>\n","protected":false},"author":8,"featured_media":0,"parent":6,"menu_order":4,"comment_status":"closed","ping_status":"closed","template":"","meta":{"_acf_changed":false,"inline_featured_image":false,"footnotes":""},"class_list":["post-867","page","type-page","status-publish","hentry"],"acf":[],"_links":{"self":[{"href":"\/docs-gik-b4p\/wp-json\/wp\/v2\/pages\/867","targetHints":{"allow":["GET"]}}],"collection":[{"href":"\/docs-gik-b4p\/wp-json\/wp\/v2\/pages"}],"about":[{"href":"\/docs-gik-b4p\/wp-json\/wp\/v2\/types\/page"}],"author":[{"embeddable":true,"href":"\/docs-gik-b4p\/wp-json\/wp\/v2\/users\/8"}],"replies":[{"embeddable":true,"href":"\/docs-gik-b4p\/wp-json\/wp\/v2\/comments?post=867"}],"version-history":[{"count":2,"href":"\/docs-gik-b4p\/wp-json\/wp\/v2\/pages\/867\/revisions"}],"predecessor-version":[{"id":898,"href":"\/docs-gik-b4p\/wp-json\/wp\/v2\/pages\/867\/revisions\/898"}],"up":[{"embeddable":true,"href":"\/docs-gik-b4p\/wp-json\/wp\/v2\/pages\/6"}],"wp:attachment":[{"href":"\/docs-gik-b4p\/wp-json\/wp\/v2\/media?parent=867"}],"curies":[{"name":"wp","href":"https:\/\/api.w.org\/{rel}","templated":true}]}}