{"id":51,"date":"2020-09-28T12:12:51","date_gmt":"2020-09-28T12:12:51","guid":{"rendered":"\/docs-gik-b4p\/bedingte-formatierung\/"},"modified":"2020-12-15T08:27:34","modified_gmt":"2020-12-15T08:27:34","slug":"bedingte-formatierung","status":"publish","type":"page","link":"\/docs-gik-b4p\/hilfe\/tabellierung\/auswertung-bearbeiten\/bedingte-formatierung\/","title":{"rendered":"Bedingte Formatierung"},"content":{"rendered":"\n<p>Werte, die eine bestimmte Bedingung erf\u00fcllen, k\u00f6nnen \u00fcber diese Funktion optisch hervorgehoben werden. Wichtige Daten in einer Tabelle lassen sich so auf einen Blick erfassen.<\/p>\n\n\n\n<div class=\"wp-block-media-text alignwide has-media-on-the-right is-stacked-on-mobile\" style=\"grid-template-columns:auto 45%\"><figure class=\"wp-block-media-text__media\"><img loading=\"lazy\" decoding=\"async\" width=\"317\" height=\"110\" src=\"\/docs-gik-b4p\/wp-content\/uploads\/sites\/3\/2020\/10\/AuswertungBearbeiten20.png\" alt=\"\" class=\"wp-image-254 size-full\" srcset=\"\/docs-gik-b4p\/wp-content\/uploads\/sites\/3\/2020\/10\/AuswertungBearbeiten20.png 317w, \/docs-gik-b4p\/wp-content\/uploads\/sites\/3\/2020\/10\/AuswertungBearbeiten20-300x104.png 300w\" sizes=\"auto, (max-width: 317px) 100vw, 317px\" \/><\/figure><div class=\"wp-block-media-text__content\">\n<p>Die bedingte Formatierung ist \u00fcber das Kontextmenu verf\u00fcgbar:<\/p>\n<\/div><\/div>\n\n\n\n<div class=\"wp-block-media-text alignwide is-stacked-on-mobile\"><figure class=\"wp-block-media-text__media\"><a href=\"\/docs-gik-b4p\/wp-content\/uploads\/sites\/3\/2020\/10\/AuswertungBearbeiten21.png\"><img loading=\"lazy\" decoding=\"async\" width=\"381\" height=\"154\" src=\"\/docs-gik-b4p\/wp-content\/uploads\/sites\/3\/2020\/10\/AuswertungBearbeiten21.png\" alt=\"\" class=\"wp-image-255 size-full\" srcset=\"\/docs-gik-b4p\/wp-content\/uploads\/sites\/3\/2020\/10\/AuswertungBearbeiten21.png 381w, \/docs-gik-b4p\/wp-content\/uploads\/sites\/3\/2020\/10\/AuswertungBearbeiten21-300x121.png 300w\" sizes=\"auto, (max-width: 381px) 100vw, 381px\" \/><\/a><\/figure><div class=\"wp-block-media-text__content\">\n<p>\u00dcber den Button <em>Neu <\/em>lassen sich Bedingungen f\u00fcr die farbliche Formatierung hinzuf\u00fcgen.<br>Es ist m\u00f6glich, entweder einen Wert\/ Wertebereich vorzugeben oder Quantile zu definieren. F\u00fcr die Formatierung \u00fcber <em>Quantile <\/em>werden die Daten der Spalte prozentual aufgeteilt. \u00dcber die Auswahl <em>Quantil <\/em>wird dann der definierte Anteil der Ergebnisse farblich formatiert.<\/p>\n\n\n\n<p>Die Reihenfolge f\u00fcr die Verarbeitung der Bedingungen kann \u00fcber die Pfeiltasten ge\u00e4ndert werden.<\/p>\n\n\n\n<p>\u00dcber <em>Alle entfernen<\/em> wird die gesamte Formatierung der Spalte gel\u00f6scht.<\/p>\n<\/div><\/div>\n\n\n\n<figure class=\"wp-block-image size-large\"><a href=\"\/docs-gik-b4p\/wp-content\/uploads\/sites\/3\/2020\/10\/AuswertungBearbeiten22.png\"><img loading=\"lazy\" decoding=\"async\" width=\"626\" height=\"446\" src=\"\/docs-gik-b4p\/wp-content\/uploads\/sites\/3\/2020\/10\/AuswertungBearbeiten22.png\" alt=\"\" class=\"wp-image-257\" srcset=\"\/docs-gik-b4p\/wp-content\/uploads\/sites\/3\/2020\/10\/AuswertungBearbeiten22.png 626w, \/docs-gik-b4p\/wp-content\/uploads\/sites\/3\/2020\/10\/AuswertungBearbeiten22-300x214.png 300w\" sizes=\"auto, (max-width: 626px) 100vw, 626px\" \/><\/a><figcaption>Beispiel f\u00fcr Formatierung<\/figcaption><\/figure>\n","protected":false},"excerpt":{"rendered":"<p>Werte, die eine bestimmte Bedingung erf\u00fcllen, k\u00f6nnen \u00fcber diese Funktion optisch hervorgehoben werden. Wichtige Daten in einer Tabelle lassen sich so auf einen Blick erfassen. Die bedingte Formatierung ist \u00fcber das Kontextmenu verf\u00fcgbar: \u00dcber den Button Neu lassen sich Bedingungen f\u00fcr die farbliche Formatierung hinzuf\u00fcgen.Es ist m\u00f6glich, entweder einen Wert\/ Wertebereich vorzugeben oder Quantile zu [&hellip;]<\/p>\n","protected":false},"author":1,"featured_media":0,"parent":41,"menu_order":4,"comment_status":"closed","ping_status":"closed","template":"","meta":{"_acf_changed":false,"inline_featured_image":false,"footnotes":""},"class_list":["post-51","page","type-page","status-publish","hentry"],"acf":[],"_links":{"self":[{"href":"\/docs-gik-b4p\/wp-json\/wp\/v2\/pages\/51","targetHints":{"allow":["GET"]}}],"collection":[{"href":"\/docs-gik-b4p\/wp-json\/wp\/v2\/pages"}],"about":[{"href":"\/docs-gik-b4p\/wp-json\/wp\/v2\/types\/page"}],"author":[{"embeddable":true,"href":"\/docs-gik-b4p\/wp-json\/wp\/v2\/users\/1"}],"replies":[{"embeddable":true,"href":"\/docs-gik-b4p\/wp-json\/wp\/v2\/comments?post=51"}],"version-history":[{"count":5,"href":"\/docs-gik-b4p\/wp-json\/wp\/v2\/pages\/51\/revisions"}],"predecessor-version":[{"id":849,"href":"\/docs-gik-b4p\/wp-json\/wp\/v2\/pages\/51\/revisions\/849"}],"up":[{"embeddable":true,"href":"\/docs-gik-b4p\/wp-json\/wp\/v2\/pages\/41"}],"wp:attachment":[{"href":"\/docs-gik-b4p\/wp-json\/wp\/v2\/media?parent=51"}],"curies":[{"name":"wp","href":"https:\/\/api.w.org\/{rel}","templated":true}]}}