{"id":44,"date":"2020-09-28T12:06:48","date_gmt":"2020-09-28T12:06:48","guid":{"rendered":"\/docs-gik-b4p\/medien-in-der-tabellierung\/"},"modified":"2026-01-14T15:51:17","modified_gmt":"2026-01-14T15:51:17","slug":"medien-in-der-tabellierung","status":"publish","type":"page","link":"\/docs-gik-b4p\/hilfe\/tabellierung\/medien-in-der-tabellierung\/","title":{"rendered":"Medien in der Tabellierung"},"content":{"rendered":"\n<p>Mediendaten stehen in der Kurzzeit-Version von MDS-Cloud auf Basis <em>Weitester Nutzerkreis (WNK)<\/em> f\u00fcr Auswertungen zur Verf\u00fcgung. Dokumentiert wird die Medienw\u00e4hrung in der Zeile oberhalb der Tabelle.<\/p>\n\n\n\n<figure class=\"wp-block-image size-large\"><a href=\"\/docs-gik-b4p\/wp-content\/uploads\/sites\/3\/2020\/10\/Medien1.png\"><img loading=\"lazy\" decoding=\"async\" width=\"461\" height=\"303\" src=\"\/docs-gik-b4p\/wp-content\/uploads\/sites\/3\/2020\/10\/Medien1.png\" alt=\"\" class=\"wp-image-637\" srcset=\"\/docs-gik-b4p\/wp-content\/uploads\/sites\/3\/2020\/10\/Medien1.png 461w, \/docs-gik-b4p\/wp-content\/uploads\/sites\/3\/2020\/10\/Medien1-300x197.png 300w\" sizes=\"auto, (max-width: 461px) 100vw, 461px\" \/><\/a><\/figure>\n\n\n\n<p><a href=\"\/docs-gik-b4p\/hilfe\/allgemeine-einstellungen\/eigene-medien\/\">Eigene Medien<\/a> werden farblich hervorgehoben (hier der Titel <em>BUNTE<\/em>).<\/p>\n\n\n\n<h2 class=\"wp-block-heading\">Definition Weitester Nutzerkreis<\/h2>\n\n\n\n<p>Der weiteste Nutzerkreis (WNK) umfasst die Nutzer eines Mediums in einem je Mediengattung bestimmten Zeitraum. F\u00fcr Pressemedien sind das Leser, die das Medium im letzten 12-fachen Erscheinungsintervall genutzt haben, f\u00fcr Radio- und TV-Nutzer H\u00f6rer bzw. Seher des Senders in den letzten 4 Wochen. F\u00fcr Online-Medien z\u00e4hlen alle Personen zum WNK, die im Ausweisungszeitraum mindestens einen Kontakt mit dem Werbetr\u00e4ger hatten. Zum weitesten Nutzerkreis eines Mediums geh\u00f6ren somit alle Personen, die innerhalb eines bestimmten Zeitraums bzw. einer bestimmten Anzahl von Ausgaben f\u00fcr dieses Medium eine Nutzungswahrscheinlichkeit haben, die gr\u00f6\u00dfer als null ist (p-Wert &gt; 0).<\/p>\n\n\n\n<h2 class=\"wp-block-heading\">Z\u00e4hlung Medien gegen Medien<\/h2>\n\n\n\n<p>Standardm\u00e4\u00dfig werden bei Z\u00e4hlungen Medien gegen Medien die Doppelnutzer ausgewiesen. Wechsel Sie direkt in der Tabellierung zu Ihrer gew\u00fcnschten Nutzergruppe.<\/p>\n\n\n\n<figure class=\"wp-block-image size-large\"><a href=\"\/docs-gik-b4p\/wp-content\/uploads\/sites\/3\/2020\/12\/Medien_in_Tabellierung3.png\"><img loading=\"lazy\" decoding=\"async\" width=\"577\" height=\"223\" src=\"\/docs-gik-b4p\/wp-content\/uploads\/sites\/3\/2020\/12\/Medien_in_Tabellierung3.png\" alt=\"\" class=\"wp-image-744\" srcset=\"\/docs-gik-b4p\/wp-content\/uploads\/sites\/3\/2020\/12\/Medien_in_Tabellierung3.png 577w, \/docs-gik-b4p\/wp-content\/uploads\/sites\/3\/2020\/12\/Medien_in_Tabellierung3-300x116.png 300w\" sizes=\"auto, (max-width: 577px) 100vw, 577px\" \/><\/a><\/figure>\n\n\n\n<p>Die Werte in der Tabellierung werden f\u00fcr Medien gegen Medien Z\u00e4hlungen zur Abgrenzung von den regul\u00e4ren Leistungswerten in gr\u00fcn dargestellt.<\/p>\n\n\n\n<figure class=\"wp-block-table is-style-stripes\"><table><tbody><tr><td><strong>Nutzergruppe<\/strong><\/td><td><strong>Definition<\/strong><\/td><\/tr><tr><td>Doppelnutzer<\/td><td>Nutzer des Mediums der Vorspalte UND des Mediums im Tabellenkopf<\/td><\/tr><tr><td>Exklusivnutzer<\/td><td>Nutzer des Mediums der Vorspalte UND NICHT des Mediums im Tabellenkopf<\/td><\/tr><tr><td>Externe \u00dcberschneidung<\/td><td>Nettoreichweite der Kombination aus beiden Titeln: Nutzer mindestens eines Mediums (ODER)<\/td><\/tr><\/tbody><\/table><\/figure>\n","protected":false},"excerpt":{"rendered":"<p>Mediendaten stehen in der Kurzzeit-Version von MDS-Cloud auf Basis Weitester Nutzerkreis (WNK) f\u00fcr Auswertungen zur Verf\u00fcgung. Dokumentiert wird die Medienw\u00e4hrung in der Zeile oberhalb der Tabelle. Eigene Medien werden farblich hervorgehoben (hier der Titel BUNTE). Definition Weitester Nutzerkreis Der weiteste Nutzerkreis (WNK) umfasst die Nutzer eines Mediums in einem je Mediengattung bestimmten Zeitraum. F\u00fcr Pressemedien [&hellip;]<\/p>\n","protected":false},"author":1,"featured_media":0,"parent":30,"menu_order":7,"comment_status":"closed","ping_status":"closed","template":"","meta":{"_acf_changed":false,"inline_featured_image":false,"footnotes":""},"class_list":["post-44","page","type-page","status-publish","hentry"],"acf":[],"_links":{"self":[{"href":"\/docs-gik-b4p\/wp-json\/wp\/v2\/pages\/44","targetHints":{"allow":["GET"]}}],"collection":[{"href":"\/docs-gik-b4p\/wp-json\/wp\/v2\/pages"}],"about":[{"href":"\/docs-gik-b4p\/wp-json\/wp\/v2\/types\/page"}],"author":[{"embeddable":true,"href":"\/docs-gik-b4p\/wp-json\/wp\/v2\/users\/1"}],"replies":[{"embeddable":true,"href":"\/docs-gik-b4p\/wp-json\/wp\/v2\/comments?post=44"}],"version-history":[{"count":5,"href":"\/docs-gik-b4p\/wp-json\/wp\/v2\/pages\/44\/revisions"}],"predecessor-version":[{"id":952,"href":"\/docs-gik-b4p\/wp-json\/wp\/v2\/pages\/44\/revisions\/952"}],"up":[{"embeddable":true,"href":"\/docs-gik-b4p\/wp-json\/wp\/v2\/pages\/30"}],"wp:attachment":[{"href":"\/docs-gik-b4p\/wp-json\/wp\/v2\/media?parent=44"}],"curies":[{"name":"wp","href":"https:\/\/api.w.org\/{rel}","templated":true}]}}