{"id":42,"date":"2020-09-28T12:06:48","date_gmt":"2020-09-28T12:06:48","guid":{"rendered":"\/docs-gik-b4p\/tabellenlayout\/"},"modified":"2020-12-15T08:28:28","modified_gmt":"2020-12-15T08:28:28","slug":"tabellenlayout","status":"publish","type":"page","link":"\/docs-gik-b4p\/hilfe\/tabellierung\/tabellenlayout\/","title":{"rendered":"Tabellenlayout"},"content":{"rendered":"\n<p>Erstellen Sie sich f\u00fcr jeden Auswertungstyp das passende Layout. Legen Sie sich z.B. ein Layout f\u00fcr Standard-Tabellen und ein weiteres f\u00fcr spezielle Auswertungen an.<\/p>\n\n\n\n<p>Auf der Programmoberfl\u00e4che k\u00f6nnen Sie \u00fcber das Pulldown-Men\u00fc rechts neben dem Button <em>Layout<\/em> die Liste Ihrer gespeicherten Profile aufrufen, um das Tabellenlayout der aktuellen Auswertung zu \u00e4ndern. Bei Programmstart wird das als <em>Standard <\/em>definierte Tabellen-Layout geladen.<\/p>\n\n\n\n<div class=\"wp-block-media-text alignwide is-stacked-on-mobile\" style=\"grid-template-columns:36% auto\"><figure class=\"wp-block-media-text__media\"><a href=\"\/docs-gik-b4p\/wp-content\/uploads\/sites\/3\/2020\/10\/Tabellenlayout1.png\"><img loading=\"lazy\" decoding=\"async\" width=\"252\" height=\"179\" src=\"\/docs-gik-b4p\/wp-content\/uploads\/sites\/3\/2020\/10\/Tabellenlayout1.png\" alt=\"\" class=\"wp-image-261 size-full\" \/><\/a><\/figure><div class=\"wp-block-media-text__content\">\n<p>Eine Layout-Definition umfasst die Darstellungs-Vorgaben f\u00fcr den Tabellenkopf (Leistungswerte), die Basisspalte (Basis) und f\u00fcr die Basisspalte des Autofilters (Autofilter).<\/p>\n<\/div><\/div>\n\n\n\n<p>Alle <em>Leistungswerte<\/em>, die als KPIs in die Tabellierung aufgenommen werden k\u00f6nnen, sind untereinander aufgef\u00fchrt.<\/p>\n\n\n\n<figure class=\"wp-block-image size-large\"><a href=\"\/docs-gik-b4p\/wp-content\/uploads\/sites\/3\/2020\/10\/tabellenlayout2.png\"><img loading=\"lazy\" decoding=\"async\" width=\"687\" height=\"592\" src=\"\/docs-gik-b4p\/wp-content\/uploads\/sites\/3\/2020\/10\/tabellenlayout2.png\" alt=\"\" class=\"wp-image-264\" srcset=\"\/docs-gik-b4p\/wp-content\/uploads\/sites\/3\/2020\/10\/tabellenlayout2.png 687w, \/docs-gik-b4p\/wp-content\/uploads\/sites\/3\/2020\/10\/tabellenlayout2-300x259.png 300w\" sizes=\"auto, (max-width: 687px) 100vw, 687px\" \/><\/a><figcaption>Dialog Layout Bearbeiten<\/figcaption><\/figure>\n\n\n\n<p>Speichern Sie Ihr Layout, damit es Ihnen stets zur Verf\u00fcgung steht. \u00dcber <em>Speichern unter<\/em> k\u00f6nnen Sie dem Layout einen Namen zuweisen, welcher im Pulldown-Men\u00fc angezeigt wird.<\/p>\n","protected":false},"excerpt":{"rendered":"<p>Erstellen Sie sich f\u00fcr jeden Auswertungstyp das passende Layout. Legen Sie sich z.B. ein Layout f\u00fcr Standard-Tabellen und ein weiteres f\u00fcr spezielle Auswertungen an. Auf der Programmoberfl\u00e4che k\u00f6nnen Sie \u00fcber das Pulldown-Men\u00fc rechts neben dem Button Layout die Liste Ihrer gespeicherten Profile aufrufen, um das Tabellenlayout der aktuellen Auswertung zu \u00e4ndern. Bei Programmstart wird das [&hellip;]<\/p>\n","protected":false},"author":1,"featured_media":0,"parent":30,"menu_order":5,"comment_status":"closed","ping_status":"closed","template":"","meta":{"_acf_changed":false,"inline_featured_image":false,"footnotes":""},"class_list":["post-42","page","type-page","status-publish","hentry"],"acf":[],"_links":{"self":[{"href":"\/docs-gik-b4p\/wp-json\/wp\/v2\/pages\/42","targetHints":{"allow":["GET"]}}],"collection":[{"href":"\/docs-gik-b4p\/wp-json\/wp\/v2\/pages"}],"about":[{"href":"\/docs-gik-b4p\/wp-json\/wp\/v2\/types\/page"}],"author":[{"embeddable":true,"href":"\/docs-gik-b4p\/wp-json\/wp\/v2\/users\/1"}],"replies":[{"embeddable":true,"href":"\/docs-gik-b4p\/wp-json\/wp\/v2\/comments?post=42"}],"version-history":[{"count":10,"href":"\/docs-gik-b4p\/wp-json\/wp\/v2\/pages\/42\/revisions"}],"predecessor-version":[{"id":850,"href":"\/docs-gik-b4p\/wp-json\/wp\/v2\/pages\/42\/revisions\/850"}],"up":[{"embeddable":true,"href":"\/docs-gik-b4p\/wp-json\/wp\/v2\/pages\/30"}],"wp:attachment":[{"href":"\/docs-gik-b4p\/wp-json\/wp\/v2\/media?parent=42"}],"curies":[{"name":"wp","href":"https:\/\/api.w.org\/{rel}","templated":true}]}}