{"id":37,"date":"2020-09-28T12:06:48","date_gmt":"2020-09-28T12:06:48","guid":{"rendered":"\/docs-gik-b4p\/kontextmenue-rechte-maustaste\/"},"modified":"2020-12-15T08:18:43","modified_gmt":"2020-12-15T08:18:43","slug":"kontextmenue-rechte-maustaste","status":"publish","type":"page","link":"\/docs-gik-b4p\/hilfe\/tabellierung\/kontextmenue-rechte-maustaste\/","title":{"rendered":"Kontextmen\u00fc rechte Maustaste"},"content":{"rendered":"\n<p>\u00dcber das Kontextmen\u00fc der rechten Maustaste werden drei verschiedene Funktionen bereitgestellt:<\/p>\n\n\n\n<ul class=\"wp-block-list\"><li>Es k\u00f6nnen Zeilen und Spalten als Strukturen abgespeichert werden (Siehe <a href=\"\/docs-gik-b4p\/hilfe\/die-programmoberflaeche\/laden-und-speichern\/\" data-type=\"page\" data-id=\"24\">Laden und Speichern<\/a>).<\/li><li>Gro\u00dfe Teile der Tabellierung (Zeilen, Spalten und die gesamte Tabelle) k\u00f6nnen mit einem Klick gel\u00f6scht werden.<\/li><li>Die Option <em>Autoscroll<\/em> bewirkt, dass der Fokus beim Hineinziehen weiterer Merkmale immer auf das Ende der Tabelle gesetzt wird.<\/li><\/ul>\n\n\n\n<figure class=\"wp-block-image size-large\"><a href=\"\/docs-gik-b4p\/wp-content\/uploads\/sites\/3\/2020\/10\/Tabelle7.png\"><img loading=\"lazy\" decoding=\"async\" width=\"385\" height=\"220\" src=\"\/docs-gik-b4p\/wp-content\/uploads\/sites\/3\/2020\/10\/Tabelle7.png\" alt=\"\" class=\"wp-image-180\" srcset=\"\/docs-gik-b4p\/wp-content\/uploads\/sites\/3\/2020\/10\/Tabelle7.png 385w, \/docs-gik-b4p\/wp-content\/uploads\/sites\/3\/2020\/10\/Tabelle7-300x171.png 300w\" sizes=\"auto, (max-width: 385px) 100vw, 385px\" \/><\/a><\/figure>\n","protected":false},"excerpt":{"rendered":"<p>\u00dcber das Kontextmen\u00fc der rechten Maustaste werden drei verschiedene Funktionen bereitgestellt: Es k\u00f6nnen Zeilen und Spalten als Strukturen abgespeichert werden (Siehe Laden und Speichern). Gro\u00dfe Teile der Tabellierung (Zeilen, Spalten und die gesamte Tabelle) k\u00f6nnen mit einem Klick gel\u00f6scht werden. Die Option Autoscroll bewirkt, dass der Fokus beim Hineinziehen weiterer Merkmale immer auf das Ende [&hellip;]<\/p>\n","protected":false},"author":1,"featured_media":0,"parent":30,"menu_order":0,"comment_status":"closed","ping_status":"closed","template":"","meta":{"_acf_changed":false,"inline_featured_image":false,"footnotes":""},"class_list":["post-37","page","type-page","status-publish","hentry"],"acf":[],"_links":{"self":[{"href":"\/docs-gik-b4p\/wp-json\/wp\/v2\/pages\/37","targetHints":{"allow":["GET"]}}],"collection":[{"href":"\/docs-gik-b4p\/wp-json\/wp\/v2\/pages"}],"about":[{"href":"\/docs-gik-b4p\/wp-json\/wp\/v2\/types\/page"}],"author":[{"embeddable":true,"href":"\/docs-gik-b4p\/wp-json\/wp\/v2\/users\/1"}],"replies":[{"embeddable":true,"href":"\/docs-gik-b4p\/wp-json\/wp\/v2\/comments?post=37"}],"version-history":[{"count":4,"href":"\/docs-gik-b4p\/wp-json\/wp\/v2\/pages\/37\/revisions"}],"predecessor-version":[{"id":841,"href":"\/docs-gik-b4p\/wp-json\/wp\/v2\/pages\/37\/revisions\/841"}],"up":[{"embeddable":true,"href":"\/docs-gik-b4p\/wp-json\/wp\/v2\/pages\/30"}],"wp:attachment":[{"href":"\/docs-gik-b4p\/wp-json\/wp\/v2\/media?parent=37"}],"curies":[{"name":"wp","href":"https:\/\/api.w.org\/{rel}","templated":true}]}}