{"id":329,"date":"2020-10-08T10:36:50","date_gmt":"2020-10-08T10:36:50","guid":{"rendered":"\/docs-gik-b4p\/?page_id=329"},"modified":"2020-12-15T07:45:24","modified_gmt":"2020-12-15T07:45:24","slug":"designoptionen","status":"publish","type":"page","link":"\/docs-gik-b4p\/hilfe\/die-programmoberflaeche\/charts\/designoptionen\/","title":{"rendered":"Designoptionen"},"content":{"rendered":"\n<p>Die Standardansicht ist ein S\u00e4ulendiagramm, in welchem die erste Spalte der Tabelle abgebildet wird. Mithilfe der Designoptionen stehen Ihnen eine Reihe an M\u00f6glichkeiten zur Verf\u00fcgung Ihr Chart entsprechend Ihrer Vorstellungen zu gestalten, wie beispielsweise die Hinzunahme weiterer Spalten in die Darstellung.<\/p>\n\n\n\n<figure class=\"wp-block-image size-large\"><a href=\"\/docs-gik-b4p\/wp-content\/uploads\/sites\/3\/2020\/10\/Designoptionen-2.png\"><img loading=\"lazy\" decoding=\"async\" width=\"1024\" height=\"660\" src=\"\/docs-gik-b4p\/wp-content\/uploads\/sites\/3\/2020\/10\/Designoptionen-2-1024x660.png\" alt=\"\" class=\"wp-image-587\" srcset=\"\/docs-gik-b4p\/wp-content\/uploads\/sites\/3\/2020\/10\/Designoptionen-2-1024x660.png 1024w, \/docs-gik-b4p\/wp-content\/uploads\/sites\/3\/2020\/10\/Designoptionen-2-300x193.png 300w, \/docs-gik-b4p\/wp-content\/uploads\/sites\/3\/2020\/10\/Designoptionen-2-768x495.png 768w, \/docs-gik-b4p\/wp-content\/uploads\/sites\/3\/2020\/10\/Designoptionen-2.png 1030w\" sizes=\"auto, (max-width: 1024px) 100vw, 1024px\" \/><\/a><\/figure>\n\n\n\n<p>Mit Ausnahme der Serieneinstellung werden alle Designoptionen wie Linienst\u00e4rke, Gitteranzeige und die Achsendarstellung bis zur n\u00e4chsten \u00c4nderung gespeichert.<\/p>\n\n\n\n<h2 class=\"wp-block-heading\">Serien<\/h2>\n\n\n\n<h3 class=\"wp-block-heading\">Auswahl der darzustellenden Spalten<\/h3>\n\n\n\n<div class=\"wp-block-media-text alignwide is-stacked-on-mobile\" style=\"grid-template-columns:32% auto\"><figure class=\"wp-block-media-text__media\"><a href=\"\/docs-gik-b4p\/wp-content\/uploads\/sites\/3\/2020\/10\/charts1-1.png\"><img loading=\"lazy\" decoding=\"async\" width=\"272\" height=\"205\" src=\"\/docs-gik-b4p\/wp-content\/uploads\/sites\/3\/2020\/10\/charts1-1.png\" alt=\"\" class=\"wp-image-430 size-full\" \/><\/a><\/figure><div class=\"wp-block-media-text__content\">\n<p>Zur Auswahl stehen alle (markierten) Spalten der Auswertungstabelle. Per Drag &amp; Drop kann die Reihenfolge der Leistungswerte oder Zielgruppen ge\u00e4ndert werden ohne in die Tabelle zur\u00fcckzukehren.<\/p>\n<\/div><\/div>\n\n\n\n<h3 class=\"wp-block-heading\" id=\"Charttypen-kombinieren\">Charttypen kombinieren<\/h3>\n\n\n\n<div class=\"wp-block-media-text alignwide is-stacked-on-mobile\" style=\"grid-template-columns:36% auto\"><figure class=\"wp-block-media-text__media\"><a href=\"\/docs-gik-b4p\/wp-content\/uploads\/sites\/3\/2020\/10\/Serien_Einstellungen.png\"><img loading=\"lazy\" decoding=\"async\" width=\"370\" height=\"128\" src=\"\/docs-gik-b4p\/wp-content\/uploads\/sites\/3\/2020\/10\/Serien_Einstellungen.png\" alt=\"\" class=\"wp-image-593 size-full\" srcset=\"\/docs-gik-b4p\/wp-content\/uploads\/sites\/3\/2020\/10\/Serien_Einstellungen.png 370w, \/docs-gik-b4p\/wp-content\/uploads\/sites\/3\/2020\/10\/Serien_Einstellungen-300x104.png 300w\" sizes=\"auto, (max-width: 370px) 100vw, 370px\" \/><\/a><\/figure><div class=\"wp-block-media-text__content\">\n<p>Nach Deaktivierung der <em>Globalen Einstellung<\/em> w\u00e4hlen Sie den alternativen Typ und die Achse. Die <em>Prim\u00e4re Achse <\/em>gibt die Skalierung der Y-Achse vor. \u00dcber die Auswahl der <a href=\"#Achsen\">Sekund\u00e4ren Achse<\/a> wird die Datenreihe unabh\u00e4ngig von der Skala der Prim\u00e4ren Achse auf einer Sekund\u00e4ren Achse in die bestehende Darstellung eingepasst.<\/p>\n<\/div><\/div>\n\n\n\n<div class=\"wp-block-media-text alignwide is-stacked-on-mobile\" style=\"grid-template-columns:36% auto\"><figure class=\"wp-block-media-text__media\"><a href=\"\/docs-gik-b4p\/wp-content\/uploads\/sites\/3\/2020\/12\/chart-serien-farbe.png\"><img loading=\"lazy\" decoding=\"async\" width=\"475\" height=\"387\" src=\"\/docs-gik-b4p\/wp-content\/uploads\/sites\/3\/2020\/12\/chart-serien-farbe.png\" alt=\"\" class=\"wp-image-822 size-full\" srcset=\"\/docs-gik-b4p\/wp-content\/uploads\/sites\/3\/2020\/12\/chart-serien-farbe.png 475w, \/docs-gik-b4p\/wp-content\/uploads\/sites\/3\/2020\/12\/chart-serien-farbe-300x244.png 300w\" sizes=\"auto, (max-width: 475px) 100vw, 475px\" \/><\/a><\/figure><div class=\"wp-block-media-text__content\">\n<p>Auch die Farbe, in der die Serie dargestellt wird, k\u00f6nnen Sie ver\u00e4ndern.<\/p>\n<\/div><\/div>\n\n\n\n<h2 class=\"wp-block-heading\">Serienart<\/h2>\n\n\n\n<div class=\"wp-block-media-text alignwide is-stacked-on-mobile\" style=\"grid-template-columns:28% auto\"><figure class=\"wp-block-media-text__media\"><a href=\"\/docs-gik-b4p\/wp-content\/uploads\/sites\/3\/2020\/10\/Serienart.png\"><img loading=\"lazy\" decoding=\"async\" width=\"255\" height=\"324\" src=\"\/docs-gik-b4p\/wp-content\/uploads\/sites\/3\/2020\/10\/Serienart.png\" alt=\"\" class=\"wp-image-524 size-full\" srcset=\"\/docs-gik-b4p\/wp-content\/uploads\/sites\/3\/2020\/10\/Serienart.png 255w, \/docs-gik-b4p\/wp-content\/uploads\/sites\/3\/2020\/10\/Serienart-236x300.png 236w\" sizes=\"auto, (max-width: 255px) 100vw, 255px\" \/><\/a><\/figure><div class=\"wp-block-media-text__content\">\n<p>Zur Veranschaulichung der Ergebnisse kann an dieser Stelle der Diagrammtyp angepasst werden.<\/p>\n<\/div><\/div>\n\n\n\n<h2 class=\"wp-block-heading\">Reihe in<\/h2>\n\n\n\n<div class=\"wp-block-media-text alignwide is-stacked-on-mobile\" style=\"grid-template-columns:31% auto\"><figure class=\"wp-block-media-text__media\"><a href=\"\/docs-gik-b4p\/wp-content\/uploads\/sites\/3\/2020\/10\/charts5.png\"><img loading=\"lazy\" decoding=\"async\" width=\"274\" height=\"67\" src=\"\/docs-gik-b4p\/wp-content\/uploads\/sites\/3\/2020\/10\/charts5.png\" alt=\"\" class=\"wp-image-527 size-full\" \/><\/a><\/figure><div class=\"wp-block-media-text__content\">\n<p>\u00dcber diese Auswahl kann die Orientierung der Datenreihen in der Grafik ge\u00e4ndert werden. <\/p>\n\n\n\n<p>Damit ist es z.B. m\u00f6glich, in der Zeitreihe Ergebnisse mehrerer Jahrg\u00e4nge in einem Chart abzubilden.<\/p>\n<\/div><\/div>\n\n\n\n<h2 class=\"wp-block-heading\" id=\"Eintr\u00e4ge-pro-Seite\">Anzahl<\/h2>\n\n\n\n<div class=\"wp-block-media-text alignwide is-stacked-on-mobile\" style=\"grid-template-columns:31% auto\"><figure class=\"wp-block-media-text__media\"><a href=\"\/docs-gik-b4p\/wp-content\/uploads\/sites\/3\/2020\/10\/charts6.png\"><img loading=\"lazy\" decoding=\"async\" width=\"274\" height=\"68\" src=\"\/docs-gik-b4p\/wp-content\/uploads\/sites\/3\/2020\/10\/charts6.png\" alt=\"\" class=\"wp-image-528 size-full\" \/><\/a><\/figure><div class=\"wp-block-media-text__content\">\n<p>Die Anzahl der dargestellten Zeilen pro Grafik kann \u00fcber die Auswahl <em>Anzahl <\/em>frei gew\u00e4hlt werden. <\/p>\n\n\n\n<p>F\u00fcr eine Eingrenzung der Merkmale ist die R\u00fcckkehr in die Tabellierung \/ Rangreihe nicht notwendig.<\/p>\n<\/div><\/div>\n\n\n\n<h2 class=\"wp-block-heading\">Marker<\/h2>\n\n\n\n<div class=\"wp-block-media-text alignwide is-stacked-on-mobile\" style=\"grid-template-columns:31% auto\"><figure class=\"wp-block-media-text__media\"><a href=\"\/docs-gik-b4p\/wp-content\/uploads\/sites\/3\/2020\/12\/chart-serien-marker.png\"><img loading=\"lazy\" decoding=\"async\" width=\"277\" height=\"224\" src=\"\/docs-gik-b4p\/wp-content\/uploads\/sites\/3\/2020\/12\/chart-serien-marker.png\" alt=\"\" class=\"wp-image-826 size-full\" \/><\/a><\/figure><div class=\"wp-block-media-text__content\">\n<p>Die Anzeige von Datenpunkten zum Kennzeichnen einzelner Datenwerte ist optional. Gr\u00f6\u00dfe und Form des Markers sind hier festzulegen.<\/p>\n<\/div><\/div>\n\n\n\n<h2 class=\"wp-block-heading\">Punktbeschriftungen<\/h2>\n\n\n\n<div class=\"wp-block-media-text alignwide is-stacked-on-mobile\" style=\"grid-template-columns:31% auto\"><figure class=\"wp-block-media-text__media\"><a href=\"\/docs-gik-b4p\/wp-content\/uploads\/sites\/3\/2020\/12\/chart-serien-punktbeschriftungen-1.png\"><img loading=\"lazy\" decoding=\"async\" width=\"277\" height=\"148\" src=\"\/docs-gik-b4p\/wp-content\/uploads\/sites\/3\/2020\/12\/chart-serien-punktbeschriftungen-1.png\" alt=\"\" class=\"wp-image-825 size-full\" \/><\/a><\/figure><div class=\"wp-block-media-text__content\">\n<p>Die Beschriftung der einzelnen Datenpunkte kann ebenfalls angepasst und optional ausgeblendet werden. <\/p>\n\n\n\n<p>Weiterhin ist die Verortung der Punktbeschriftungen innerhalb des Charts anpassbar.<\/p>\n<\/div><\/div>\n\n\n\n<h2 class=\"wp-block-heading\">3D<\/h2>\n\n\n\n<div class=\"wp-block-media-text alignwide is-stacked-on-mobile\" style=\"grid-template-columns:31% auto\"><figure class=\"wp-block-media-text__media\"><a href=\"\/docs-gik-b4p\/wp-content\/uploads\/sites\/3\/2020\/12\/chart-serien-3d.png\"><img loading=\"lazy\" decoding=\"async\" width=\"274\" height=\"175\" src=\"\/docs-gik-b4p\/wp-content\/uploads\/sites\/3\/2020\/12\/chart-serien-3d.png\" alt=\"\" class=\"wp-image-827 size-full\" \/><\/a><\/figure><div class=\"wp-block-media-text__content\">\n<p>Das gesamte Chart kann dreidimensional dargestellt und die Winkel angepasst werden.<\/p>\n<\/div><\/div>\n\n\n\n<h2 class=\"wp-block-heading\">Legende<\/h2>\n\n\n\n<div class=\"wp-block-media-text alignwide is-stacked-on-mobile\" style=\"grid-template-columns:31% auto\"><figure class=\"wp-block-media-text__media\"><a href=\"\/docs-gik-b4p\/wp-content\/uploads\/sites\/3\/2020\/10\/Legende1.png\"><img loading=\"lazy\" decoding=\"async\" width=\"270\" height=\"63\" src=\"\/docs-gik-b4p\/wp-content\/uploads\/sites\/3\/2020\/10\/Legende1.png\" alt=\"\" class=\"wp-image-537 size-full\" \/><\/a><\/figure><div class=\"wp-block-media-text__content\">\n<p>In der Legende werden die Serienbezeichnungen angezeigt. Ob und an welcher Stelle im Chart diese angezeigt werden sollen, l\u00e4sst sich hier festlegen.<\/p>\n<\/div><\/div>\n\n\n\n<h2 class=\"wp-block-heading\" id=\"Achsen\">X-Achse, Y-Achse und sekund\u00e4re Achse<\/h2>\n\n\n\n<div class=\"wp-block-media-text alignwide is-stacked-on-mobile\" style=\"grid-template-columns:31% auto\"><figure class=\"wp-block-media-text__media\"><a href=\"\/docs-gik-b4p\/wp-content\/uploads\/sites\/3\/2020\/12\/chart-serien-x-achse.png\"><img loading=\"lazy\" decoding=\"async\" width=\"279\" height=\"186\" src=\"\/docs-gik-b4p\/wp-content\/uploads\/sites\/3\/2020\/12\/chart-serien-x-achse.png\" alt=\"\" class=\"wp-image-828 size-full\" \/><\/a><\/figure><div class=\"wp-block-media-text__content\">\n<p>Die Achsenbeschriftungen k\u00f6nnen bei Bedarf ausgeblendet oder farblich ver\u00e4ndert werden. Die Gitterlinien lassen sich ebenfalls ausblenden.<\/p>\n\n\n\n<p>Die Optionen Beschriftung anzeigen, staffeln und Winkel stehen nur f\u00fcr die X Achse zur Verf\u00fcgung. Hiermit l\u00e4sst sich die Anordnung langer Beschriftungen optimieren.<\/p>\n<\/div><\/div>\n\n\n\n<p>Die sekund\u00e4re Achse sollte bei der Darstellung zweier von einander <a href=\"\/docs-gik-b4p\/wp-admin\/post.php?post=329&amp;action=edit#Charttypen-kombinieren\">unabh\u00e4ngiger Grafen<\/a> eingeblendet werden. Verwenden Sie die sekund\u00e4re Achse, wenn die Grafen stark verschiedene Wertebereiche aufweisen, wie die Hochrechnung in Mio. und der TNP.<\/p>\n\n\n\n<h2 class=\"wp-block-heading\">Hintergrund \/ Plotbereich<\/h2>\n\n\n\n<div class=\"wp-block-media-text alignwide is-stacked-on-mobile\" style=\"grid-template-columns:31% auto\"><figure class=\"wp-block-media-text__media\"><a href=\"\/docs-gik-b4p\/wp-content\/uploads\/sites\/3\/2020\/12\/chart-serien-hintergrund.png\"><img loading=\"lazy\" decoding=\"async\" width=\"281\" height=\"167\" src=\"\/docs-gik-b4p\/wp-content\/uploads\/sites\/3\/2020\/12\/chart-serien-hintergrund.png\" alt=\"\" class=\"wp-image-830 size-full\" \/><\/a><\/figure><div class=\"wp-block-media-text__content\">\n<p>Farbe und Farbverlauf f\u00fcr Hintergrund und Plotbereich k\u00f6nnen jeweils getrennt angepasst werden. Rahmen lassen sich um Chart und Plotbereich festlegen.<\/p>\n<\/div><\/div>\n\n\n\n<h2 class=\"wp-block-heading\">Liniendiagramm<\/h2>\n\n\n\n<div class=\"wp-block-media-text alignwide is-stacked-on-mobile\" style=\"grid-template-columns:31% auto\"><figure class=\"wp-block-media-text__media\"><a href=\"\/docs-gik-b4p\/wp-content\/uploads\/sites\/3\/2020\/12\/chart-serien-liniendiagramm.png\"><img loading=\"lazy\" decoding=\"async\" width=\"277\" height=\"69\" src=\"\/docs-gik-b4p\/wp-content\/uploads\/sites\/3\/2020\/12\/chart-serien-liniendiagramm.png\" alt=\"\" class=\"wp-image-831 size-full\" \/><\/a><\/figure><div class=\"wp-block-media-text__content\">\n<p>F\u00fcr Liniendiagramme l\u00e4sst sich die Breite der Linie im Chart anpassen.<\/p>\n<\/div><\/div>\n\n\n\n<h2 class=\"wp-block-heading\">Tortendiagramm<\/h2>\n\n\n\n<div class=\"wp-block-media-text alignwide is-stacked-on-mobile\" style=\"grid-template-columns:31% auto\"><figure class=\"wp-block-media-text__media\"><a href=\"\/docs-gik-b4p\/wp-content\/uploads\/sites\/3\/2020\/12\/chart-serien-tortendiagramm.png\"><img loading=\"lazy\" decoding=\"async\" width=\"278\" height=\"84\" src=\"\/docs-gik-b4p\/wp-content\/uploads\/sites\/3\/2020\/12\/chart-serien-tortendiagramm.png\" alt=\"\" class=\"wp-image-832 size-full\" \/><\/a><\/figure><div class=\"wp-block-media-text__content\">\n<p>F\u00fcr Tortendiagramme kann die Schwelle, ab der Segmente zusammengefasst werden, festgelegt werden.<\/p>\n\n\n\n<p>Die kleinsten Segmente werden entsprechend des vorgegebenen Schwellenwerts zu einem Restsegment mit der Bezeichnung <em>Other<\/em> zusammengefasst.<\/p>\n<\/div><\/div>\n\n\n\n<h2 class=\"wp-block-heading\">Blasendiagramm<\/h2>\n\n\n\n<div class=\"wp-block-media-text alignwide is-stacked-on-mobile\" style=\"grid-template-columns:31% auto\"><figure class=\"wp-block-media-text__media\"><a href=\"\/docs-gik-b4p\/wp-content\/uploads\/sites\/3\/2020\/12\/chart-serien-blasendiagramm.png\"><img loading=\"lazy\" decoding=\"async\" width=\"277\" height=\"107\" src=\"\/docs-gik-b4p\/wp-content\/uploads\/sites\/3\/2020\/12\/chart-serien-blasendiagramm.png\" alt=\"\" class=\"wp-image-833 size-full\" \/><\/a><\/figure><div class=\"wp-block-media-text__content\">\n<p>F\u00fcr Blasendiagramme lassen sich Form, Farbe und Gr\u00f6\u00dfe der Blasen konfigurieren.<\/p>\n<\/div><\/div>\n\n\n\n<h2 class=\"wp-block-heading\">Titel<\/h2>\n\n\n\n<div class=\"wp-block-media-text alignwide is-stacked-on-mobile\" style=\"grid-template-columns:31% auto\"><figure class=\"wp-block-media-text__media\"><a href=\"\/docs-gik-b4p\/wp-content\/uploads\/sites\/3\/2020\/12\/chart-serien-titel.png\"><img loading=\"lazy\" decoding=\"async\" width=\"276\" height=\"85\" src=\"\/docs-gik-b4p\/wp-content\/uploads\/sites\/3\/2020\/12\/chart-serien-titel.png\" alt=\"\" class=\"wp-image-834 size-full\" \/><\/a><\/figure><div class=\"wp-block-media-text__content\">\n<p>Oberhalb der Grafik werden Studientitel, Gewicht und Zielgruppe angezeigt. Diese Informationen k\u00f6nnen hier ausgeblendet werden.<\/p>\n<\/div><\/div>\n\n\n\n<h2 class=\"wp-block-heading\">Export<\/h2>\n\n\n\n<p>Der Export von Charts im Excel- und PowerPoint-Format erlaubt eine weitere Bearbeitung des Charts im jeweiligen Programm. Als Bitmap sind die Formate JPEG, PNG, GIF und BMP vorgesehen. Die Gr\u00f6\u00dfe des Bitmaps kann vorgegeben werden.<\/p>\n\n\n\n<figure class=\"wp-block-gallery columns-2 wp-block-gallery-1 is-layout-flex wp-block-gallery-is-layout-flex\"><ul class=\"blocks-gallery-grid\"><li class=\"blocks-gallery-item\"><figure><a href=\"\/docs-gik-b4p\/wp-content\/uploads\/sites\/3\/2020\/10\/Charts_Export-1.png\"><img decoding=\"async\" src=\"\/docs-gik-b4p\/wp-content\/uploads\/sites\/3\/2020\/10\/Charts_Export-1.png\" alt=\"\" data-id=\"561\" data-link=\"\/docs-gik-b4p\/test-charts\/designoptionen\/charts_export-1\/\" class=\"wp-image-561\" \/><\/a><\/figure><\/li><li class=\"blocks-gallery-item\"><figure><a href=\"\/docs-gik-b4p\/wp-content\/uploads\/sites\/3\/2020\/10\/Bitmap_Optionen.png\"><img loading=\"lazy\" decoding=\"async\" width=\"257\" height=\"197\" src=\"\/docs-gik-b4p\/wp-content\/uploads\/sites\/3\/2020\/10\/Bitmap_Optionen.png\" alt=\"\" data-id=\"562\" data-full-url=\"\/docs-gik-b4p\/wp-content\/uploads\/sites\/3\/2020\/10\/Bitmap_Optionen.png\" data-link=\"\/docs-gik-b4p\/test-charts\/designoptionen\/bitmap_optionen\/\" class=\"wp-image-562\" \/><\/a><\/figure><\/li><\/ul><\/figure>\n","protected":false},"excerpt":{"rendered":"<p>Die Standardansicht ist ein S\u00e4ulendiagramm, in welchem die erste Spalte der Tabelle abgebildet wird. Mithilfe der Designoptionen stehen Ihnen eine Reihe an M\u00f6glichkeiten zur Verf\u00fcgung Ihr Chart entsprechend Ihrer Vorstellungen zu gestalten, wie beispielsweise die Hinzunahme weiterer Spalten in die Darstellung. Mit Ausnahme der Serieneinstellung werden alle Designoptionen wie Linienst\u00e4rke, Gitteranzeige und die Achsendarstellung bis [&hellip;]<\/p>\n","protected":false},"author":8,"featured_media":0,"parent":33,"menu_order":1,"comment_status":"closed","ping_status":"closed","template":"","meta":{"_acf_changed":false,"inline_featured_image":false,"footnotes":""},"class_list":["post-329","page","type-page","status-publish","hentry"],"acf":[],"_links":{"self":[{"href":"\/docs-gik-b4p\/wp-json\/wp\/v2\/pages\/329","targetHints":{"allow":["GET"]}}],"collection":[{"href":"\/docs-gik-b4p\/wp-json\/wp\/v2\/pages"}],"about":[{"href":"\/docs-gik-b4p\/wp-json\/wp\/v2\/types\/page"}],"author":[{"embeddable":true,"href":"\/docs-gik-b4p\/wp-json\/wp\/v2\/users\/8"}],"replies":[{"embeddable":true,"href":"\/docs-gik-b4p\/wp-json\/wp\/v2\/comments?post=329"}],"version-history":[{"count":27,"href":"\/docs-gik-b4p\/wp-json\/wp\/v2\/pages\/329\/revisions"}],"predecessor-version":[{"id":835,"href":"\/docs-gik-b4p\/wp-json\/wp\/v2\/pages\/329\/revisions\/835"}],"up":[{"embeddable":true,"href":"\/docs-gik-b4p\/wp-json\/wp\/v2\/pages\/33"}],"wp:attachment":[{"href":"\/docs-gik-b4p\/wp-json\/wp\/v2\/media?parent=329"}],"curies":[{"name":"wp","href":"https:\/\/api.w.org\/{rel}","templated":true}]}}