{"id":32,"date":"2020-09-28T12:04:31","date_gmt":"2020-09-28T12:04:31","guid":{"rendered":"\/docs-gik-b4p\/targeting\/"},"modified":"2020-12-15T08:47:46","modified_gmt":"2020-12-15T08:47:46","slug":"targeting","status":"publish","type":"page","link":"\/docs-gik-b4p\/hilfe\/targeting\/","title":{"rendered":"Targeting"},"content":{"rendered":"\n<h2 class=\"wp-block-heading\">Insights gewinnen<\/h2>\n\n\n\n<p>Die genaue Zielgruppenansprache ist eine wichtige Voraussetzung f\u00fcr jede Werbekampagne &#8211; das Modul Targeting bietet mit der Visualisierung einen schnellen \u00dcberblick \u00fcber die Position der gew\u00e4hlten Zielgruppen und Angebote im Markt. \u00dcber die Affinit\u00e4t gegen\u00fcber der <a href=\"\/docs-gik-b4p\/hilfe\/die-programmoberflaeche\/referenzgruppenpanel\/\">Referenzgruppe<\/a> (Vergleichszielgruppe) und dem Prozentanteil an der <a href=\"\/docs-gik-b4p\/hilfe\/die-programmoberflaeche\/zielgruppenpanel\/\">Basiszielgruppe<\/a> wird die Position in dem Diagramm bestimmt.<\/p>\n\n\n\n<div class=\"wp-block-image\"><figure class=\"aligncenter size-large is-resized\"><a href=\"\/docs-gik-b4p\/wp-content\/uploads\/sites\/3\/2020\/10\/Targeting_1neu.png\"><img loading=\"lazy\" decoding=\"async\" src=\"\/docs-gik-b4p\/wp-content\/uploads\/sites\/3\/2020\/10\/Targeting_1neu-1024x490.png\" alt=\"\" class=\"wp-image-142\" width=\"635\" height=\"302\" srcset=\"\/docs-gik-b4p\/wp-content\/uploads\/sites\/3\/2020\/10\/Targeting_1neu-300x144.png 300w, \/docs-gik-b4p\/wp-content\/uploads\/sites\/3\/2020\/10\/Targeting_1neu-768x367.png 768w\" sizes=\"auto, (max-width: 635px) 100vw, 635px\" \/><\/a><\/figure><\/div>\n\n\n\n<p>Im Modul Targeting l\u00e4sst sich z.B. eine erste Auswahl von passenden Medien f\u00fcr die definierte Zielgruppe vornehmen: <\/p>\n\n\n\n<ul class=\"wp-block-list\"><li>Die \u00fcberdurchschnittliche Nutzung von Smartphones (Nr. 3) in der Gruppe der 30-39-J\u00e4hrigen ist im Diagramm sofort ablesbar.<\/li><li>Die Printausgabe des Titels Ratgeber &#8211; Meine Apotheke (Nr. 2) wird, anders als Der Spiegel (Nr. 1) von M\u00e4nnern in der Altersklasse 30-39 Jahre kaum genutzt.<\/li><\/ul>\n\n\n\n<h2 class=\"wp-block-heading\">Bedienung<\/h2>\n\n\n\n<p>Per Drag &amp; Drop ziehen Sie Ihre Zielgruppen oder Medien direkt aus dem Codeplan in die Auswertungstabelle. Alternativ k\u00f6nnen die Zielgruppen aus der Tabellierung ins Targeting \u00fcbernommen werden.<\/p>\n\n\n\n<figure class=\"wp-block-image size-large\"><a href=\"\/docs-gik-b4p\/wp-content\/uploads\/sites\/3\/2020\/10\/Targeting_2neu-2.png\"><img loading=\"lazy\" decoding=\"async\" width=\"316\" height=\"95\" src=\"\/docs-gik-b4p\/wp-content\/uploads\/sites\/3\/2020\/10\/Targeting_2neu-2.png\" alt=\"\" class=\"wp-image-664\" srcset=\"\/docs-gik-b4p\/wp-content\/uploads\/sites\/3\/2020\/10\/Targeting_2neu-2.png 316w, \/docs-gik-b4p\/wp-content\/uploads\/sites\/3\/2020\/10\/Targeting_2neu-2-300x90.png 300w\" sizes=\"auto, (max-width: 316px) 100vw, 316px\" \/><\/a><\/figure>\n\n\n\n<p>Die Darstellung im Diagramm kann \u00fcber den Button <em>Texte in Grafik<\/em> ge\u00e4ndert werden.<\/p>\n\n\n\n<figure class=\"wp-block-image size-large\"><a href=\"\/docs-gik-b4p\/wp-content\/uploads\/sites\/3\/2020\/10\/Targeting_3neu.png\"><img loading=\"lazy\" decoding=\"async\" width=\"1024\" height=\"493\" src=\"\/docs-gik-b4p\/wp-content\/uploads\/sites\/3\/2020\/10\/Targeting_3neu-1024x493.png\" alt=\"\" class=\"wp-image-148\" srcset=\"\/docs-gik-b4p\/wp-content\/uploads\/sites\/3\/2020\/10\/Targeting_3neu-1024x493.png 1024w, \/docs-gik-b4p\/wp-content\/uploads\/sites\/3\/2020\/10\/Targeting_3neu-300x144.png 300w, \/docs-gik-b4p\/wp-content\/uploads\/sites\/3\/2020\/10\/Targeting_3neu-768x370.png 768w, \/docs-gik-b4p\/wp-content\/uploads\/sites\/3\/2020\/10\/Targeting_3neu.png 1063w\" sizes=\"auto, (max-width: 1024px) 100vw, 1024px\" \/><\/a><\/figure>\n\n\n\n<p><\/p>\n","protected":false},"excerpt":{"rendered":"<p>Insights gewinnen Die genaue Zielgruppenansprache ist eine wichtige Voraussetzung f\u00fcr jede Werbekampagne &#8211; das Modul Targeting bietet mit der Visualisierung einen schnellen \u00dcberblick \u00fcber die Position der gew\u00e4hlten Zielgruppen und Angebote im Markt. \u00dcber die Affinit\u00e4t gegen\u00fcber der Referenzgruppe (Vergleichszielgruppe) und dem Prozentanteil an der Basiszielgruppe wird die Position in dem Diagramm bestimmt. Im Modul [&hellip;]<\/p>\n","protected":false},"author":1,"featured_media":0,"parent":6,"menu_order":3,"comment_status":"closed","ping_status":"closed","template":"","meta":{"_acf_changed":false,"inline_featured_image":false,"footnotes":""},"class_list":["post-32","page","type-page","status-publish","hentry"],"acf":[],"_links":{"self":[{"href":"\/docs-gik-b4p\/wp-json\/wp\/v2\/pages\/32","targetHints":{"allow":["GET"]}}],"collection":[{"href":"\/docs-gik-b4p\/wp-json\/wp\/v2\/pages"}],"about":[{"href":"\/docs-gik-b4p\/wp-json\/wp\/v2\/types\/page"}],"author":[{"embeddable":true,"href":"\/docs-gik-b4p\/wp-json\/wp\/v2\/users\/1"}],"replies":[{"embeddable":true,"href":"\/docs-gik-b4p\/wp-json\/wp\/v2\/comments?post=32"}],"version-history":[{"count":6,"href":"\/docs-gik-b4p\/wp-json\/wp\/v2\/pages\/32\/revisions"}],"predecessor-version":[{"id":866,"href":"\/docs-gik-b4p\/wp-json\/wp\/v2\/pages\/32\/revisions\/866"}],"up":[{"embeddable":true,"href":"\/docs-gik-b4p\/wp-json\/wp\/v2\/pages\/6"}],"wp:attachment":[{"href":"\/docs-gik-b4p\/wp-json\/wp\/v2\/media?parent=32"}],"curies":[{"name":"wp","href":"https:\/\/api.w.org\/{rel}","templated":true}]}}