{"id":293,"date":"2020-10-08T09:44:22","date_gmt":"2020-10-08T09:44:22","guid":{"rendered":"\/docs-gik-b4p\/hilfe\/tabellierung\/tabellenlayout\/spalten-gruppieren\/"},"modified":"2020-12-04T11:25:30","modified_gmt":"2020-12-04T11:25:30","slug":"spalten-gruppieren","status":"publish","type":"page","link":"\/docs-gik-b4p\/hilfe\/tabellierung\/tabellenlayout\/spalten-gruppieren\/","title":{"rendered":"Spalten gruppieren"},"content":{"rendered":"\n<p>Merkmale werden in den Spalten des Tabellenkopfes auf zwei Ebenen beschrieben: die Merkmals\u00fcberschrift wird in der oberen Zeile, die Auspr\u00e4gungen in der zweiten Zeile des Tabellenkopfes ausgewiesen. Die Anpassung der dargestellten \u00dcberschriften erfolgt analog der <a href=\"\/docs-gik-b4p\/hilfe\/tabellierung\/tabellenlayout\/zeilen-gruppieren\/\">Gruppieren von Zeilen<\/a>.<\/p>\n\n\n\n<div class=\"wp-block-media-text alignwide is-stacked-on-mobile\" style=\"grid-template-columns:46% auto\"><figure class=\"wp-block-media-text__media\"><a href=\"\/docs-gik-b4p\/wp-content\/uploads\/sites\/3\/2020\/10\/tabellenlayout14-.png\"><img loading=\"lazy\" decoding=\"async\" width=\"416\" height=\"114\" src=\"\/docs-gik-b4p\/wp-content\/uploads\/sites\/3\/2020\/10\/tabellenlayout14-.png\" alt=\"\" class=\"wp-image-294\" srcset=\"\/docs-gik-b4p\/wp-content\/uploads\/sites\/3\/2020\/10\/tabellenlayout14-.png 416w, \/docs-gik-b4p\/wp-content\/uploads\/sites\/3\/2020\/10\/tabellenlayout14--300x82.png 300w\" sizes=\"auto, (max-width: 416px) 100vw, 416px\" \/><\/a><\/figure><div class=\"wp-block-media-text__content\">\n<p>Die im Layout festgelegte Anzahl \u00dcberschriften wird ber\u00fccksichtigt.<\/p>\n<\/div><\/div>\n\n\n\n<figure class=\"wp-block-image size-large\"><a href=\"\/docs-gik-b4p\/wp-content\/uploads\/sites\/3\/2020\/10\/tabellenlayout15.png\"><img loading=\"lazy\" decoding=\"async\" width=\"822\" height=\"283\" src=\"\/docs-gik-b4p\/wp-content\/uploads\/sites\/3\/2020\/10\/tabellenlayout15.png\" alt=\"\" class=\"wp-image-299\" srcset=\"\/docs-gik-b4p\/wp-content\/uploads\/sites\/3\/2020\/10\/tabellenlayout15.png 822w, \/docs-gik-b4p\/wp-content\/uploads\/sites\/3\/2020\/10\/tabellenlayout15-300x103.png 300w, \/docs-gik-b4p\/wp-content\/uploads\/sites\/3\/2020\/10\/tabellenlayout15-768x264.png 768w\" sizes=\"auto, (max-width: 822px) 100vw, 822px\" \/><\/a><figcaption>Standarddarstellung Spalten gruppieren: Ja &#8211; Gruppierte Spalten mit zwei \u00dcberschriften<\/figcaption><\/figure>\n\n\n\n<figure class=\"wp-block-image size-large\"><a href=\"\/docs-gik-b4p\/wp-content\/uploads\/sites\/3\/2020\/10\/tabellenlayout16.png\"><img loading=\"lazy\" decoding=\"async\" width=\"819\" height=\"212\" src=\"\/docs-gik-b4p\/wp-content\/uploads\/sites\/3\/2020\/10\/tabellenlayout16.png\" alt=\"\" class=\"wp-image-301\" srcset=\"\/docs-gik-b4p\/wp-content\/uploads\/sites\/3\/2020\/10\/tabellenlayout16.png 819w, \/docs-gik-b4p\/wp-content\/uploads\/sites\/3\/2020\/10\/tabellenlayout16-300x78.png 300w, \/docs-gik-b4p\/wp-content\/uploads\/sites\/3\/2020\/10\/tabellenlayout16-768x199.png 768w\" sizes=\"auto, (max-width: 819px) 100vw, 819px\" \/><\/a><figcaption>Spalten gruppieren: Nein, integrierte \u00dcberschriften<\/figcaption><\/figure>\n","protected":false},"excerpt":{"rendered":"<p>Merkmale werden in den Spalten des Tabellenkopfes auf zwei Ebenen beschrieben: die Merkmals\u00fcberschrift wird in der oberen Zeile, die Auspr\u00e4gungen in der zweiten Zeile des Tabellenkopfes ausgewiesen. Die Anpassung der dargestellten \u00dcberschriften erfolgt analog der Gruppieren von Zeilen. Die im Layout festgelegte Anzahl \u00dcberschriften wird ber\u00fccksichtigt.<\/p>\n","protected":false},"author":1,"featured_media":0,"parent":42,"menu_order":2,"comment_status":"closed","ping_status":"closed","template":"","meta":{"_acf_changed":false,"inline_featured_image":false,"footnotes":""},"class_list":["post-293","page","type-page","status-publish","hentry"],"acf":[],"_links":{"self":[{"href":"\/docs-gik-b4p\/wp-json\/wp\/v2\/pages\/293","targetHints":{"allow":["GET"]}}],"collection":[{"href":"\/docs-gik-b4p\/wp-json\/wp\/v2\/pages"}],"about":[{"href":"\/docs-gik-b4p\/wp-json\/wp\/v2\/types\/page"}],"author":[{"embeddable":true,"href":"\/docs-gik-b4p\/wp-json\/wp\/v2\/users\/1"}],"replies":[{"embeddable":true,"href":"\/docs-gik-b4p\/wp-json\/wp\/v2\/comments?post=293"}],"version-history":[{"count":7,"href":"\/docs-gik-b4p\/wp-json\/wp\/v2\/pages\/293\/revisions"}],"predecessor-version":[{"id":730,"href":"\/docs-gik-b4p\/wp-json\/wp\/v2\/pages\/293\/revisions\/730"}],"up":[{"embeddable":true,"href":"\/docs-gik-b4p\/wp-json\/wp\/v2\/pages\/42"}],"wp:attachment":[{"href":"\/docs-gik-b4p\/wp-json\/wp\/v2\/media?parent=293"}],"curies":[{"name":"wp","href":"https:\/\/api.w.org\/{rel}","templated":true}]}}