{"id":25,"date":"2020-09-28T11:57:51","date_gmt":"2020-09-28T11:57:51","guid":{"rendered":"\/docs-gik-b4p\/layout\/"},"modified":"2020-12-15T07:22:15","modified_gmt":"2020-12-15T07:22:15","slug":"layout","status":"publish","type":"page","link":"\/docs-gik-b4p\/hilfe\/die-programmoberflaeche\/layout\/","title":{"rendered":"Layout"},"content":{"rendered":"\n<div class=\"wp-block-media-text alignwide is-stacked-on-mobile\" style=\"grid-template-columns:38% auto\"><figure class=\"wp-block-media-text__media\"><a href=\"\/docs-gik-b4p\/wp-content\/uploads\/sites\/3\/2020\/10\/Layout1-e1602671293225.png\"><img loading=\"lazy\" decoding=\"async\" width=\"239\" height=\"115\" src=\"\/docs-gik-b4p\/wp-content\/uploads\/sites\/3\/2020\/10\/Layout1-e1602671293225.png\" alt=\"\" class=\"wp-image-595 size-full\" \/><\/a><\/figure><div class=\"wp-block-media-text__content\">\n<p>In der Layout-Eingabemaske k\u00f6nnen verschiedene Layout-Profile f\u00fcr unterschiedliche Auswertungen angelegt werden. <\/p>\n\n\n\n<p>\u00dcber das Pulldown-Men\u00fc rechts neben dem Button <em>Layout <\/em>w\u00e4hlen Sie aus der Liste ein Profil, um das Tabellenlayout zu \u00e4ndern. <\/p>\n\n\n\n<p>Bei Programmstart wird das als Standard definierte Tabellen-Layout geladen.<\/p>\n<\/div><\/div>\n\n\n\n<p>Weitere Informationen zum Layout finden Sie im Kapitel <a href=\"\/docs-gik-b4p\/hilfe\/tabellierung\/tabellenlayout\/\">Tabellenlayout<\/a>.<\/p>\n","protected":false},"excerpt":{"rendered":"<p>In der Layout-Eingabemaske k\u00f6nnen verschiedene Layout-Profile f\u00fcr unterschiedliche Auswertungen angelegt werden. \u00dcber das Pulldown-Men\u00fc rechts neben dem Button Layout w\u00e4hlen Sie aus der Liste ein Profil, um das Tabellenlayout zu \u00e4ndern. Bei Programmstart wird das als Standard definierte Tabellen-Layout geladen. Weitere Informationen zum Layout finden Sie im Kapitel Tabellenlayout.<\/p>\n","protected":false},"author":1,"featured_media":0,"parent":28,"menu_order":8,"comment_status":"closed","ping_status":"closed","template":"","meta":{"_acf_changed":false,"inline_featured_image":false,"footnotes":""},"class_list":["post-25","page","type-page","status-publish","hentry"],"acf":[],"_links":{"self":[{"href":"\/docs-gik-b4p\/wp-json\/wp\/v2\/pages\/25","targetHints":{"allow":["GET"]}}],"collection":[{"href":"\/docs-gik-b4p\/wp-json\/wp\/v2\/pages"}],"about":[{"href":"\/docs-gik-b4p\/wp-json\/wp\/v2\/types\/page"}],"author":[{"embeddable":true,"href":"\/docs-gik-b4p\/wp-json\/wp\/v2\/users\/1"}],"replies":[{"embeddable":true,"href":"\/docs-gik-b4p\/wp-json\/wp\/v2\/comments?post=25"}],"version-history":[{"count":9,"href":"\/docs-gik-b4p\/wp-json\/wp\/v2\/pages\/25\/revisions"}],"predecessor-version":[{"id":816,"href":"\/docs-gik-b4p\/wp-json\/wp\/v2\/pages\/25\/revisions\/816"}],"up":[{"embeddable":true,"href":"\/docs-gik-b4p\/wp-json\/wp\/v2\/pages\/28"}],"wp:attachment":[{"href":"\/docs-gik-b4p\/wp-json\/wp\/v2\/media?parent=25"}],"curies":[{"name":"wp","href":"https:\/\/api.w.org\/{rel}","templated":true}]}}