{"id":24,"date":"2020-09-28T11:57:51","date_gmt":"2020-09-28T11:57:51","guid":{"rendered":"\/docs-gik-b4p\/laden-und-speichern\/"},"modified":"2020-12-15T07:21:53","modified_gmt":"2020-12-15T07:21:53","slug":"laden-und-speichern","status":"publish","type":"page","link":"\/docs-gik-b4p\/hilfe\/die-programmoberflaeche\/laden-und-speichern\/","title":{"rendered":"Laden und Speichern"},"content":{"rendered":"\n<p>Gesamte Auswertungen werden \u00fcber das Icon in der Symbolleiste gespeichert und geladen.<\/p>\n\n\n\n<figure class=\"wp-block-image size-large\"><a href=\"\/docs-gik-b4p\/wp-content\/uploads\/sites\/3\/2020\/10\/laden5c.png\"><img loading=\"lazy\" decoding=\"async\" width=\"706\" height=\"32\" src=\"\/docs-gik-b4p\/wp-content\/uploads\/sites\/3\/2020\/10\/laden5c.png\" alt=\"\" class=\"wp-image-590\" srcset=\"\/docs-gik-b4p\/wp-content\/uploads\/sites\/3\/2020\/10\/laden5c.png 706w, \/docs-gik-b4p\/wp-content\/uploads\/sites\/3\/2020\/10\/laden5c-300x14.png 300w\" sizes=\"auto, (max-width: 706px) 100vw, 706px\" \/><\/a><\/figure>\n\n\n\n<p>Spalten und Zeilen einer Tabelle speichern Sie \u00fcber das Feld <em>Tabellierung <\/em>im Tabellenkopf.<\/p>\n\n\n\n<figure class=\"wp-block-image size-large\"><a href=\"\/docs-gik-b4p\/wp-content\/uploads\/sites\/3\/2020\/09\/struktur-speichern.png\"><img loading=\"lazy\" decoding=\"async\" width=\"345\" height=\"155\" src=\"\/docs-gik-b4p\/wp-content\/uploads\/sites\/3\/2020\/09\/struktur-speichern.png\" alt=\"\" class=\"wp-image-86\" srcset=\"\/docs-gik-b4p\/wp-content\/uploads\/sites\/3\/2020\/09\/struktur-speichern.png 345w, \/docs-gik-b4p\/wp-content\/uploads\/sites\/3\/2020\/09\/struktur-speichern-300x135.png 300w\" sizes=\"auto, (max-width: 345px) 100vw, 345px\" \/><\/a><\/figure>\n\n\n\n<p>Es \u00f6ffnet sich jeweils ein Dialogfenster, in dem Sie angeben k\u00f6nnen wo und unter welchen Namen Sie Ihre Definition speichern m\u00f6chten.<\/p>\n\n\n\n<p>Im linken Fenster befindet sich die Verzeichnisstruktur, im rechten die bereits gespeicherten Definitionen. Der Dateiname wird rechts in der unteren Zeile eingegeben.<\/p>\n\n\n\n<figure class=\"wp-block-image size-large\"><a href=\"\/docs-gik-b4p\/wp-content\/uploads\/sites\/3\/2020\/09\/laden2.png\"><img loading=\"lazy\" decoding=\"async\" width=\"540\" height=\"182\" src=\"\/docs-gik-b4p\/wp-content\/uploads\/sites\/3\/2020\/09\/laden2.png\" alt=\"\" class=\"wp-image-87\" srcset=\"\/docs-gik-b4p\/wp-content\/uploads\/sites\/3\/2020\/09\/laden2.png 540w, \/docs-gik-b4p\/wp-content\/uploads\/sites\/3\/2020\/09\/laden2-300x101.png 300w\" sizes=\"auto, (max-width: 540px) 100vw, 540px\" \/><\/a><\/figure>\n\n\n\n<p>Unter <em>Private Dateien<\/em> speichern Sie Dateien, auf die nur Sie (\u00fcber Ihre pers\u00f6nliche Nutzerkennung) Zugriff haben.<\/p>\n\n\n\n<p>Als Speicherort wird standardm\u00e4\u00dfig das Verzeichnis der ge\u00f6ffneten Studie gesetzt \u2013 zu erkennen am Sternchen.<\/p>\n\n\n\n<p>Es ist m\u00f6glich, neue Ordner einzurichten und bereits gespeicherte Dateien dorthin zu kopieren oder zu verschieben.<\/p>\n\n\n\n<figure class=\"wp-block-table is-style-stripes\"><table><tbody><tr><td>Dateien <em>kopieren<\/em><\/td><td>[STRG] + per Drag &amp; Drop auf den Ziel-Ordner ziehen<\/td><\/tr><tr><td>Dateien <em>verschieben<\/em><\/td><td>per Drag &amp; Drop auf den Ziel-Ordner ziehen<\/td><\/tr><\/tbody><\/table><\/figure>\n\n\n\n<p>Um in der Auswertung auf ein Verzeichnis zugreifen zu k\u00f6nnen, deklarieren Sie es \u00fcber das Men\u00fc der rechten Maustaste als <em>Standard-Verzeichnis<\/em>.<\/p>\n\n\n\n<h2 class=\"wp-block-heading\">Verzeichnisstruktur<\/h2>\n\n\n\n<p>Auf dem <em>Men\u00fc der rechten Maustaste<\/em> stehen folgende Optionen zur Verf\u00fcgung:<\/p>\n\n\n\n<figure class=\"wp-block-image size-large\"><a href=\"\/docs-gik-b4p\/wp-content\/uploads\/sites\/3\/2020\/10\/laden5a.png\"><img loading=\"lazy\" decoding=\"async\" width=\"625\" height=\"253\" src=\"\/docs-gik-b4p\/wp-content\/uploads\/sites\/3\/2020\/10\/laden5a.png\" alt=\"\" class=\"wp-image-582\" srcset=\"\/docs-gik-b4p\/wp-content\/uploads\/sites\/3\/2020\/10\/laden5a.png 625w, \/docs-gik-b4p\/wp-content\/uploads\/sites\/3\/2020\/10\/laden5a-300x121.png 300w\" sizes=\"auto, (max-width: 625px) 100vw, 625px\" \/><\/a><\/figure>\n\n\n\n<h3 class=\"wp-block-heading\">Verzeichnis umbenennen<\/h3>\n\n\n\n<p>Bereits vorhandenen Verzeichnisse k\u00f6nnen hier umbenannt werden.<\/p>\n\n\n\n<h3 class=\"wp-block-heading\">Verzeichnis erstellen<\/h3>\n\n\n\n<p>Dateien werden standardm\u00e4\u00dfig im Standard-Verzeichnis abgelegt. Es ist jedoch m\u00f6glich, eigene Verzeichnisse zu erstellen und diese als Speicherort zu verwenden.<\/p>\n\n\n\n<h3 class=\"wp-block-heading\">Verzeichnis l\u00f6schen<\/h3>\n\n\n\n<p>Bereits vorhandene Verzeichnisse k\u00f6nnen gel\u00f6scht werden. Die Dateien, die sich im Verzeichnis befinden, werden ebenfalls gel\u00f6scht.<\/p>\n\n\n\n<h3 class=\"wp-block-heading\">Standard-Verzeichnis<\/h3>\n\n\n\n<p>Jedes Verzeichnis kann als Standard-Verzeichnis deklariert werden. Das mit einem Sternchen gekennzeichnete Verzeichnis wird zum aktuellen Speicherort und wird damit auf der Programmoberfl\u00e4che angezeigt.<\/p>\n\n\n\n<h3 class=\"wp-block-heading\">Inbox<\/h3>\n\n\n\n<p>Das Verzeichnis dient als Postkasten f\u00fcr zugesandte Dateien. Von hier aus k\u00f6nnen Dateien in jedes beliebige Verzeichnis verschoben oder kopiert werden.<\/p>\n\n\n\n<h2 class=\"wp-block-heading\">Gespeicherte Dateien<\/h2>\n\n\n\n<p>Wenn Sie mit der Maus \u00fcber eine gespeicherte Datei hovern, werden Ihnen verschiedene Optionen angezeigt:<\/p>\n\n\n\n<figure class=\"wp-block-image size-large\"><a href=\"\/docs-gik-b4p\/wp-content\/uploads\/sites\/3\/2020\/10\/laden5b.png\"><img loading=\"lazy\" decoding=\"async\" width=\"362\" height=\"142\" src=\"\/docs-gik-b4p\/wp-content\/uploads\/sites\/3\/2020\/10\/laden5b.png\" alt=\"\" class=\"wp-image-586\" srcset=\"\/docs-gik-b4p\/wp-content\/uploads\/sites\/3\/2020\/10\/laden5b.png 362w, \/docs-gik-b4p\/wp-content\/uploads\/sites\/3\/2020\/10\/laden5b-300x118.png 300w\" sizes=\"auto, (max-width: 362px) 100vw, 362px\" \/><\/a><\/figure>\n\n\n\n<h3 class=\"wp-block-heading\">An Benutzer\/Gruppe verschicken<\/h3>\n\n\n\n<p>Gespeicherte Dateien k\u00f6nnen an andere Benutzer verschickt werden. Die Datei wird in der Inbox des angegebenen Adressaten abgelegt.<\/p>\n\n\n\n<h3 class=\"wp-block-heading\">Datei umbenennen \/ l\u00f6schen<\/h3>\n\n\n\n<p>\u00dcber das Stift-Symbol kann der Dateiname umbenannt, \u00fcber das Kreuzsymbol die Datei gel\u00f6scht werden.<\/p>\n\n\n\n<h2 class=\"wp-block-heading\">Gespeicherte Dateien verwenden<\/h2>\n\n\n\n<p>Gespeicherte Zielgruppen- , Spalten- und Zeilendefinitionen werden am Anfang des Codeplans in den Ordnern <em>Eigene Zielgruppen<\/em> oder <em>Eigene Strukturen<\/em> unterhalb der tempor\u00e4ren Zielgruppen angezeigt.<\/p>\n\n\n\n<figure class=\"wp-block-image size-large\"><a href=\"\/docs-gik-b4p\/wp-content\/uploads\/sites\/3\/2020\/09\/laden4.png\"><img loading=\"lazy\" decoding=\"async\" width=\"260\" height=\"171\" src=\"\/docs-gik-b4p\/wp-content\/uploads\/sites\/3\/2020\/09\/laden4.png\" alt=\"\" class=\"wp-image-109\" \/><\/a><\/figure>\n\n\n\n<p>Im Ordner <em>Tempor\u00e4re Zielgruppen<\/em> werden aktuell gebildete, aber nicht abgespeicherte Zielgruppen angezeigt.<\/p>\n\n\n\n<p>Tempor\u00e4re Zielgruppen stehen nur bis zum Schlie\u00dfen der Anwendung zur Verf\u00fcgung.<\/p>\n","protected":false},"excerpt":{"rendered":"<p>Gesamte Auswertungen werden \u00fcber das Icon in der Symbolleiste gespeichert und geladen. Spalten und Zeilen einer Tabelle speichern Sie \u00fcber das Feld Tabellierung im Tabellenkopf. Es \u00f6ffnet sich jeweils ein Dialogfenster, in dem Sie angeben k\u00f6nnen wo und unter welchen Namen Sie Ihre Definition speichern m\u00f6chten. Im linken Fenster befindet sich die Verzeichnisstruktur, im rechten [&hellip;]<\/p>\n","protected":false},"author":1,"featured_media":0,"parent":28,"menu_order":7,"comment_status":"closed","ping_status":"closed","template":"","meta":{"_acf_changed":false,"inline_featured_image":false,"footnotes":""},"class_list":["post-24","page","type-page","status-publish","hentry"],"acf":[],"_links":{"self":[{"href":"\/docs-gik-b4p\/wp-json\/wp\/v2\/pages\/24","targetHints":{"allow":["GET"]}}],"collection":[{"href":"\/docs-gik-b4p\/wp-json\/wp\/v2\/pages"}],"about":[{"href":"\/docs-gik-b4p\/wp-json\/wp\/v2\/types\/page"}],"author":[{"embeddable":true,"href":"\/docs-gik-b4p\/wp-json\/wp\/v2\/users\/1"}],"replies":[{"embeddable":true,"href":"\/docs-gik-b4p\/wp-json\/wp\/v2\/comments?post=24"}],"version-history":[{"count":23,"href":"\/docs-gik-b4p\/wp-json\/wp\/v2\/pages\/24\/revisions"}],"predecessor-version":[{"id":815,"href":"\/docs-gik-b4p\/wp-json\/wp\/v2\/pages\/24\/revisions\/815"}],"up":[{"embeddable":true,"href":"\/docs-gik-b4p\/wp-json\/wp\/v2\/pages\/28"}],"wp:attachment":[{"href":"\/docs-gik-b4p\/wp-json\/wp\/v2\/media?parent=24"}],"curies":[{"name":"wp","href":"https:\/\/api.w.org\/{rel}","templated":true}]}}