{"id":228,"date":"2020-10-08T08:31:41","date_gmt":"2020-10-08T08:31:41","guid":{"rendered":"\/docs-gik-b4p\/hilfe\/zielgruppendefinition\/die-zielgruppenbox\/gewicht\/"},"modified":"2020-12-14T08:47:58","modified_gmt":"2020-12-14T08:47:58","slug":"gewicht","status":"publish","type":"page","link":"\/docs-gik-b4p\/hilfe\/zielgruppe\/die-zielgruppenbox\/gewicht\/","title":{"rendered":"Gewicht"},"content":{"rendered":"\n<p>Die Zielgruppen-Gewichtung erm\u00f6glicht, den Einfluss von bestimmten Personengruppen f\u00fcr eine Z\u00e4hlung zu reduzieren, falls diese Personengruppe f\u00fcr die Auswertung von geringer Bedeutung ist. Standardm\u00e4\u00dfig ist das Gewicht f\u00fcr alle Merkmale (Personengruppen) auf 100 gesetzt.<br>Der Dialog erm\u00f6glicht die Reduktion oder Erh\u00f6hung des Gewichts f\u00fcr einzelne oder zusammengefasste Zielgruppen.<\/p>\n\n\n\n<figure class=\"wp-block-image size-large\"><a href=\"\/docs-gik-b4p\/wp-content\/uploads\/sites\/3\/2020\/10\/ZGBox7.png\"><img loading=\"lazy\" decoding=\"async\" width=\"548\" height=\"224\" src=\"\/docs-gik-b4p\/wp-content\/uploads\/sites\/3\/2020\/10\/ZGBox7.png\" alt=\"\" class=\"wp-image-385\" srcset=\"\/docs-gik-b4p\/wp-content\/uploads\/sites\/3\/2020\/10\/ZGBox7.png 548w, \/docs-gik-b4p\/wp-content\/uploads\/sites\/3\/2020\/10\/ZGBox7-300x123.png 300w\" sizes=\"auto, (max-width: 548px) 100vw, 548px\" \/><\/a><\/figure>\n\n\n\n<h2 class=\"wp-block-heading\">Beispiel Zielgruppengewichtung<\/h2>\n\n\n\n<p>F\u00fcr die Auswertung Ausstattung des geplanten PKW sollen die Angaben der Frauen nur zu 50% ber\u00fccksichtigt werden.<\/p>\n\n\n\n<p>Die 2. Zielgruppe ber\u00fccksichtigt alle M\u00e4nner (14.893 F\u00e4lle) und Frauen zu 50% (7.642 F\u00e4lle)<\/p>\n\n\n\n<p>Gegen\u00fcber der regul\u00e4r gewichteten 1. Zielgruppe <em>M\u00e4nner oder Frauen<\/em> (Gewicht jeweils 100% = 30.178 F\u00e4lle) ist die gewichtete 2. Zielgruppe um den halben Frauenanteil reduziert: 30.178 \u2013 7.642 = 22.536 F\u00e4lle.<\/p>\n\n\n\n<figure class=\"wp-block-image size-large\"><a href=\"\/docs-gik-b4p\/wp-content\/uploads\/sites\/3\/2020\/10\/ZGBox8.png\"><img loading=\"lazy\" decoding=\"async\" width=\"518\" height=\"434\" src=\"\/docs-gik-b4p\/wp-content\/uploads\/sites\/3\/2020\/10\/ZGBox8.png\" alt=\"\" class=\"wp-image-388\" srcset=\"\/docs-gik-b4p\/wp-content\/uploads\/sites\/3\/2020\/10\/ZGBox8.png 518w, \/docs-gik-b4p\/wp-content\/uploads\/sites\/3\/2020\/10\/ZGBox8-300x251.png 300w\" sizes=\"auto, (max-width: 518px) 100vw, 518px\" \/><\/a><\/figure>\n\n\n\n<figure class=\"wp-block-image size-large is-resized\"><a href=\"\/docs-gik-b4p\/wp-content\/uploads\/sites\/3\/2020\/10\/ZGBox9.png\"><img loading=\"lazy\" decoding=\"async\" src=\"\/docs-gik-b4p\/wp-content\/uploads\/sites\/3\/2020\/10\/ZGBox9.png\" alt=\"\" class=\"wp-image-390\" width=\"582\" height=\"300\" srcset=\"\/docs-gik-b4p\/wp-content\/uploads\/sites\/3\/2020\/10\/ZGBox9.png 656w, \/docs-gik-b4p\/wp-content\/uploads\/sites\/3\/2020\/10\/ZGBox9-300x155.png 300w\" sizes=\"auto, (max-width: 582px) 100vw, 582px\" \/><\/a><figcaption>Zielgruppengewichtung<\/figcaption><\/figure>\n\n\n\n<p><\/p>\n","protected":false},"excerpt":{"rendered":"<p>Die Zielgruppen-Gewichtung erm\u00f6glicht, den Einfluss von bestimmten Personengruppen f\u00fcr eine Z\u00e4hlung zu reduzieren, falls diese Personengruppe f\u00fcr die Auswertung von geringer Bedeutung ist. Standardm\u00e4\u00dfig ist das Gewicht f\u00fcr alle Merkmale (Personengruppen) auf 100 gesetzt.Der Dialog erm\u00f6glicht die Reduktion oder Erh\u00f6hung des Gewichts f\u00fcr einzelne oder zusammengefasste Zielgruppen. Beispiel Zielgruppengewichtung F\u00fcr die Auswertung Ausstattung des geplanten [&hellip;]<\/p>\n","protected":false},"author":1,"featured_media":0,"parent":159,"menu_order":2,"comment_status":"closed","ping_status":"closed","template":"","meta":{"_acf_changed":false,"inline_featured_image":false,"footnotes":""},"class_list":["post-228","page","type-page","status-publish","hentry"],"acf":[],"_links":{"self":[{"href":"\/docs-gik-b4p\/wp-json\/wp\/v2\/pages\/228","targetHints":{"allow":["GET"]}}],"collection":[{"href":"\/docs-gik-b4p\/wp-json\/wp\/v2\/pages"}],"about":[{"href":"\/docs-gik-b4p\/wp-json\/wp\/v2\/types\/page"}],"author":[{"embeddable":true,"href":"\/docs-gik-b4p\/wp-json\/wp\/v2\/users\/1"}],"replies":[{"embeddable":true,"href":"\/docs-gik-b4p\/wp-json\/wp\/v2\/comments?post=228"}],"version-history":[{"count":6,"href":"\/docs-gik-b4p\/wp-json\/wp\/v2\/pages\/228\/revisions"}],"predecessor-version":[{"id":783,"href":"\/docs-gik-b4p\/wp-json\/wp\/v2\/pages\/228\/revisions\/783"}],"up":[{"embeddable":true,"href":"\/docs-gik-b4p\/wp-json\/wp\/v2\/pages\/159"}],"wp:attachment":[{"href":"\/docs-gik-b4p\/wp-json\/wp\/v2\/media?parent=228"}],"curies":[{"name":"wp","href":"https:\/\/api.w.org\/{rel}","templated":true}]}}